{"id":159,"date":"2025-10-13T10:01:01","date_gmt":"2025-10-13T10:01:01","guid":{"rendered":"https:\/\/aumonerie-catholique-chu.fr\/?page_id=159"},"modified":"2025-10-13T10:20:09","modified_gmt":"2025-10-13T10:20:09","slug":"mentions-legales","status":"publish","type":"page","link":"https:\/\/aumonerie-catholique-chu.fr\/index.php\/mentions-legales\/","title":{"rendered":"Mentions l\u00e9gales"},"content":{"rendered":"\n<p class=\"has-small-font-size\">Ce site est \u00e9dit\u00e9 par l&rsquo;Aum\u00f4nerie catholique du Groupe Sud du CHU de Bordeaux, dont le si\u00e8ge est \u00e0 : 1 avenue Magellan 33600 Pessac<\/p>\n\n\n\n<p class=\"has-small-font-size\">Nous avons choisi pour son h\u00e9bergement la soci\u00e9t\u00e9 :<\/p>\n\n\n\n<p class=\"has-small-font-size\">OVH &#8211; SAS au capital de 50 000 000 \u20ac &#8211; RCS Lille M\u00e9tropole 424 761 419 00045 &#8211; Code APE 2620Z &#8211; N\u00b0 TVA : FR 22 424 761 419 &#8211; Si\u00e8ge social : 2 rue Kellermann &#8211; 59100 Roubaix &#8211; France<\/p>\n\n\n\n<p class=\"has-small-font-size\">Le site internet sur lequel vous venez de vous connecter a \u00e9t\u00e9 \u00e9labor\u00e9 par\u00a0l&rsquo;aum\u00f4nerie catholique du Groupe Sud du CHU de Bordeaux (GS-CHU-B)\u00a0au profit de tous les internautes d\u00e9sireux de mieux conna\u00eetre ses activit\u00e9s.<\/p>\n\n\n\n<p class=\"has-small-font-size\">Ce site \u00e9tant le site institutionnel de l&rsquo;aum\u00f4nerie catholique (GS-CHU-B) et non pas un site marchand, les aspects conditions g\u00e9n\u00e9rales de vente et s\u00e9curit\u00e9 des modes de paiement ne sont pas abord\u00e9s dans la charte ci-dessous. La pr\u00e9sente charte et les principes qui en d\u00e9coulent peuvent \u00eatre modifi\u00e9s par l&rsquo;aum\u00f4nerie catholique du Groupe Sud du CHU de Bordeaux \u00e0 n\u2019importe quel moment.<\/p>\n\n\n\n<p class=\"has-small-font-size\">L&rsquo;aum\u00f4nerie catholique (GS-CHU-B) vous invite donc \u00e0 consulter r\u00e9guli\u00e8rement cette page de notre site.<\/p>\n\n\n\n<p class=\"has-small-font-size\">L&rsquo;aum\u00f4nerie catholique (GS-CHU-B) s\u2019engage \u00e0 \u00eatre transparent avec tous sur sa politique en mati\u00e8re de respect de la vie priv\u00e9e.<\/p>\n\n\n\n<p class=\"has-small-font-size\"><strong>DROIT D\u2019AUTEUR &#8211; COPYRIGHT \u00a9 &#8211; LIENS<\/strong><\/p>\n\n\n\n<p class=\"has-small-font-size\">Les droits de reproduction sont r\u00e9serv\u00e9s et strictement limit\u00e9s.<\/p>\n\n\n\n<p class=\"has-small-font-size\">Tous les droits de reproduction sont r\u00e9serv\u00e9s, y compris pour les documents t\u00e9l\u00e9chargeables et les repr\u00e9sentations photographiques. La reproduction de tout ou partie de ce site, sur quelque support que ce soit, est formellement interdite sauf autorisation expresse du responsable de la publication. Les documents ne peuvent faire l\u2019objet de copies qu\u2019\u00e0 titre d\u2019information, la copie \u00e9tant r\u00e9serv\u00e9e au seul usage priv\u00e9.<\/p>\n\n\n\n<p class=\"has-small-font-size\"><strong>LA CR\u00c9ATION DE LIENS VERS\u00a0<\/strong><a href=\"http:\/\/www.aumonerie-catholique-chu.fr\">www.aumonerie-catholique-chu.fr<\/a><\/p>\n\n\n\n<p class=\"has-small-font-size\">Le site de l&rsquo;aum\u00f4nerie catholique (GS-CHU-B) autorise la mise en place d\u2019un lien hypertexte pointant vers son contenu, sous r\u00e9serve de :<\/p>\n\n\n\n<ul class=\"wp-block-list\">\n<li class=\"has-small-font-size\">ne pas utiliser la technique du lien profond (\u00ab\u00a0deep linking\u00a0\u00bb), c\u2019est-\u00e0-dire que les pages du site\u00a0<a href=\"http:\/\/www.aumonerie-catholique-chu.fr\">www.aumonerie-catholique-chu.fr<\/a>\u00a0ne doivent pas \u00eatre imbriqu\u00e9es \u00e0 l\u2019int\u00e9rieur des pages d\u2019un autre site, mais accessible par l\u2019ouverture d\u2019une fen\u00eatre ;<\/li>\n\n\n\n<li class=\"has-small-font-size\">mentionner la source\u00a0<a href=\"http:\/\/www.aumonerie-catholique-chu.fr\">www.aumonerie-catholique-chu.fr<\/a>\u00a0du contenu vis\u00e9.<\/li>\n<\/ul>\n\n\n\n<p class=\"has-small-font-size\">Cette autorisation ne s\u2019applique pas aux sites Internet diffusant des informations \u00e0 caract\u00e8re pol\u00e9mique, pornographique, x\u00e9nophobe ou pouvant, dans une plus large mesure porter atteinte \u00e0 la sensibilit\u00e9 du plus grand nombre.<\/p>\n\n\n\n<p class=\"has-small-font-size\"><strong>DONN\u00c9ES PERSONNELLES<\/strong><\/p>\n\n\n\n<p class=\"has-small-font-size\">L\u2019utilisateur est inform\u00e9 que ses donn\u00e9es personnelles recueillies dans le cadre des formulaires de contacts et formulaire d\u2019inscription \u00e0 l\u2019alerte email font l\u2019objet d\u2019un traitement automatis\u00e9 par l&rsquo;aum\u00f4nerie catholique (GS-CHU-B). Les informations recueillies sont destin\u00e9es respectivement aux membres et services de la Communication.<\/p>\n\n\n\n<p class=\"has-small-font-size\">Certaines informations sp\u00e9cifiques demand\u00e9es dans les formulaires en ligne sont obligatoires. A noter que si leur saisie est erron\u00e9e, les informations ne sont pas envoy\u00e9es \u00e0 l&rsquo;aum\u00f4nerie catholique (GS-CHU-B).<\/p>\n\n\n\n<p class=\"has-small-font-size\">Vous pouvez exercer votre droit d\u2019acc\u00e8s aux informations et le cas \u00e9ch\u00e9ant votre droit de rectification en \u00e9crivant \u00e0 l&rsquo;aum\u00f4nerie catholique (GS-CHU-B). Les droits que vous d\u00e9tenez sur vos donn\u00e9es sont \u00e9tablis dans la loi \u00ab\u00a0Informatique et Libert\u00e9s\u00a0\u00bb du 6 janvier 1978 (articles 38 \u00e0 42 de la loi n\u00b0 78-17 du 6 janvier 1978 relative \u00e0 l\u2019informatique, aux fichiers et aux libert\u00e9s).<\/p>\n\n\n\n<p class=\"has-small-font-size\">Pour toute information sur la protection des donn\u00e9es personnelles, vous pouvez consulter le site de la Commission Informatique et Libert\u00e9.<\/p>\n\n\n\n<p class=\"has-small-font-size\"><strong>RESPONSABILIT\u00c9<\/strong><\/p>\n\n\n\n<p class=\"has-small-font-size\">L&rsquo;aum\u00f4nerie catholique (GS-CHU-B) s\u2019efforce d\u2019assurer au mieux de ses possibilit\u00e9s, l\u2019exactitude et la mise \u00e0 jour des informations diffus\u00e9es sur ce site, dont elle se r\u00e9serve le droit de corriger, \u00e0 tout moment et sans pr\u00e9avis, le contenu. Toutefois, elle ne peut garantir l\u2019exactitude, la pr\u00e9cision ou l\u2019exhaustivit\u00e9 des informations mises \u00e0 la disposition sur ce site.<\/p>\n\n\n\n<p class=\"has-small-font-size\"><strong>EN CONS\u00c9QUENCE, L&rsquo;AUM\u00d4NERIE CATHOLIQUE (GS-CHU-B) D\u00c9CLINE TOUTE RESPONSABILIT\u00c9 :<\/strong><\/p>\n\n\n\n<ul class=\"wp-block-list\">\n<li class=\"has-small-font-size\">pour toute interruption, suspension ou dysfonctionnement du site<\/li>\n\n\n\n<li class=\"has-small-font-size\">perte de donn\u00e9es<\/li>\n\n\n\n<li class=\"has-small-font-size\">survenance de bogues<\/li>\n\n\n\n<li class=\"has-small-font-size\">pour toute inexactitude ou omission portant sur des informations disponibles sur le site ;<\/li>\n\n\n\n<li class=\"has-small-font-size\">pour tous dommages r\u00e9sultant d\u2019une intrusion frauduleuse d\u2019un tiers ayant entra\u00een\u00e9 une modification des informations mises \u00e0 la disposition sur le site.<\/li>\n<\/ul>\n\n\n\n<p class=\"has-small-font-size\">\u00a9 2025 &#8211; Aum\u00f4nerie catholique du Groupe Sud du CHU de Bordeaux<\/p>\n","protected":false},"excerpt":{"rendered":"<p>Ce site est \u00e9dit\u00e9 par l&rsquo;Aum\u00f4nerie catholique du Groupe Sud du CHU de Bordeaux, dont le si\u00e8ge est \u00e0 : 1 avenue Magellan 33600 Pessac Nous avons choisi pour son h\u00e9bergement la soci\u00e9t\u00e9 : OVH &#8211; SAS au capital de 50 000 000 \u20ac &#8211; RCS Lille M\u00e9tropole 424 761 419 00045 &#8211; Code APE [&hellip;]<\/p>\n","protected":false},"author":1,"featured_media":0,"parent":0,"menu_order":0,"comment_status":"closed","ping_status":"closed","template":"","meta":{"footnotes":""},"class_list":["post-159","page","type-page","status-publish","hentry"],"_links":{"self":[{"href":"https:\/\/aumonerie-catholique-chu.fr\/index.php\/wp-json\/wp\/v2\/pages\/159","targetHints":{"allow":["GET"]}}],"collection":[{"href":"https:\/\/aumonerie-catholique-chu.fr\/index.php\/wp-json\/wp\/v2\/pages"}],"about":[{"href":"https:\/\/aumonerie-catholique-chu.fr\/index.php\/wp-json\/wp\/v2\/types\/page"}],"author":[{"embeddable":true,"href":"https:\/\/aumonerie-catholique-chu.fr\/index.php\/wp-json\/wp\/v2\/users\/1"}],"replies":[{"embeddable":true,"href":"https:\/\/aumonerie-catholique-chu.fr\/index.php\/wp-json\/wp\/v2\/comments?post=159"}],"version-history":[{"count":2,"href":"https:\/\/aumonerie-catholique-chu.fr\/index.php\/wp-json\/wp\/v2\/pages\/159\/revisions"}],"predecessor-version":[{"id":162,"href":"https:\/\/aumonerie-catholique-chu.fr\/index.php\/wp-json\/wp\/v2\/pages\/159\/revisions\/162"}],"wp:attachment":[{"href":"https:\/\/aumonerie-catholique-chu.fr\/index.php\/wp-json\/wp\/v2\/media?parent=159"}],"curies":[{"name":"wp","href":"https:\/\/api.w.org\/{rel}","templated":true}]}}