{"id":164,"date":"2025-10-13T10:22:07","date_gmt":"2025-10-13T10:22:07","guid":{"rendered":"https:\/\/aumonerie-catholique-chu.fr\/?page_id=164"},"modified":"2025-10-13T11:17:56","modified_gmt":"2025-10-13T11:17:56","slug":"rgpd","status":"publish","type":"page","link":"https:\/\/aumonerie-catholique-chu.fr\/index.php\/rgpd\/","title":{"rendered":"RGPD"},"content":{"rendered":"\n<p class=\"has-small-font-size\">La pr\u00e9sente politique relative \u00e0 la protection des donn\u00e9es personnelles (ci-apr\u00e8s la \u00ab Politique relative \u00e0 la Protection des Donn\u00e9es \u00bb) a pour objet d\u2019informer les visiteurs et les utilisateurs (ci-apr\u00e8s \u00ab Vous \u00bb) du site Internet\u00a0www.aumonerie-catholique-chu.fr\u00a0(ci-apr\u00e8s, ensemble, le \u00ab Site Internet \u00bb) sur les modalit\u00e9s selon lesquelles l&rsquo;Aum\u00f4nerie catholique du Groupe Sud du CHU de Bordeaux (ci-apr\u00e8s \u00ab\u00a0l&rsquo;Aum\u00f4nerie\u00a0\u00bb) proc\u00e8de au traitement de vos donn\u00e9es personnelles (ci-apr\u00e8s les \u00ab Donn\u00e9es Personnelles \u00bb ou les \u00ab Donn\u00e9es \u00bb) et sur les droits dont vous disposez \u00e0 cet \u00e9gard.<\/p>\n\n\n\n<p class=\"has-small-font-size\">L&rsquo;Aum\u00f4nerie accorde la plus grande importance et le plus grand soin \u00e0 la protection de vos Donn\u00e9es Personnelles.<\/p>\n\n\n\n<p class=\"has-small-font-size\">Note : l&rsquo;Aum\u00f4nerie peut \u00eatre amen\u00e9e \u00e0 modifier les termes de la pr\u00e9sente Politique relative \u00e0 la Protection des Donn\u00e9es, notamment en cas de mise en \u0153uvre d\u2019un nouveau traitement de Donn\u00e9es Personnelles. Vous \u00eates invit\u00e9 \u00e0 consulter cette page r\u00e9guli\u00e8rement afin de Vous assurer que Vous \u00eates en accord avec toute modification. Vous serez inform\u00e9 de ces modifications soit par une mention sp\u00e9ciale sur notre Site Internet, soit par une notification par email.<\/p>\n\n\n\n<p class=\"has-small-font-size\"><strong>1. Qu\u2019est-ce qu\u2019une \u00ab donn\u00e9e personnelle \u00bb ?&nbsp;<\/strong><\/p>\n\n\n\n<p class=\"has-small-font-size\">Une Donn\u00e9e Personnelle d\u00e9signe toute information ou ensemble d\u2019informations permettant de Vous identifier directement (ex. : vos nom, pr\u00e9nom, adresse email, adresse personnelle, etc.) ou indirectement (ex. : au moyen de donn\u00e9es pseudonymis\u00e9es telles qu\u2019un num\u00e9ro d\u2019identification unique, etc.). Les identifiants uniques peuvent \u00e9galement \u00eatre consid\u00e9r\u00e9s comme des Donn\u00e9es Personnelles comme, par exemple, l\u2019adresse IP de votre ordinateur.<\/p>\n\n\n\n<p class=\"has-small-font-size\"><strong>2. Qui sont les responsables du traitement charg\u00e9s de prot\u00e9ger vos Donn\u00e9es Personnelles ?<\/strong><\/p>\n\n\n\n<p class=\"has-small-font-size\">Un responsable du traitement est une entit\u00e9 qui d\u00e9termine les finalit\u00e9s et les moyens du traitement de vos Donn\u00e9es Personnelles et qui est responsable envers Vous du respect de la r\u00e9glementation applicable sur la protection des donn\u00e9es personnelles.<\/p>\n\n\n\n<p class=\"has-small-font-size\">S\u2019agissant de la gestion du Site Internet et des communications institutionnelles, l&rsquo;Aum\u00f4nerie est le responsable du traitement.<\/p>\n\n\n\n<p class=\"has-small-font-size\">Elle est joignable :<\/p>\n\n\n\n<ul class=\"wp-block-list\">\n<li class=\"has-small-font-size\">en utilisant le formulaire de contact accessible \u00e0 l\u2019adresse\u00a0https:\/\/www.aumonerie-catholique-chu.fr\/contact<\/li>\n\n\n\n<li class=\"has-small-font-size\">par courrier \u00e0 l\u2019adresse suivante :  1 avenue Magellan, 33600 Pessac, France.<\/li>\n<\/ul>\n\n\n\n<p class=\"has-small-font-size\">\u200b<strong>3. Pourquoi et comment utilisons-Nous les Donn\u00e9es Personnelles que Nous collectons ?\u00a0<\/strong><\/p>\n\n\n\n<p class=\"has-small-font-size\">3.1 Comment collectons-Nous vos Donn\u00e9es Personnelles ?&nbsp;<\/p>\n\n\n\n<p class=\"has-small-font-size\">Nous collectons vos Donn\u00e9es Personnelles selon les modalit\u00e9s suivantes :<\/p>\n\n\n\n<ul class=\"wp-block-list\">\n<li class=\"has-small-font-size\">directement aupr\u00e8s de Vous lorsque Vous utilisez notre Site Internet et nos services (en remplissant diff\u00e9rents formulaires figurant sur le Site Internet, en communiquant directement avec Nous par l\u2019interm\u00e9diaire de nos d\u00e9partements institutionnels, etc.) ;<\/li>\n\n\n\n<li class=\"has-small-font-size\">automatiquement lorsque Vous acc\u00e9dez au Site Internet ou lorsque Vous l\u2019utilisez (donn\u00e9es techniques, adresse IP, informations relatives \u00e0 votre navigation, etc.).<\/li>\n<\/ul>\n\n\n\n<p class=\"has-small-font-size\">3.2 Quelles sont les Donn\u00e9es que Nous collectons ?<\/p>\n\n\n\n<p class=\"has-small-font-size\">L&rsquo;Aum\u00f4nerie collecte plusieurs types de Donn\u00e9es Personnelles Vous concernant :<\/p>\n\n\n\n<p class=\"has-small-font-size\">Donn\u00e9es Personnelles que Nous collectons directement aupr\u00e8s de Vous<\/p>\n\n\n\n<p class=\"has-small-font-size\">Nous collectons des Donn\u00e9es Personnelles que vous nous communiquez directement lorsque Vous utilisez notre Site Internet.<\/p>\n\n\n\n<p class=\"has-small-font-size\">Tel est le cas, notamment, lorsque Vous :<\/p>\n\n\n\n<ul class=\"wp-block-list\">\n<li class=\"has-small-font-size\">interagissez avec nous au moyen des formulaires de contact,<\/li>\n<\/ul>\n\n\n\n<p class=\"has-small-font-size\">Les cat\u00e9gories de Donn\u00e9es Personnelles que Nous collectons comprennent :<\/p>\n\n\n\n<ul class=\"wp-block-list\">\n<li class=\"has-small-font-size\">Les informations d\u2019identification et de contact : \u00e0 savoir, vos nom, pr\u00e9nom, adresse email, informations n\u00e9cessaires \u00e0 votre identification lorsque Vous interagissez avec Nous,<\/li>\n<\/ul>\n\n\n\n<p class=\"has-small-font-size\">\u200b\u200bDonn\u00e9es Techniques collect\u00e9es par notre h\u00e9bergeur OVH.COM (informations relatives \u00e0 l\u2019appareil que Vous utilisez afin de Vous connecter et \u00e0 votre utilisation du Site Internet (telles que la version du syst\u00e8me d\u2019exploitation, le type de navigateur utilis\u00e9, l\u2019utilisation ou non d\u2019un proxy, l\u2019adresse IP, les temps d\u2019acc\u00e8s, les pages visit\u00e9es et le lien qui Vous a permis d\u2019acc\u00e9der \u00e0 notre Site Internet) etc.),\u00a0<\/p>\n\n\n\n<p class=\"has-small-font-size\">3.3 Sur quels fondements l\u00e9gaux et pour quelles finalit\u00e9s utilisons-Nous les Donn\u00e9es que Nous collectons ?<\/p>\n\n\n\n<p class=\"has-small-font-size\">Conform\u00e9ment \u00e0 la r\u00e9glementation applicable en mati\u00e8re de protection des donn\u00e9es personnelles, Nous ne collectons des Donn\u00e9es Personnelles que lorsque Nous disposons d\u2019un fondement l\u00e9gal \u00e0 cet effet.<\/p>\n\n\n\n<p class=\"has-small-font-size\">\u200bLes Donn\u00e9es Personnelles sont collect\u00e9es soit :<\/p>\n\n\n\n<p class=\"has-small-font-size\">(i) sur la base de votre consentement,<br>(ii) dans notre int\u00e9r\u00eat l\u00e9gitime,<br>(iii) afin de remplir nos obligations l\u00e9gales.<\/p>\n\n\n\n<p class=\"has-small-font-size\">\u200b(i) Nous collectons des Donn\u00e9es Personnelles sur la base de votre consentement pour les finalit\u00e9s suivantes:\u00a0<\/p>\n\n\n\n<ul class=\"wp-block-list\">\n<li class=\"has-small-font-size\">G\u00e9rer vos demandes et questions : Nous utilisons vos Donn\u00e9es afin de Vous transmettre les renseignements que Vous demandez,<\/li>\n<\/ul>\n\n\n\n<p class=\"has-small-font-size\">\u200b(ii) Nous collectons des Donn\u00e9es Personnelles sur la base de notre int\u00e9r\u00eat l\u00e9gitime pour les finalit\u00e9s suivantes:<\/p>\n\n\n\n<ul class=\"wp-block-list\">\n<li class=\"has-small-font-size\">Assurer la d\u00e9fense de nos int\u00e9r\u00eats en cas de litige ou d\u2019action en justice,<\/li>\n\n\n\n<li class=\"has-small-font-size\">G\u00e9rer la cyber-s\u00e9curit\u00e9 du Site Internet,\u00a0<\/li>\n\n\n\n<li class=\"has-small-font-size\">Pr\u00e9venir les agissements frauduleux afin d\u2019assurer la s\u00e9curit\u00e9 de nos actifs et contenus.<\/li>\n<\/ul>\n\n\n\n<p class=\"has-small-font-size\">\u200b(iii) Nous pouvons \u00e9galement \u00eatre amen\u00e9s \u00e0 conserver vos Donn\u00e9es Personnelles lorsque la loi Nous y oblige ou afin de faire valoir les droits dont Nous disposons en vertu de la loi.<\/p>\n\n\n\n<p class=\"has-small-font-size\">\u200b3.4 Qui a acc\u00e8s \u00e0 Vos Donn\u00e9es ?\u00a0<\/p>\n\n\n\n<p class=\"has-small-font-size\">3.4.1. Accessibilit\u00e9 au sein de l&rsquo;Aum\u00f4nerie<\/p>\n\n\n\n<p class=\"has-small-font-size\">Vos Donn\u00e9es sont trait\u00e9es par l&rsquo;Aum\u00f4nerie pour les finalit\u00e9s vis\u00e9es ci-dessus et ne sont accessibles qu\u2019aux membres du personnel de l&rsquo;Aum\u00f4nerie ayant besoin d\u2019en avoir connaissance dans le cadre de l\u2019exercice de leurs fonctions.<\/p>\n\n\n\n<p class=\"has-small-font-size\">\u00c0 cet \u00e9gard, vos Donn\u00e9es Personnelles sont trait\u00e9es par les d\u00e9partements suivants de l&rsquo;Aum\u00f4nerie :<\/p>\n\n\n\n<ul class=\"wp-block-list\">\n<li class=\"has-small-font-size\">Responsables de l&rsquo;Aum\u00f4nerie s\u2019agissant de la gestion de vos demandes et questions, et afin de Vous envoyer des r\u00e9ponses et visites physiques appropri\u00e9es ;<\/li>\n\n\n\n<li class=\"has-small-font-size\">Personnel religieux qualifi\u00e9 s&rsquo;agissant de vos demandes en mati\u00e8re sacramentelle.<\/li>\n<\/ul>\n\n\n\n<p class=\"has-small-font-size\">\u200b3.5 Combien de temps conservons-nous vos Donn\u00e9es?<\/p>\n\n\n\n<p class=\"has-small-font-size\">Vos Donn\u00e9es sont conserv\u00e9es pendant toute la dur\u00e9e n\u00e9cessaire \u00e0 la finalit\u00e9 pour laquelle elles ont \u00e9t\u00e9 collect\u00e9es et, en tout \u00e9tat de cause, seront d\u00e9truites \u00e0 l\u2019issue de cette dur\u00e9e.<\/p>\n\n\n\n<p class=\"has-small-font-size\"><strong>4. Quels sont vos droits concernant vos Donn\u00e9es ?<\/strong><\/p>\n\n\n\n<p class=\"has-small-font-size\">4. 1 Acc\u00e8s, rectification et portabilit\u00e9&nbsp;<\/p>\n\n\n\n<p class=\"has-small-font-size\">\u200bConform\u00e9ment \u00e0 la r\u00e9glementation en vigueur, Vous disposez d\u2019un droit d\u2019acc\u00e8s \u00e0 vos Donn\u00e9es. Vous avez \u00e9galement la possibilit\u00e9 de demander la correction de Vos Donn\u00e9es Personnelles qui seraient inexactes.\u00a0 Vous avez \u00e9galement le droit, selon la finalit\u00e9 du traitement, de demander que les Donn\u00e9es Personnelles incompl\u00e8tes soient compl\u00e9t\u00e9es.<\/p>\n\n\n\n<p class=\"has-small-font-size\">Afin de r\u00e9pondre \u00e0 votre demande, nous pouvons \u00eatre amen\u00e9s \u00e0 vous demander de nous fournir un justificatif d\u2019identit\u00e9. Nous pouvons \u00e9galement Vous demander de nous communiquer des informations ou justificatifs compl\u00e9mentaires. Nous nous efforcerons de r\u00e9pondre \u00e0 votre demande dans les meilleurs d\u00e9lais.<\/p>\n\n\n\n<p class=\"has-small-font-size\">Vous pouvez, dans les limites pr\u00e9vues par la loi, exercer votre droit \u00e0 la portabilit\u00e9 des Donn\u00e9es Vous permettant de r\u00e9cup\u00e9rer, dans un format interop\u00e9rable, les donn\u00e9es Personnelles que vous nous avez communiqu\u00e9es.<\/p>\n\n\n\n<p class=\"has-small-font-size\">\u200b4.2 Droit \u00e0 l\u2019effacement de vos donn\u00e9es et \u00e0 la limitation du traitement de vos Donn\u00e9es\u00a0<\/p>\n\n\n\n<p class=\"has-small-font-size\">Vous pouvez demander l\u2019effacement de vos donn\u00e9es personnelles dans les cas suivants :<\/p>\n\n\n\n<ul class=\"wp-block-list\">\n<li class=\"has-small-font-size\">Vous estimez que le traitement de vos donn\u00e9es personnelles auquel nous proc\u00e9dons n\u2019est plus n\u00e9cessaire \u00e0 la r\u00e9alisation des finalit\u00e9s vis\u00e9es dans la pr\u00e9sente Politique relative \u00e0 la Protection des Donn\u00e9es,<\/li>\n\n\n\n<li class=\"has-small-font-size\">Vous consid\u00e9rez que le traitement est illicite ou contestez l\u2019exactitude des Donn\u00e9es que nous traitons vous concernant,<\/li>\n\n\n\n<li class=\"has-small-font-size\">Vous avez retir\u00e9 votre consentement au traitement de vos Donn\u00e9es.<\/li>\n<\/ul>\n\n\n\n<p class=\"has-small-font-size\">Il Vous est \u00e9galement possible, dans les limites pr\u00e9vues par la loi, de demander la limitation du traitement de vos donn\u00e9es.<\/p>\n\n\n\n<p class=\"has-small-font-size\">Veuillez noter que malgr\u00e9 l\u2019exercice de votre droit \u00e0 l\u2019effacement des donn\u00e9es ou \u00e0 la limitation du traitement, Nous conserverons certaines de vos donn\u00e9es personnelles lorsque la loi nous l\u2019imposera ou afin d\u2019exercer ou d\u2019assurer la d\u00e9fense de nos droits.<\/p>\n\n\n\n<p class=\"has-small-font-size\">\u200b4.3 Droit d\u2019\u00e9tablir des instructions pour la gestion de vos Donn\u00e9es Personnelles apr\u00e8s votre mort<\/p>\n\n\n\n<p class=\"has-small-font-size\">Pour la France et lorsque des dispositions locales imp\u00e9ratives le pr\u00e9voient, Vous pouvez d\u00e9terminer la mani\u00e8re dont Vous souhaitez que Nous traitions vos Donn\u00e9es Personnelles apr\u00e8s votre d\u00e9c\u00e8s.<\/p>\n\n\n\n<p class=\"has-small-font-size\">4.4 Modalit\u00e9s d\u2019exercice de Vos droits en mati\u00e8re de protection de vos Donn\u00e9es<\/p>\n\n\n\n<p class=\"has-small-font-size\">Vous pouvez exercer vos droits en mati\u00e8re de protection des Donn\u00e9es selon les modalit\u00e9s suivantes :<\/p>\n\n\n\n<ul class=\"wp-block-list\">\n<li class=\"has-small-font-size\">en utilisant le formulaire de contact accessible \u00e0 l\u2019adresse\u00a0https:\/\/www.aumonerie-catholique-chu.fr\/contact<\/li>\n\n\n\n<li class=\"has-small-font-size\">par courrier \u00e0 l\u2019adresse suivante : 1 avenue Magellan, 33600 Pessac, France.<\/li>\n<\/ul>\n\n\n\n<p class=\"has-small-font-size\"><strong>5. Comment la s\u00e9curit\u00e9 de vos Donn\u00e9es Personnelles est-elle assur\u00e9e ?&nbsp;<\/strong><\/p>\n\n\n\n<p class=\"has-small-font-size\">L&rsquo;Aum\u00f4nerie met en \u0153uvre des mesures techniques et organisationnelles conformes aux exigences l\u00e9gales et r\u00e8glementaires fran\u00e7aises et europ\u00e9ennes applicables, qui permettent d\u2019assurer la s\u00e9curit\u00e9 et la confidentialit\u00e9 de vos Donn\u00e9es.<\/p>\n\n\n\n<p class=\"has-small-font-size\">Toutefois, l&rsquo;Aum\u00f4nerie ne ma\u00eetrise pas tous les risques li\u00e9s au fonctionnement d\u2019Internet et attire votre attention sur l\u2019existence de risques inh\u00e9rents \u00e0 l\u2019utilisation de tout site Internet.<\/p>\n\n\n\n<p class=\"has-small-font-size\">\u200b<strong>6. Cookies<\/strong><\/p>\n\n\n\n<p class=\"has-small-font-size\">Nous utilisons des cookies purement techniques afin d\u2019assurer le bon fonctionnement du Site Internet ainsi que des cookies anonymis\u00e9s \u00e0 des fins d\u2019analyses statistiques. Ces cookies ne collectent aucune de vos Donn\u00e9es Personnelles.<\/p>\n\n\n\n<p class=\"has-small-font-size\">Certaines\u00a0fonctionnalit\u00e9s\u00a0de traitement de donn\u00e9es est r\u00e9gie par les conditions g\u00e9n\u00e9rales de la plateforme de notre h\u00e9bergeur OVH.COM<\/p>\n\n\n\n<p class=\"has-small-font-size\">\u200b<strong>7. Sites Internet appartenant \u00e0 des tiers\u00a0<\/strong><\/p>\n\n\n\n<p class=\"has-small-font-size\">Le Site Internet est susceptible de contenir des liens vers des sites internet appartenant \u00e0 des tiers que nous ne contr\u00f4lons pas et qui sont r\u00e9gis par leur propre politique de confidentialit\u00e9 et de protection des donn\u00e9es personnelles. La pr\u00e9sente Politique relative \u00e0 la Protection des Donn\u00e9es ne s\u2019applique pas \u00e0 ces sites tiers. Nous Vous invitons \u00e0 consulter les politiques de confidentialit\u00e9 et de protection des donn\u00e9es personnelles de ces sites tiers que vous visitez pour savoir comment ils traitent vos donn\u00e9es. L&rsquo;Aum\u00f4nerie d\u00e9cline toute responsabilit\u00e9 quant \u00e0 l\u2019utilisation de vos Donn\u00e9es par ces tiers.<\/p>\n\n\n\n<p class=\"has-small-font-size\">\u200b<strong>8. Comment pouvez-vous nous contacter si vous avez des questions ou des r\u00e9clamations ?<\/strong><\/p>\n\n\n\n<p class=\"has-small-font-size\">Pour toute question concernant la pr\u00e9sente Politique relative \u00e0 la Protection des Donn\u00e9es ou en cas de demande ou de r\u00e9clamation portant sur vos Donn\u00e9es Personnelles, Vous pouvez Nous contacter selon les modalit\u00e9s suivantes :<\/p>\n\n\n\n<ul class=\"wp-block-list\">\n<li class=\"has-small-font-size\">en utilisant le formulaire de contact accessible \u00e0 l\u2019adresse\u00a0https:\/\/www.aumonerie-catholique-chu.fr\/contact<\/li>\n\n\n\n<li class=\"has-small-font-size\">par courrier \u00e0 l\u2019adresse suivante :  1 avenue Magellan, 33600 Pessac, France.<\/li>\n<\/ul>\n","protected":false},"excerpt":{"rendered":"<p>La pr\u00e9sente politique relative \u00e0 la protection des donn\u00e9es personnelles (ci-apr\u00e8s la \u00ab Politique relative \u00e0 la Protection des Donn\u00e9es \u00bb) a pour objet d\u2019informer les visiteurs et les utilisateurs (ci-apr\u00e8s \u00ab Vous \u00bb) du site Internet\u00a0www.aumonerie-catholique-chu.fr\u00a0(ci-apr\u00e8s, ensemble, le \u00ab Site Internet \u00bb) sur les modalit\u00e9s selon lesquelles l&rsquo;Aum\u00f4nerie catholique du Groupe Sud du CHU [&hellip;]<\/p>\n","protected":false},"author":1,"featured_media":0,"parent":0,"menu_order":0,"comment_status":"closed","ping_status":"closed","template":"","meta":{"footnotes":""},"class_list":["post-164","page","type-page","status-publish","hentry"],"_links":{"self":[{"href":"https:\/\/aumonerie-catholique-chu.fr\/index.php\/wp-json\/wp\/v2\/pages\/164","targetHints":{"allow":["GET"]}}],"collection":[{"href":"https:\/\/aumonerie-catholique-chu.fr\/index.php\/wp-json\/wp\/v2\/pages"}],"about":[{"href":"https:\/\/aumonerie-catholique-chu.fr\/index.php\/wp-json\/wp\/v2\/types\/page"}],"author":[{"embeddable":true,"href":"https:\/\/aumonerie-catholique-chu.fr\/index.php\/wp-json\/wp\/v2\/users\/1"}],"replies":[{"embeddable":true,"href":"https:\/\/aumonerie-catholique-chu.fr\/index.php\/wp-json\/wp\/v2\/comments?post=164"}],"version-history":[{"count":6,"href":"https:\/\/aumonerie-catholique-chu.fr\/index.php\/wp-json\/wp\/v2\/pages\/164\/revisions"}],"predecessor-version":[{"id":170,"href":"https:\/\/aumonerie-catholique-chu.fr\/index.php\/wp-json\/wp\/v2\/pages\/164\/revisions\/170"}],"wp:attachment":[{"href":"https:\/\/aumonerie-catholique-chu.fr\/index.php\/wp-json\/wp\/v2\/media?parent=164"}],"curies":[{"name":"wp","href":"https:\/\/api.w.org\/{rel}","templated":true}]}}