{"id":205,"date":"2025-10-14T15:40:46","date_gmt":"2025-10-14T15:40:46","guid":{"rendered":"https:\/\/aumonerie-catholique-chu.fr\/?page_id=205"},"modified":"2025-10-28T20:47:06","modified_gmt":"2025-10-28T20:47:06","slug":"de-retour-chez-vous","status":"publish","type":"page","link":"https:\/\/aumonerie-catholique-chu.fr\/index.php\/de-retour-chez-vous\/","title":{"rendered":"Apr\u00e8s votre hospitalisation au CHU,"},"content":{"rendered":"\n<p class=\"has-small-font-size\">d\u00e9sirez-vous prolonger votre exp\u00e9rience spirituelle initi\u00e9e et accompagn\u00e9e \u00e0 l&rsquo;h\u00f4pital ? Plusieurs pistes s&rsquo;offrent \u00e0 vous, en plus de celles que vous trouverez par vous-m\u00eame :<\/p>\n\n\n\n<hr class=\"wp-block-separator has-alpha-channel-opacity\"\/>\n\n\n\n<ul class=\"wp-block-list\">\n<li class=\"has-small-font-size\">Vous d\u00e9sirez conna\u00eetre les horaires de messe proche de l\u00e0 o\u00f9 vous allez :<\/li>\n<\/ul>\n\n\n\n<div class=\"wp-block-buttons is-layout-flex wp-block-buttons-is-layout-flex\">\n<div class=\"wp-block-button is-style-outline is-style-outline--1\"><a class=\"wp-block-button__link wp-element-button\" href=\"https:\/\/messes.info\/\">cliquez ici<\/a><\/div>\n<\/div>\n\n\n\n<hr class=\"wp-block-separator has-alpha-channel-opacity\"\/>\n\n\n\n<ul class=\"wp-block-list\">\n<li class=\"has-small-font-size\">Si vous r\u00e9sidez dans le d\u00e9partement de la Gironde, vous d\u00e9sirez :<\/li>\n<\/ul>\n\n\n\n<div class=\"wp-block-buttons is-layout-flex wp-block-buttons-is-layout-flex\">\n<div class=\"wp-block-button is-style-outline is-style-outline--2\"><a class=\"wp-block-button__link wp-element-button\" href=\"https:\/\/bordeaux.catholique.fr\/paroisses\/carte-du-diocese\/\">entrer en contact avec votre paroisse<\/a><\/div>\n\n\n\n<div class=\"wp-block-button is-style-outline is-style-outline--3\"><a class=\"wp-block-button__link wp-element-button\" href=\"https:\/\/docs.google.com\/forms\/d\/e\/1FAIpQLSfSAn-5yjt-SA84rQCm69FmkA5Krudwc9v2IsdUJIB1JEgq6A\/viewform?usp=header\">\u00eatre visit\u00e9 l\u00e0 o\u00f9 vous allez<\/a><\/div>\n<\/div>\n\n\n\n<hr class=\"wp-block-separator has-alpha-channel-opacity\"\/>\n\n\n\n<ul class=\"wp-block-list\">\n<li class=\"has-small-font-size\">Si vous r\u00e9sidez dans le d\u00e9partement du Lot et Garonne, vous d\u00e9sirez :<\/li>\n<\/ul>\n\n\n\n<div class=\"wp-block-buttons is-layout-flex wp-block-buttons-is-layout-flex\">\n<div class=\"wp-block-button is-style-outline is-style-outline--4\"><a class=\"wp-block-button__link wp-element-button\" href=\"https:\/\/diocese47.fr\/Les-paroisses\/\">entrer en contact avec votre paroisse<\/a><\/div>\n\n\n\n<div class=\"wp-block-button is-style-outline is-style-outline--5\"><a class=\"wp-block-button__link wp-element-button\" href=\"https:\/\/www.diocese47.fr\/Contacter-un-aumonier-d-hopital\/\">contacter un aum\u00f4nier d&rsquo;h\u00f4pital ou de maison de retraite<\/a><\/div>\n<\/div>\n\n\n\n<hr class=\"wp-block-separator has-alpha-channel-opacity\"\/>\n\n\n\n<ul class=\"wp-block-list\">\n<li class=\"has-small-font-size\">Si vous r\u00e9sidez dans le d\u00e9partement des Pyr\u00e9n\u00e9es-Atlantiques, vous d\u00e9sirez :<\/li>\n<\/ul>\n\n\n\n<div class=\"wp-block-buttons is-layout-flex wp-block-buttons-is-layout-flex\">\n<div class=\"wp-block-button is-style-outline is-style-outline--6\"><a class=\"wp-block-button__link wp-element-button\" href=\"https:\/\/diocese64.org\/les-paroisses\/\">entrer en contact avec votre paroisse<\/a><\/div>\n<\/div>\n\n\n\n<div style=\"height:30px\" aria-hidden=\"true\" class=\"wp-block-spacer\"><\/div>\n\n\n\n<hr class=\"wp-block-separator has-alpha-channel-opacity\"\/>\n\n\n\n<p class=\"has-small-font-size\">Vous pouvez toujours nous appeler :<\/p>\n\n\n\n<p class=\"has-base-2-color has-contrast-background-color has-text-color has-background has-link-color has-small-font-size wp-elements-41deed0e5a33ebc45e9f73ed925f1dd0\" style=\"border-radius:7px;padding-top:10px;padding-bottom:10px\"><a href=\"tel:+33557656175\">J&rsquo;appelle l&rsquo;aum\u00f4nerie<\/a><\/p>\n","protected":false},"excerpt":{"rendered":"<p>d\u00e9sirez-vous prolonger votre exp\u00e9rience spirituelle initi\u00e9e et accompagn\u00e9e \u00e0 l&rsquo;h\u00f4pital ? Plusieurs pistes s&rsquo;offrent \u00e0 vous, en plus de celles que vous trouverez par vous-m\u00eame : Vous pouvez toujours nous appeler : J&rsquo;appelle l&rsquo;aum\u00f4nerie<\/p>\n","protected":false},"author":1,"featured_media":0,"parent":0,"menu_order":0,"comment_status":"closed","ping_status":"closed","template":"","meta":{"footnotes":""},"class_list":["post-205","page","type-page","status-publish","hentry"],"_links":{"self":[{"href":"https:\/\/aumonerie-catholique-chu.fr\/index.php\/wp-json\/wp\/v2\/pages\/205","targetHints":{"allow":["GET"]}}],"collection":[{"href":"https:\/\/aumonerie-catholique-chu.fr\/index.php\/wp-json\/wp\/v2\/pages"}],"about":[{"href":"https:\/\/aumonerie-catholique-chu.fr\/index.php\/wp-json\/wp\/v2\/types\/page"}],"author":[{"embeddable":true,"href":"https:\/\/aumonerie-catholique-chu.fr\/index.php\/wp-json\/wp\/v2\/users\/1"}],"replies":[{"embeddable":true,"href":"https:\/\/aumonerie-catholique-chu.fr\/index.php\/wp-json\/wp\/v2\/comments?post=205"}],"version-history":[{"count":11,"href":"https:\/\/aumonerie-catholique-chu.fr\/index.php\/wp-json\/wp\/v2\/pages\/205\/revisions"}],"predecessor-version":[{"id":663,"href":"https:\/\/aumonerie-catholique-chu.fr\/index.php\/wp-json\/wp\/v2\/pages\/205\/revisions\/663"}],"wp:attachment":[{"href":"https:\/\/aumonerie-catholique-chu.fr\/index.php\/wp-json\/wp\/v2\/media?parent=205"}],"curies":[{"name":"wp","href":"https:\/\/api.w.org\/{rel}","templated":true}]}}