{"id":235,"date":"2025-10-14T20:54:05","date_gmt":"2025-10-14T20:54:05","guid":{"rendered":"https:\/\/aumonerie-catholique-chu.fr\/?page_id=235"},"modified":"2025-10-17T20:25:24","modified_gmt":"2025-10-17T20:25:24","slug":"anges","status":"publish","type":"page","link":"https:\/\/aumonerie-catholique-chu.fr\/index.php\/anges\/","title":{"rendered":"Les anges"},"content":{"rendered":"\n<p class=\"has-medium-font-size\"><strong>L\u2019existence des anges \u2013 une v\u00e9rit\u00e9 de foi<\/strong> (Extraits du Cat\u00e9chisme de l&rsquo;Eglise Catholique)<\/p>\n\n\n\n<p class=\"has-small-font-size\">328 L\u2019existence des \u00eatres spirituels, non corporels, que l\u2019\u00c9criture Sainte nomme habituellement anges, est une v\u00e9rit\u00e9 de foi. Le t\u00e9moignage de l\u2019\u00c9criture est aussi net que l\u2019unanimit\u00e9 de la Tradition.<\/p>\n\n\n\n<p class=\"has-medium-font-size\"><strong>Qui sont-ils&nbsp;?<\/strong><\/p>\n\n\n\n<p class=\"has-small-font-size\">329 S. Augustin dit \u00e0 leur sujet&nbsp;: \u00a0\u00bb&nbsp;\u2018Ange\u2019 d\u00e9signe la fonction, non pas la nature. Tu demandes comment s\u2019appelle cette nature&nbsp;? \u2013 Esprit. Tu demandes la fonction&nbsp;? \u2013 Ange&nbsp;; d\u2019apr\u00e8s ce qu\u2019il est, c\u2019est un esprit, d\u2019apr\u00e8s ce qu\u2019il fait, c\u2019est un ange&nbsp;\u00a0\u00bb (Psal. 103, 1, 15). De tout leur \u00eatre, les anges sont&nbsp;<em>serviteurs<\/em>&nbsp;et messagers de Dieu. Parce qu\u2019ils contemplent \u00a0\u00bb&nbsp;constamment la face de mon P\u00e8re qui est aux cieux&nbsp;\u00a0\u00bb (Mt 18, 10), ils sont \u00a0\u00bb&nbsp;les ouvriers de sa parole, attentifs au son de sa parole&nbsp;\u00a0\u00bb (Ps 103, 20).<\/p>\n\n\n\n<p class=\"has-small-font-size\">330 En tant que cr\u00e9atures purement&nbsp;<em>spirituelles,<\/em>&nbsp;ils ont intelligence et volont\u00e9&nbsp;: ils sont des cr\u00e9atures personnelles (cf. Pie XII&nbsp;: DS 3801) et immortelles (cf. Lc 20, 36). Ils d\u00e9passent en perfection toutes les cr\u00e9atures visibles. L\u2019\u00e9clat de leur gloire en t\u00e9moigne (cf. Dn 10, 9-12).<\/p>\n\n\n\n<p class=\"has-medium-font-size\"><strong>Le Christ \u00a0\u00bb&nbsp;avec tous ses anges&nbsp;\u00ab\u00a0<\/strong><\/p>\n\n\n\n<p class=\"has-small-font-size\">331 Le Christ est le centre du monde ang\u00e9lique. Ce sont ses anges \u00e0 Lui&nbsp;: \u00a0\u00bb&nbsp;Quand le Fils de l\u2019homme viendra dans sa gloire avec tous ses anges &#8230;&nbsp;\u00a0\u00bb (Mt 25, 31). Ils sont \u00e0 Lui parce que cr\u00e9\u00e9s&nbsp;<em>par<\/em>&nbsp;et&nbsp;<em>pour<\/em>&nbsp;lui&nbsp;: \u00a0\u00bb&nbsp;Car c\u2019est en lui qu\u2019ont \u00e9t\u00e9 cr\u00e9\u00e9es toutes choses, dans les cieux et sur la terre, les visibles et les invisibles&nbsp;: tr\u00f4nes, seigneuries, principaut\u00e9s, puissances&nbsp;; tout a \u00e9t\u00e9 cr\u00e9\u00e9 par lui et pour lui&nbsp;\u00a0\u00bb (Col 1, 16). Ils sont \u00e0 Lui plus encore parce qu\u2019Il les a faits messagers de son dessein de salut&nbsp;: \u00a0\u00bb&nbsp;Est-ce que tous ne sont pas des esprits charg\u00e9s d\u2019un minist\u00e8re, envoy\u00e9s en service pour ceux qui doivent h\u00e9riter le salut&nbsp;?&nbsp;\u00a0\u00bb (He 1, 14).<\/p>\n\n\n\n<p class=\"has-small-font-size\">332 Ils sont l\u00e0, d\u00e8s la cr\u00e9ation (cf. Jb 38, 7, o\u00f9 les anges sont appel\u00e9s \u00a0\u00bb&nbsp;fils de Dieu&nbsp;\u00ab\u00a0) et tout au long de l\u2019histoire du salut, annon\u00e7ant de loin ou de pr\u00e8s ce salut et servant le dessein divin de sa r\u00e9alisation&nbsp;: ils ferment le paradis terrestre (cf. Gn 3, 24), prot\u00e8gent Lot (cf. Gn 19), sauvent Agar et son enfant (cf. Gn 21, 17), arr\u00eatent la main d\u2019Abraham (cf. Gn 22, 11), la loi est communiqu\u00e9e par leur minist\u00e8re (cf. Ac 7, 53), ils conduisent le Peuple de Dieu (cf. Ex 23, 20-23), ils annoncent naissances (cf. Jg 13) et vocations (cf. Jg 6, 11-24&nbsp;; Is 6, 6), ils assistent les proph\u00e8tes (cf. 1 R 19, 5), pour ne citer que quelques exemples. Enfin, c\u2019est l\u2019ange Gabriel qui annonce la naissance du Pr\u00e9curseur et celle de J\u00e9sus lui-m\u00eame (cf. Lc 1, 11. 26).<\/p>\n\n\n\n<p class=\"has-small-font-size\">333 De l\u2019Incarnation \u00e0 l\u2019Ascension, la vie du Verbe incarn\u00e9 est entour\u00e9e de l\u2019adoration et du service des anges. Lorsque Dieu \u00a0\u00bb&nbsp;introduit le Premier-n\u00e9 dans le monde, il dit&nbsp;: \u2018Que tous les anges de Dieu l\u2019adorent\u2019&nbsp;\u00a0\u00bb (He 1, 6). Leur chant de louange \u00e0 la naissance du Christ n\u2019a cess\u00e9 de r\u00e9sonner dans la louange de l\u2019\u00c9glise&nbsp;: \u00a0\u00bb&nbsp;Gloire \u00e0 Dieu &#8230;&nbsp;\u00a0\u00bb (Lc 2, 14). Ils prot\u00e8gent l\u2019enfance de J\u00e9sus (cf. Mt 1, 20&nbsp;; 2, 13. 19), servent J\u00e9sus au d\u00e9sert (cf. Mc 1, 12&nbsp;; Mt 4, 11), le r\u00e9confortent dans l\u2019agonie (cf. Lc 22, 43), alors qu\u2019il aurait pu \u00eatre sauv\u00e9 par eux de la main des ennemis (cf. Mt 26, 53) comme jadis Isra\u00ebl (cf. 2 M 10, 29-30&nbsp;; 11, 8). Ce sont encore les anges qui \u00a0\u00bb&nbsp;\u00e9vang\u00e9lisent&nbsp;\u00a0\u00bb (Lc 2, 10) en annon\u00e7ant la Bonne Nouvelle de l\u2019Incarnation (cf. Lc 2, 8-14), et de la R\u00e9surrection (cf. Mc 16, 5-7) du Christ. Ils seront l\u00e0 au retour du Christ qu\u2019ils annoncent (cf. Ac 1, 10-11), au service de son jugement (cf. Mt 13, 41&nbsp;; 24, 31&nbsp;; Lc 12, 8-9).<\/p>\n\n\n\n<p class=\"has-medium-font-size\"><strong>Les anges dans la vie de l\u2019\u00c9glise<\/strong><\/p>\n\n\n\n<p class=\"has-small-font-size\">334 D\u2019ici l\u00e0 toute la vie de l\u2019\u00c9glise b\u00e9n\u00e9ficie de l\u2019aide myst\u00e9rieuse et puissante des anges (cf. Ac 5, 18-20&nbsp;; 8, 26-29&nbsp;; 10, 3-8&nbsp;; 12, 6-11&nbsp;; 27, 23-25).<\/p>\n\n\n\n<p class=\"has-small-font-size\">335 Dans sa liturgie, l\u2019\u00c9glise se joint aux anges pour adorer le Dieu trois fois saint&nbsp;; elle invoque leur assistance (ainsi dans&nbsp;<em>In Paradisum deducant te angeli<\/em>&#8230; de la Liturgie des d\u00e9funts [OEx 50], ou encore dans l\u2019\u00a0\u00bb&nbsp;Hymne ch\u00e9rubinique&nbsp;\u00a0\u00bb de la Liturgie byzantine [(Liturgie de S. Jean Chrysostome]), elle f\u00eate plus particuli\u00e8rement la m\u00e9moire de certains anges (S. Michel, S. Gabriel, S. Rapha\u00ebl, les anges gardiens).<\/p>\n\n\n\n<p class=\"has-small-font-size\">336 Du d\u00e9but (de l\u2019existence) (cf. Mt 18, 10) au tr\u00e9pas (cf. Lc 16, 22), la vie humaine est entour\u00e9e de leur garde (cf. Ps 34, 8&nbsp;; 91, 10-13) et de leur intercession (cf. Jb 33, 23-24&nbsp;; Za 1, 12&nbsp;; Tb 12, 12). \u00a0\u00bb&nbsp;Chaque fid\u00e8le a \u00e0 ses c\u00f4t\u00e9s un ange comme protecteur et pasteur pour le conduire \u00e0 la vie&nbsp;\u00a0\u00bb (S. Basile, Eun. 3, 1&nbsp;: PG 29, 656B)<em>.&nbsp;<\/em>D\u00e8s ici-bas, la vie chr\u00e9tienne participe, dans la foi, \u00e0 la soci\u00e9t\u00e9 bienheureuse des anges et des hommes, unis en Dieu.<\/p>\n\n\n\n<div class=\"wp-block-buttons is-layout-flex wp-block-buttons-is-layout-flex\">\n<div class=\"wp-block-button\"><a class=\"wp-block-button__link wp-element-button\" href=\"https:\/\/aumonerie-catholique-chu.fr\/index.php\/prieres-fondamentales\/\">Retour<\/a><\/div>\n<\/div>\n","protected":false},"excerpt":{"rendered":"<p>L\u2019existence des anges \u2013 une v\u00e9rit\u00e9 de foi (Extraits du Cat\u00e9chisme de l&rsquo;Eglise Catholique) 328 L\u2019existence des \u00eatres spirituels, non corporels, que l\u2019\u00c9criture Sainte nomme habituellement anges, est une v\u00e9rit\u00e9 de foi. Le t\u00e9moignage de l\u2019\u00c9criture est aussi net que l\u2019unanimit\u00e9 de la Tradition. Qui sont-ils&nbsp;? 329 S. Augustin dit \u00e0 leur sujet&nbsp;: \u00a0\u00bb&nbsp;\u2018Ange\u2019 d\u00e9signe [&hellip;]<\/p>\n","protected":false},"author":1,"featured_media":0,"parent":0,"menu_order":0,"comment_status":"closed","ping_status":"closed","template":"","meta":{"footnotes":""},"class_list":["post-235","page","type-page","status-publish","hentry"],"_links":{"self":[{"href":"https:\/\/aumonerie-catholique-chu.fr\/index.php\/wp-json\/wp\/v2\/pages\/235","targetHints":{"allow":["GET"]}}],"collection":[{"href":"https:\/\/aumonerie-catholique-chu.fr\/index.php\/wp-json\/wp\/v2\/pages"}],"about":[{"href":"https:\/\/aumonerie-catholique-chu.fr\/index.php\/wp-json\/wp\/v2\/types\/page"}],"author":[{"embeddable":true,"href":"https:\/\/aumonerie-catholique-chu.fr\/index.php\/wp-json\/wp\/v2\/users\/1"}],"replies":[{"embeddable":true,"href":"https:\/\/aumonerie-catholique-chu.fr\/index.php\/wp-json\/wp\/v2\/comments?post=235"}],"version-history":[{"count":3,"href":"https:\/\/aumonerie-catholique-chu.fr\/index.php\/wp-json\/wp\/v2\/pages\/235\/revisions"}],"predecessor-version":[{"id":368,"href":"https:\/\/aumonerie-catholique-chu.fr\/index.php\/wp-json\/wp\/v2\/pages\/235\/revisions\/368"}],"wp:attachment":[{"href":"https:\/\/aumonerie-catholique-chu.fr\/index.php\/wp-json\/wp\/v2\/media?parent=235"}],"curies":[{"name":"wp","href":"https:\/\/api.w.org\/{rel}","templated":true}]}}