{"id":260,"date":"2025-10-15T23:30:25","date_gmt":"2025-10-15T23:30:25","guid":{"rendered":"https:\/\/aumonerie-catholique-chu.fr\/?page_id=260"},"modified":"2025-10-26T11:03:27","modified_gmt":"2025-10-26T11:03:27","slug":"sacrements","status":"publish","type":"page","link":"https:\/\/aumonerie-catholique-chu.fr\/index.php\/sacrements\/","title":{"rendered":"Recevoir un sacrement \u00e0 l&rsquo;h\u00f4pital ?"},"content":{"rendered":"\n<p class=\"has-medium-font-size\">A l&rsquo;h\u00f4pital, vous pouvez recevoir un ou plusieurs sacrements. Un sacrement ? C&rsquo;est un cadeau de Dieu pour nous montrer qu&rsquo;Il nous aime inconditionnellement, infiniment, \u00e9ternellement. <\/p>\n\n\n\n<p class=\"has-medium-font-size\">Le Cat\u00e9chisme de l&rsquo;Eglise Catholique nous dit :<\/p>\n\n\n\n<blockquote class=\"wp-block-quote is-layout-flow wp-block-quote-is-layout-flow\">\n<p class=\"has-large-font-size\">\u00a0\u00bb Forces qui sortent&nbsp;\u00a0\u00bb du Corps du Christ, toujours vivant et vivifiant, actions de l\u2019Esprit Saint \u00e0 l\u2019\u0153uvre dans son Corps qui est l\u2019\u00c9glise, les sacrements sont \u00ab\u00a0les chefs-d\u2019\u0153uvre de Dieu\u00a0\u00bb dans la nouvelle et \u00e9ternelle Alliance. <a href=\"https:\/\/www.vatican.va\/archive\/FRA0013\/__P2V.HTM\">(n\u00b01116)<\/a><\/p>\n<\/blockquote>\n\n\n\n<div style=\"height:30px\" aria-hidden=\"true\" class=\"wp-block-spacer\"><\/div>\n\n\n\n<p class=\"has-medium-font-size\">Les sacrements les plus donn\u00e9s \u00e0 l&rsquo;h\u00f4pital sont :<\/p>\n\n\n\n<ul class=\"wp-block-list\">\n<li class=\"has-medium-font-size\">Le sacrement des malades :<\/li>\n<\/ul>\n\n\n\n<figure class=\"wp-block-image aligncenter size-large is-resized is-style-rounded is-style-rounded--1\"><img loading=\"lazy\" decoding=\"async\" width=\"683\" height=\"1024\" src=\"https:\/\/aumonerie-catholique-chu.fr\/wp-content\/uploads\/2025\/10\/Anction-sacree-et-reconfort-spirituel-683x1024.jpg\" alt=\"\" class=\"wp-image-290\" style=\"box-shadow:var(--wp--preset--shadow--natural);width:190px\" srcset=\"https:\/\/aumonerie-catholique-chu.fr\/wp-content\/uploads\/2025\/10\/Anction-sacree-et-reconfort-spirituel-683x1024.jpg 683w, https:\/\/aumonerie-catholique-chu.fr\/wp-content\/uploads\/2025\/10\/Anction-sacree-et-reconfort-spirituel-200x300.jpg 200w, https:\/\/aumonerie-catholique-chu.fr\/wp-content\/uploads\/2025\/10\/Anction-sacree-et-reconfort-spirituel-768x1152.jpg 768w, https:\/\/aumonerie-catholique-chu.fr\/wp-content\/uploads\/2025\/10\/Anction-sacree-et-reconfort-spirituel.jpg 1024w\" sizes=\"auto, (max-width: 683px) 100vw, 683px\" \/><\/figure>\n\n\n\n<blockquote class=\"wp-block-quote is-layout-flow wp-block-quote-is-layout-flow\">\n<p>\u00ab\u00a0Par cette onction sainte, que le Seigneur dans sa grande bont\u00e9 vous r\u00e9conforte par la gr\u00e2ce de l&rsquo;Esprit-Saint.\u00a0\u00bb<\/p>\n<\/blockquote>\n\n\n\n<p class=\"has-small-font-size\">Il a \u00e9t\u00e9 donn\u00e9 par J\u00e9sus \u00e0 l&rsquo;Eglise pour les personnes qui sont malades, mais aussi \u00e2g\u00e9es. Il peut \u00eatre re\u00e7u lors d&rsquo;une hospitalisation, dans sa chambre ou \u00e0 la chapelle. L\u2019\u00c9glise prie alors pour demander votre gu\u00e9rison, si telle est la Sainte Volont\u00e9 de Dieu, ou bien pour vous unir \u00e0 J\u00e9sus qui a connu la souffrance physique, et recevoir sa force dans la maladie : vous n\u2019\u00eates pas seul ! <\/p>\n\n\n\n<p class=\"has-small-font-size\">Ce sacrement se re\u00e7oit \u00e0 partir de l&rsquo;\u00e2ge de raison. Il est donn\u00e9 lors d&rsquo;une maladie physique ou psychologique. Il peut \u00eatre re\u00e7u avant une op\u00e9ration. <\/p>\n\n\n\n<p class=\"has-small-font-size\">A la fin de la vie, pour se pr\u00e9parer \u00e0 mourir, il est important de ne pas avoir peur d&rsquo;appeler l&rsquo;aum\u00f4nerie pour le recevoir consciemment. On l\u2019appelle alors l\u2019extr\u00eame onction. Il peut aussi \u00eatre administr\u00e9 quand la personne est inconsciente.<\/p>\n\n\n\n<div class=\"wp-block-buttons is-layout-flex wp-block-buttons-is-layout-flex\">\n<div class=\"wp-block-button\"><a class=\"wp-block-button__link wp-element-button\" href=\"https:\/\/www.vatican.va\/archive\/FRA0013\/__P4H.HTM\">Pour en savoir plus&#8230;<\/a><\/div>\n<\/div>\n\n\n\n<div style=\"height:30px\" aria-hidden=\"true\" class=\"wp-block-spacer\"><\/div>\n\n\n\n<ul class=\"wp-block-list\">\n<li class=\"has-medium-font-size\">Le sacrement de la r\u00e9conciliation :<\/li>\n<\/ul>\n\n\n\n<figure class=\"wp-block-image aligncenter size-large is-resized is-style-rounded is-style-rounded--2\"><a href=\"https:\/\/aumonerie-catholique-chu.fr\/index.php\/se-preparer-a-recevoir-labsolution\/\"><img loading=\"lazy\" decoding=\"async\" width=\"683\" height=\"1024\" src=\"https:\/\/aumonerie-catholique-chu.fr\/wp-content\/uploads\/2025\/10\/ChatGPT-Image-16-oct.-2025-21_56_06-683x1024.jpg\" alt=\"\" class=\"wp-image-292\" style=\"box-shadow:var(--wp--preset--shadow--natural);width:190px\" srcset=\"https:\/\/aumonerie-catholique-chu.fr\/wp-content\/uploads\/2025\/10\/ChatGPT-Image-16-oct.-2025-21_56_06-683x1024.jpg 683w, https:\/\/aumonerie-catholique-chu.fr\/wp-content\/uploads\/2025\/10\/ChatGPT-Image-16-oct.-2025-21_56_06-200x300.jpg 200w, https:\/\/aumonerie-catholique-chu.fr\/wp-content\/uploads\/2025\/10\/ChatGPT-Image-16-oct.-2025-21_56_06-768x1152.jpg 768w, https:\/\/aumonerie-catholique-chu.fr\/wp-content\/uploads\/2025\/10\/ChatGPT-Image-16-oct.-2025-21_56_06.jpg 1024w\" sizes=\"auto, (max-width: 683px) 100vw, 683px\" \/><\/a><\/figure>\n\n\n\n<blockquote class=\"wp-block-quote is-layout-flow wp-block-quote-is-layout-flow\">\n<p>\u00ab\u00a0Au nom du P\u00e8re, et du Fils, et du Saint-Esprit, je te pardonne tous tes p\u00e9ch\u00e9s.\u00a0\u00bb<\/p>\n<\/blockquote>\n\n\n\n<p class=\"has-small-font-size\">J\u00e9sus a dit \u00e0 <a href=\"https:\/\/www.pourlamisericordedivine.org\/biographie-de-sainte-faustine\/\">Sainte Faustine<\/a> : \u00ab\u00a0<em>Dis aux \u00e2mes o\u00f9 elles doivent chercher <strong>la consolation<\/strong>, c&rsquo;est au tribunal de la Mis\u00e9ricorde; c&rsquo;est l\u00e0 qu&rsquo;ont lieu les plus grands miracles qui se renouvellent sans cesse. Point n&rsquo;est besoin, pour obtenir ce miracle de faire de lointains p\u00e8lerinages, mais il suffit de se jeter avec foi aux pieds de celui qui tient ma place, de lui dire sa mis\u00e8re et le miracle de la Mis\u00e9ricorde divine se manifestera dans toute sa pl\u00e9nitude.<\/em>\u00a0\u00bb (Petit journal, n\u00b01448)<\/p>\n\n\n\n<div class=\"wp-block-buttons is-layout-flex wp-block-buttons-is-layout-flex\">\n<div class=\"wp-block-button\"><a class=\"wp-block-button__link wp-element-button\" href=\"https:\/\/www.vatican.va\/archive\/FRA0013\/__P4A.HTM\" style=\"box-shadow:var(--wp--preset--shadow--natural)\">Pour en savoir plus&#8230;<\/a><\/div>\n\n\n\n<div class=\"wp-block-button\"><a class=\"wp-block-button__link wp-element-button\" href=\"https:\/\/aumonerie-catholique-chu.fr\/index.php\/se-preparer-a-recevoir-labsolution\/\" style=\"box-shadow:var(--wp--preset--shadow--natural)\">S&rsquo;y pr\u00e9parer<\/a><\/div>\n<\/div>\n\n\n\n<div style=\"height:30px\" aria-hidden=\"true\" class=\"wp-block-spacer\"><\/div>\n\n\n\n<ul class=\"wp-block-list\">\n<li class=\"has-medium-font-size\">La sainte communion :<\/li>\n<\/ul>\n\n\n\n<figure class=\"wp-block-image aligncenter size-large is-resized is-style-rounded is-style-rounded--3\"><img loading=\"lazy\" decoding=\"async\" width=\"683\" height=\"1024\" src=\"https:\/\/aumonerie-catholique-chu.fr\/wp-content\/uploads\/2025\/10\/LEucharistie-dans-lart-byzantin-683x1024.jpg\" alt=\"\" class=\"wp-image-267\" style=\"box-shadow:var(--wp--preset--shadow--natural);width:190px\" srcset=\"https:\/\/aumonerie-catholique-chu.fr\/wp-content\/uploads\/2025\/10\/LEucharistie-dans-lart-byzantin-683x1024.jpg 683w, https:\/\/aumonerie-catholique-chu.fr\/wp-content\/uploads\/2025\/10\/LEucharistie-dans-lart-byzantin-200x300.jpg 200w, https:\/\/aumonerie-catholique-chu.fr\/wp-content\/uploads\/2025\/10\/LEucharistie-dans-lart-byzantin-768x1152.jpg 768w, https:\/\/aumonerie-catholique-chu.fr\/wp-content\/uploads\/2025\/10\/LEucharistie-dans-lart-byzantin.jpg 1024w\" sizes=\"auto, (max-width: 683px) 100vw, 683px\" \/><\/figure>\n\n\n\n<blockquote class=\"wp-block-quote is-layout-flow wp-block-quote-is-layout-flow\">\n<p>\u00ab\u00a0Le Corps du Christ.\u00a0\u00bb<\/p>\n<\/blockquote>\n\n\n\n<p class=\"has-small-font-size\">L&rsquo;Eucharistie est le <strong><a href=\"https:\/\/www.vatican.va\/content\/benedict-xvi\/fr\/apost_exhortations\/documents\/hf_ben-xvi_exh_20070222_sacramentum-caritatis.html\">Sacrement de l&rsquo;Amour<\/a> \u00ab\u00a0jusqu&rsquo;au bout\u00a0\u00bb<\/strong>. C&rsquo;est la r\u00e9ponse de J\u00e9sus : <strong>\u00ab Je ne vous laisserai pas orphelins. \u00bb<\/strong> Dans l&rsquo;hostie consacr\u00e9e, J\u00e9sus se donne \u00e0 vous comme une force et une pr\u00e9sence r\u00e9elle. Il ne supprime pas la souffrance, mais il vient la porter avec vous, faisant de votre corps sa demeure. En l&rsquo;accueillant, Il devient le gage de votre Vie \u00e9ternelle, l\u00e0 o\u00f9 toute maladie sera d\u00e9truite.<\/p>\n\n\n\n<div class=\"wp-block-buttons is-layout-flex wp-block-buttons-is-layout-flex\">\n<div class=\"wp-block-button\"><a class=\"wp-block-button__link wp-element-button\" href=\"https:\/\/www.vatican.va\/archive\/FRA0013\/__P3U.HTM\">Pour en savoir plus&#8230;<\/a><\/div>\n<\/div>\n\n\n\n<div style=\"height:30px\" aria-hidden=\"true\" class=\"wp-block-spacer\"><\/div>\n\n\n\n<ul class=\"wp-block-list\">\n<li class=\"has-medium-font-size\">Certains se sont m\u00eame mari\u00e9s \u00e0 l&rsquo;h\u00f4pital!<\/li>\n<\/ul>\n\n\n\n<figure class=\"wp-block-image aligncenter size-large is-resized is-style-rounded is-style-rounded--4\"><img loading=\"lazy\" decoding=\"async\" width=\"683\" height=\"1024\" src=\"https:\/\/aumonerie-catholique-chu.fr\/wp-content\/uploads\/2025\/10\/ChatGPT-Image-16-oct.-2025-22_01_40-683x1024.jpg\" alt=\"\" class=\"wp-image-294\" style=\"box-shadow:var(--wp--preset--shadow--natural);width:190px\" srcset=\"https:\/\/aumonerie-catholique-chu.fr\/wp-content\/uploads\/2025\/10\/ChatGPT-Image-16-oct.-2025-22_01_40-683x1024.jpg 683w, https:\/\/aumonerie-catholique-chu.fr\/wp-content\/uploads\/2025\/10\/ChatGPT-Image-16-oct.-2025-22_01_40-200x300.jpg 200w, https:\/\/aumonerie-catholique-chu.fr\/wp-content\/uploads\/2025\/10\/ChatGPT-Image-16-oct.-2025-22_01_40-768x1152.jpg 768w, https:\/\/aumonerie-catholique-chu.fr\/wp-content\/uploads\/2025\/10\/ChatGPT-Image-16-oct.-2025-22_01_40.jpg 1024w\" sizes=\"auto, (max-width: 683px) 100vw, 683px\" \/><\/figure>\n\n\n\n<blockquote class=\"wp-block-quote is-layout-flow wp-block-quote-is-layout-flow\">\n<p>\u00ab\u00a0Je te re\u00e7ois comme \u00e9poux, et je me donne \u00e0 toi, pour t&rsquo;aimer fid\u00e8lement, dans le bonheur et dans les \u00e9preuves, dans la sant\u00e9 et dans la maladie, tous les jours de ma vie.\u00a0\u00bb<\/p>\n<\/blockquote>\n\n\n\n<p class=\"has-small-font-size\">Le mariage prend une intensit\u00e9 nouvelle avec la maladie. La joie de l&rsquo;un est la joie de l&rsquo;autre, la souffrance de l&rsquo;un devient aussi la souffrance de l&rsquo;autre&#8230; Souvent, l&rsquo;\u00e9preuve de l&rsquo;hospitalisation est violente pour le conjoint qui n&rsquo;est pas malade. \u00ab\u00a0Je vais bien, tu ne vas pas bien, et comment va notre amour?\u00a0\u00bb <\/p>\n\n\n\n<p class=\"has-small-font-size\">Bien qu&rsquo;on ne se remarie pas quand on l&rsquo;est d\u00e9j\u00e0, vous pouvez recevoir le renouvellement de votre b\u00e9n\u00e9diction nuptiale. Tr\u00e8s ressour\u00e7ant!<\/p>\n\n\n\n<div class=\"wp-block-buttons is-layout-flex wp-block-buttons-is-layout-flex\">\n<div class=\"wp-block-button\"><a class=\"wp-block-button__link wp-element-button\" href=\"https:\/\/www.vatican.va\/archive\/FRA0013\/__P4V.HTM\">Pour aller plus loin&#8230;<\/a><\/div>\n<\/div>\n\n\n\n<div style=\"height:30px\" aria-hidden=\"true\" class=\"wp-block-spacer\"><\/div>\n\n\n\n<ul class=\"wp-block-list\">\n<li class=\"has-medium-font-size\">D&rsquo;autres ont pu recevoir le bapt\u00eame :<\/li>\n<\/ul>\n\n\n\n<figure class=\"wp-block-image aligncenter size-large is-resized is-style-rounded is-style-rounded--5\"><img loading=\"lazy\" decoding=\"async\" width=\"683\" height=\"1024\" src=\"https:\/\/aumonerie-catholique-chu.fr\/wp-content\/uploads\/2025\/10\/Bapteme-du-Christ-par-Jean-Baptiste-683x1024.jpg\" alt=\"\" class=\"wp-image-262\" style=\"box-shadow:var(--wp--preset--shadow--natural);width:190px\" srcset=\"https:\/\/aumonerie-catholique-chu.fr\/wp-content\/uploads\/2025\/10\/Bapteme-du-Christ-par-Jean-Baptiste-683x1024.jpg 683w, https:\/\/aumonerie-catholique-chu.fr\/wp-content\/uploads\/2025\/10\/Bapteme-du-Christ-par-Jean-Baptiste-200x300.jpg 200w, https:\/\/aumonerie-catholique-chu.fr\/wp-content\/uploads\/2025\/10\/Bapteme-du-Christ-par-Jean-Baptiste-768x1152.jpg 768w, https:\/\/aumonerie-catholique-chu.fr\/wp-content\/uploads\/2025\/10\/Bapteme-du-Christ-par-Jean-Baptiste.jpg 1024w\" sizes=\"auto, (max-width: 683px) 100vw, 683px\" \/><\/figure>\n\n\n\n<blockquote class=\"wp-block-quote is-layout-flow wp-block-quote-is-layout-flow\">\n<p class=\"has-medium-font-size\">Le Bapt\u00eame est le plus beau et le plus magnifique des dons de Dieu&#8230;&nbsp;(Saint Gr\u00e9goire de Naziance)<\/p>\n<\/blockquote>\n\n\n\n<ul class=\"wp-block-list\">\n<li class=\"has-medium-font-size\">Et d&rsquo;autres encore la confirmation :<\/li>\n<\/ul>\n\n\n\n<figure class=\"wp-block-image aligncenter size-large is-resized is-style-rounded is-style-rounded--6\"><img loading=\"lazy\" decoding=\"async\" width=\"789\" height=\"1024\" src=\"https:\/\/aumonerie-catholique-chu.fr\/wp-content\/uploads\/2025\/10\/La-Confirmation-de-lEsprit-Saint-789x1024.jpg\" alt=\"\" class=\"wp-image-265\" style=\"box-shadow:var(--wp--preset--shadow--natural);width:190px\" srcset=\"https:\/\/aumonerie-catholique-chu.fr\/wp-content\/uploads\/2025\/10\/La-Confirmation-de-lEsprit-Saint-789x1024.jpg 789w, https:\/\/aumonerie-catholique-chu.fr\/wp-content\/uploads\/2025\/10\/La-Confirmation-de-lEsprit-Saint-231x300.jpg 231w, https:\/\/aumonerie-catholique-chu.fr\/wp-content\/uploads\/2025\/10\/La-Confirmation-de-lEsprit-Saint-768x997.jpg 768w, https:\/\/aumonerie-catholique-chu.fr\/wp-content\/uploads\/2025\/10\/La-Confirmation-de-lEsprit-Saint.jpg 1024w\" sizes=\"auto, (max-width: 789px) 100vw, 789px\" \/><\/figure>\n\n\n\n<blockquote class=\"wp-block-quote is-layout-flow wp-block-quote-is-layout-flow\">\n<p>\u00ab\u00a0Sois marqu\u00e9 de l&rsquo;Esprit-Saint, le don de Dieu.\u00a0\u00bb<\/p>\n<\/blockquote>\n\n\n\n<div style=\"height:30px\" aria-hidden=\"true\" class=\"wp-block-spacer\"><\/div>\n\n\n\n<p class=\"has-small-font-size\">Pour vous pr\u00e9parer, n&rsquo;h\u00e9sitez pas \u00e0 nous appeler :<\/p>\n\n\n\n<p class=\"has-base-2-color has-contrast-background-color has-text-color has-background has-link-color has-small-font-size wp-elements-41deed0e5a33ebc45e9f73ed925f1dd0\" style=\"border-radius:7px;padding-top:10px;padding-bottom:10px\"><a href=\"tel:+33557656175\">J&rsquo;appelle l&rsquo;aum\u00f4nerie<\/a><\/p>\n\n\n\n<div class=\"wp-block-buttons is-layout-flex wp-block-buttons-is-layout-flex\">\n<div class=\"wp-block-button\"><a class=\"wp-block-button__link wp-element-button\" href=\"https:\/\/aumonerie-catholique-chu.fr\/index.php\/pour-aller-plus-loin\/\">Retour<\/a><\/div>\n<\/div>\n","protected":false},"excerpt":{"rendered":"<p>A l&rsquo;h\u00f4pital, vous pouvez recevoir un ou plusieurs sacrements. Un sacrement ? C&rsquo;est un cadeau de Dieu pour nous montrer qu&rsquo;Il nous aime inconditionnellement, infiniment, \u00e9ternellement. Le Cat\u00e9chisme de l&rsquo;Eglise Catholique nous dit : \u00a0\u00bb Forces qui sortent&nbsp;\u00a0\u00bb du Corps du Christ, toujours vivant et vivifiant, actions de l\u2019Esprit Saint \u00e0 l\u2019\u0153uvre dans son Corps [&hellip;]<\/p>\n","protected":false},"author":1,"featured_media":0,"parent":0,"menu_order":0,"comment_status":"closed","ping_status":"closed","template":"","meta":{"footnotes":""},"class_list":["post-260","page","type-page","status-publish","hentry"],"_links":{"self":[{"href":"https:\/\/aumonerie-catholique-chu.fr\/index.php\/wp-json\/wp\/v2\/pages\/260","targetHints":{"allow":["GET"]}}],"collection":[{"href":"https:\/\/aumonerie-catholique-chu.fr\/index.php\/wp-json\/wp\/v2\/pages"}],"about":[{"href":"https:\/\/aumonerie-catholique-chu.fr\/index.php\/wp-json\/wp\/v2\/types\/page"}],"author":[{"embeddable":true,"href":"https:\/\/aumonerie-catholique-chu.fr\/index.php\/wp-json\/wp\/v2\/users\/1"}],"replies":[{"embeddable":true,"href":"https:\/\/aumonerie-catholique-chu.fr\/index.php\/wp-json\/wp\/v2\/comments?post=260"}],"version-history":[{"count":32,"href":"https:\/\/aumonerie-catholique-chu.fr\/index.php\/wp-json\/wp\/v2\/pages\/260\/revisions"}],"predecessor-version":[{"id":808,"href":"https:\/\/aumonerie-catholique-chu.fr\/index.php\/wp-json\/wp\/v2\/pages\/260\/revisions\/808"}],"wp:attachment":[{"href":"https:\/\/aumonerie-catholique-chu.fr\/index.php\/wp-json\/wp\/v2\/media?parent=260"}],"curies":[{"name":"wp","href":"https:\/\/api.w.org\/{rel}","templated":true}]}}