{"id":311,"date":"2025-10-17T12:07:29","date_gmt":"2025-10-17T12:07:29","guid":{"rendered":"https:\/\/aumonerie-catholique-chu.fr\/?page_id=311"},"modified":"2025-10-18T10:22:59","modified_gmt":"2025-10-18T10:22:59","slug":"isaie-3810-20","status":"publish","type":"page","link":"https:\/\/aumonerie-catholique-chu.fr\/index.php\/isaie-3810-20\/","title":{"rendered":"Isa\u00efe 38,10-20"},"content":{"rendered":"\n<figure class=\"wp-block-image aligncenter size-full is-resized is-style-rounded is-style-rounded--1\"><img loading=\"lazy\" decoding=\"async\" width=\"1024\" height=\"1024\" src=\"https:\/\/aumonerie-catholique-chu.fr\/wp-content\/uploads\/2025\/10\/Icone-byzantine-du-prophete-Isaie-.jpg\" alt=\"\" class=\"wp-image-402\" style=\"box-shadow:var(--wp--preset--shadow--natural);width:190px\" srcset=\"https:\/\/aumonerie-catholique-chu.fr\/wp-content\/uploads\/2025\/10\/Icone-byzantine-du-prophete-Isaie-.jpg 1024w, https:\/\/aumonerie-catholique-chu.fr\/wp-content\/uploads\/2025\/10\/Icone-byzantine-du-prophete-Isaie--300x300.jpg 300w, https:\/\/aumonerie-catholique-chu.fr\/wp-content\/uploads\/2025\/10\/Icone-byzantine-du-prophete-Isaie--150x150.jpg 150w, https:\/\/aumonerie-catholique-chu.fr\/wp-content\/uploads\/2025\/10\/Icone-byzantine-du-prophete-Isaie--768x768.jpg 768w\" sizes=\"auto, (max-width: 1024px) 100vw, 1024px\" \/><\/figure>\n\n\n\n<p class=\"has-medium-font-size\">Ce texte est une pri\u00e8re du roi \u00c9z\u00e9chias qui \u00e9tait malade d\u2019une maladie mortelle (Isa\u00efe 38)&nbsp;; on le trouve dans la Bible au proph\u00e8te Isa\u00efe. Ce passage vous concerne directement.<\/p>\n\n\n\n<p class=\"has-medium-font-size\">M\u00eame face \u00e0 un diagnostic implacable o\u00f9 tout espoir humain s&rsquo;\u00e9teint, l&rsquo;Histoire Sainte nous rappelle une v\u00e9rit\u00e9 essentielle : votre vie est dans la main de Dieu. Il entend votre pri\u00e8re et voit vos larmes.<\/p>\n\n\n\n<p class=\"has-medium-font-size\">Le roi, avec un c\u0153ur bris\u00e9, a cri\u00e9 vers Dieu, non en exigeant, mais en faisant appel \u00e0 la Mis\u00e9ricorde divine. L&rsquo;esp\u00e9rance que nous offre ce passage n&rsquo;est pas une garantie que chaque maladie sera gu\u00e9rie de la mani\u00e8re que nous souhaitons, mais c&rsquo;est la certitude que <strong>vous n\u2019\u00eates pas seul. Dieu est avec vous, Lui, le Ma\u00eetre de la Vie.<\/strong><\/p>\n\n\n\n<p class=\"has-medium-font-size\">Dans votre combat, sachez que le Cr\u00e9ateur lui-m\u00eame s&rsquo;est pench\u00e9 sur l&rsquo;angoisse du mourant et a apport\u00e9 la gu\u00e9rison, changeant l&rsquo;amertume en paix. Criez vers Lui avec confiance : J\u00e9sus, j\u2019ai confiance en Toi.<\/p>\n\n\n\n<div class=\"wp-block-buttons is-layout-flex wp-block-buttons-is-layout-flex\">\n<div class=\"wp-block-button\"><a class=\"wp-block-button__link wp-element-button\" href=\"https:\/\/aumonerie-catholique-chu.fr\/index.php\/priere-de-demande-de-guerison\/\">Retour<\/a><\/div>\n<\/div>\n","protected":false},"excerpt":{"rendered":"<p>Ce texte est une pri\u00e8re du roi \u00c9z\u00e9chias qui \u00e9tait malade d\u2019une maladie mortelle (Isa\u00efe 38)&nbsp;; on le trouve dans la Bible au proph\u00e8te Isa\u00efe. Ce passage vous concerne directement. M\u00eame face \u00e0 un diagnostic implacable o\u00f9 tout espoir humain s&rsquo;\u00e9teint, l&rsquo;Histoire Sainte nous rappelle une v\u00e9rit\u00e9 essentielle : votre vie est dans la main [&hellip;]<\/p>\n","protected":false},"author":1,"featured_media":0,"parent":0,"menu_order":0,"comment_status":"closed","ping_status":"closed","template":"","meta":{"footnotes":""},"class_list":["post-311","page","type-page","status-publish","hentry"],"_links":{"self":[{"href":"https:\/\/aumonerie-catholique-chu.fr\/index.php\/wp-json\/wp\/v2\/pages\/311","targetHints":{"allow":["GET"]}}],"collection":[{"href":"https:\/\/aumonerie-catholique-chu.fr\/index.php\/wp-json\/wp\/v2\/pages"}],"about":[{"href":"https:\/\/aumonerie-catholique-chu.fr\/index.php\/wp-json\/wp\/v2\/types\/page"}],"author":[{"embeddable":true,"href":"https:\/\/aumonerie-catholique-chu.fr\/index.php\/wp-json\/wp\/v2\/users\/1"}],"replies":[{"embeddable":true,"href":"https:\/\/aumonerie-catholique-chu.fr\/index.php\/wp-json\/wp\/v2\/comments?post=311"}],"version-history":[{"count":6,"href":"https:\/\/aumonerie-catholique-chu.fr\/index.php\/wp-json\/wp\/v2\/pages\/311\/revisions"}],"predecessor-version":[{"id":420,"href":"https:\/\/aumonerie-catholique-chu.fr\/index.php\/wp-json\/wp\/v2\/pages\/311\/revisions\/420"}],"wp:attachment":[{"href":"https:\/\/aumonerie-catholique-chu.fr\/index.php\/wp-json\/wp\/v2\/media?parent=311"}],"curies":[{"name":"wp","href":"https:\/\/api.w.org\/{rel}","templated":true}]}}