{"id":338,"date":"2025-10-17T19:20:18","date_gmt":"2025-10-17T19:20:18","guid":{"rendered":"https:\/\/aumonerie-catholique-chu.fr\/?page_id=338"},"modified":"2025-10-23T18:32:56","modified_gmt":"2025-10-23T18:32:56","slug":"etre-beni","status":"publish","type":"page","link":"https:\/\/aumonerie-catholique-chu.fr\/index.php\/etre-beni\/","title":{"rendered":"Etre b\u00e9ni"},"content":{"rendered":"\n<figure class=\"wp-block-image aligncenter size-large is-resized is-style-rounded is-style-rounded--1\"><img loading=\"lazy\" decoding=\"async\" width=\"683\" height=\"1024\" src=\"https:\/\/aumonerie-catholique-chu.fr\/wp-content\/uploads\/2025\/10\/ChatGPT-Image-20-oct.-2025-17_53_57-683x1024.jpg\" alt=\"\" class=\"wp-image-516\" style=\"box-shadow:var(--wp--preset--shadow--natural);width:190px\" srcset=\"https:\/\/aumonerie-catholique-chu.fr\/wp-content\/uploads\/2025\/10\/ChatGPT-Image-20-oct.-2025-17_53_57-683x1024.jpg 683w, https:\/\/aumonerie-catholique-chu.fr\/wp-content\/uploads\/2025\/10\/ChatGPT-Image-20-oct.-2025-17_53_57-200x300.jpg 200w, https:\/\/aumonerie-catholique-chu.fr\/wp-content\/uploads\/2025\/10\/ChatGPT-Image-20-oct.-2025-17_53_57-768x1152.jpg 768w, https:\/\/aumonerie-catholique-chu.fr\/wp-content\/uploads\/2025\/10\/ChatGPT-Image-20-oct.-2025-17_53_57.jpg 1024w\" sizes=\"auto, (max-width: 683px) 100vw, 683px\" \/><\/figure>\n\n\n\n<div style=\"height:20px\" aria-hidden=\"true\" class=\"wp-block-spacer\"><\/div>\n\n\n\n<p class=\"has-small-font-size\"><strong>Recevoir une b\u00e9n\u00e9diction<\/strong>, c\u2019est accueillir un signe de la tendresse de Dieu, un souffle de paix et d\u2019esp\u00e9rance dans un moment fragile. C&rsquo;est comme une ros\u00e9e qui descend sur l&rsquo;\u00e2me, qui la rafra\u00eechit.<br>Elle rappelle que votre vie, dans la maladie comme dans la sant\u00e9, a du prix aux yeux de Dieu.<br>Un membre de l\u2019aum\u00f4nerie peut venir vous rencontrer, vous \u00e9couter, prier avec vous et vous b\u00e9nir.<br>Cette b\u00e9n\u00e9diction peut \u00eatre v\u00e9cue seul, en famille ou avec d\u2019autres malades. Elle ne remplace pas les sacrements, mais elle en partage la m\u00eame lumi\u00e8re et la m\u00eame paix.<\/p>\n\n\n\n<p class=\"has-small-font-size\"><br>Vous pouvez aussi demander une <strong>b\u00e9n\u00e9diction pour les \u00e9poux<\/strong> : un beau moment pour renouveler votre engagement de mariage, quand la vie \u00e0 deux traverse l\u2019\u00e9preuve. Elle rappelle la promesse d\u2019aimer \u00ab <em>dans le bonheur et dans les \u00e9preuves, dans la sant\u00e9 et dans la maladie<\/em> \u00bb.<\/p>\n\n\n\n<p class=\"has-small-font-size\">N&rsquo;h\u00e9sitez pas \u00e0 nous contacter, un membre de l\u2019\u00e9quipe d\u2019aum\u00f4nerie viendra vous visiter.<\/p>\n\n\n\n<p class=\"has-small-font-size\">Vous pouvez nous appeler en cliquant ici :<\/p>\n\n\n\n<p class=\"has-base-2-color has-contrast-background-color has-text-color has-background has-link-color has-small-font-size wp-elements-39cb7c4aefc9911a985f836edb866675\" style=\"border-style:none;border-width:0px;border-radius:6px;padding-top:10px;padding-right:3rem;padding-bottom:10px;padding-left:3rem\"><a href=\"tel:+33557656175\">J&rsquo;appelle l&rsquo;aum\u00f4nerie<\/a><\/p>\n\n\n\n<p class=\"has-small-font-size\">Vous pouvez aussi remplir le formulaire en cliquant sur le bouton ci-dessous pour faire votre demande :<\/p>\n\n\n\n<div class=\"wp-block-buttons is-layout-flex wp-block-buttons-is-layout-flex\">\n<div class=\"wp-block-button\"><a class=\"wp-block-button__link wp-element-button\" href=\"https:\/\/docs.google.com\/forms\/d\/e\/1FAIpQLScxMjO_huBRxYlkQoFDRFd_WD2fDqe4cTzRIX49xg__Vpw-8Q\/viewform?usp=header\">Je remplis le formulaire<\/a><\/div>\n<\/div>\n","protected":false},"excerpt":{"rendered":"<p>Recevoir une b\u00e9n\u00e9diction, c\u2019est accueillir un signe de la tendresse de Dieu, un souffle de paix et d\u2019esp\u00e9rance dans un moment fragile. C&rsquo;est comme une ros\u00e9e qui descend sur l&rsquo;\u00e2me, qui la rafra\u00eechit.Elle rappelle que votre vie, dans la maladie comme dans la sant\u00e9, a du prix aux yeux de Dieu.Un membre de l\u2019aum\u00f4nerie peut [&hellip;]<\/p>\n","protected":false},"author":1,"featured_media":0,"parent":0,"menu_order":0,"comment_status":"closed","ping_status":"closed","template":"","meta":{"footnotes":""},"class_list":["post-338","page","type-page","status-publish","hentry"],"_links":{"self":[{"href":"https:\/\/aumonerie-catholique-chu.fr\/index.php\/wp-json\/wp\/v2\/pages\/338","targetHints":{"allow":["GET"]}}],"collection":[{"href":"https:\/\/aumonerie-catholique-chu.fr\/index.php\/wp-json\/wp\/v2\/pages"}],"about":[{"href":"https:\/\/aumonerie-catholique-chu.fr\/index.php\/wp-json\/wp\/v2\/types\/page"}],"author":[{"embeddable":true,"href":"https:\/\/aumonerie-catholique-chu.fr\/index.php\/wp-json\/wp\/v2\/users\/1"}],"replies":[{"embeddable":true,"href":"https:\/\/aumonerie-catholique-chu.fr\/index.php\/wp-json\/wp\/v2\/comments?post=338"}],"version-history":[{"count":14,"href":"https:\/\/aumonerie-catholique-chu.fr\/index.php\/wp-json\/wp\/v2\/pages\/338\/revisions"}],"predecessor-version":[{"id":660,"href":"https:\/\/aumonerie-catholique-chu.fr\/index.php\/wp-json\/wp\/v2\/pages\/338\/revisions\/660"}],"wp:attachment":[{"href":"https:\/\/aumonerie-catholique-chu.fr\/index.php\/wp-json\/wp\/v2\/media?parent=338"}],"curies":[{"name":"wp","href":"https:\/\/api.w.org\/{rel}","templated":true}]}}