{"id":352,"date":"2025-10-17T19:48:15","date_gmt":"2025-10-17T19:48:15","guid":{"rendered":"https:\/\/aumonerie-catholique-chu.fr\/?page_id=352"},"modified":"2025-10-18T10:06:52","modified_gmt":"2025-10-18T10:06:52","slug":"neuvaine-a-la-divine-misericorde","status":"publish","type":"page","link":"https:\/\/aumonerie-catholique-chu.fr\/index.php\/neuvaine-a-la-divine-misericorde\/","title":{"rendered":"Neuvaine \u00e0 la divine Mis\u00e9ricorde"},"content":{"rendered":"\n<p class=\"has-small-font-size\">J\u00e9sus a demand\u00e9 \u00e0 Sainte Faustine d\u2019\u00e9crire et de r\u00e9citer une neuvaine de pri\u00e8re en l&rsquo;honneur de la Mis\u00e9ricorde divine. Cette neuvaine de pri\u00e8re commence chaque ann\u00e9e le Vendredi Saint (jour de la mort de J\u00e9sus) et se termine le samedi qui suit P\u00e2ques, pour introduire l&rsquo;Eglise dans la <a href=\"https:\/\/www.vatican.va\/content\/john-paul-ii\/fr\/homilies\/2000\/documents\/hf_jp-ii_hom_20000430_faustina.html\">F\u00eate de la divine Mis\u00e9ricorde<\/a> qui a lieu le dimanche qui suit la f\u00eate de P\u00e2ques.<\/p>\n\n\n\n<div style=\"height:20px\" aria-hidden=\"true\" class=\"wp-block-spacer\"><\/div>\n\n\n\n<figure class=\"wp-block-image aligncenter size-large is-resized is-style-rounded is-style-rounded--1\"><img loading=\"lazy\" decoding=\"async\" width=\"702\" height=\"1024\" src=\"https:\/\/aumonerie-catholique-chu.fr\/wp-content\/uploads\/2025\/10\/ChatGPT-Image-17-oct.-2025-21_54_53-702x1024.jpg\" alt=\"\" class=\"wp-image-358\" style=\"box-shadow:var(--wp--preset--shadow--natural);width:190px\" srcset=\"https:\/\/aumonerie-catholique-chu.fr\/wp-content\/uploads\/2025\/10\/ChatGPT-Image-17-oct.-2025-21_54_53-702x1024.jpg 702w, https:\/\/aumonerie-catholique-chu.fr\/wp-content\/uploads\/2025\/10\/ChatGPT-Image-17-oct.-2025-21_54_53-206x300.jpg 206w, https:\/\/aumonerie-catholique-chu.fr\/wp-content\/uploads\/2025\/10\/ChatGPT-Image-17-oct.-2025-21_54_53-768x1120.jpg 768w, https:\/\/aumonerie-catholique-chu.fr\/wp-content\/uploads\/2025\/10\/ChatGPT-Image-17-oct.-2025-21_54_53.jpg 869w\" sizes=\"auto, (max-width: 702px) 100vw, 702px\" \/><\/figure>\n\n\n\n<div style=\"height:20px\" aria-hidden=\"true\" class=\"wp-block-spacer\"><\/div>\n\n\n\n<p class=\"has-small-font-size\">J\u00e9sus a dit \u00e0 Sainte Faustine : \u00ab<strong>Je d\u00e9sire que, durant ces neuf jours, tu am\u00e8nes les \u00e2mes \u00e0 la source de ma Mis\u00e9ricorde, afin qu\u2019elles puisent force et soulagement, ainsi que toutes les gr\u00e2ces dont elles ont besoin dans les difficult\u00e9s de la vie et particuli\u00e8rement \u00e0 l\u2019heure de la mort. Chaque jour tu am\u00e8neras jusqu\u2019\u00e0 mon C\u0153ur un nouveau groupe d\u2019\u00e2mes et tu les plongeras dans l\u2019immensit\u00e9 de ma Mis\u00e9ricorde. Et Moi Je les conduirai toutes dans la maison de mon P\u00e8re. Tu feras cela dans cette vie et dans l\u2019autre. Je ne refuserai rien \u00e0 toute \u00e2me que tu am\u00e8neras \u00e0 la source de ma Mis\u00e9ricorde. Et chaque jour tu imploreras mon P\u00e8re, au nom de ma douloureuse Passion de t\u2019accorder des gr\u00e2ces pour ces \u00e2mes-l\u00e0<\/strong>. J\u2019ai r\u00e9pondu : J\u00e9sus, je ne sais comment faire cette neuvaine, ni quelles \u00e2mes conduire tout d\u2019abord \u00e0 votre C\u0153ur tr\u00e8s mis\u00e9ricordieux. J\u00e9sus me r\u00e9pondit qu\u2019Il me dirait chaque jour quelles \u00e2mes je devais conduire \u00e0 Son C\u0153ur.\u00a0\u00bb<\/p>\n\n\n\n<p class=\"has-large-font-size\">Premier jour<\/p>\n\n\n\n<p class=\"has-small-font-size\"><strong>\u00ab&nbsp;Aujourd\u2019hui, am\u00e8ne-Moi l\u2019humanit\u00e9 enti\u00e8re, particuli\u00e8rement les p\u00e9cheurs. Immerge-les dans l\u2019immensit\u00e9 de ma Mis\u00e9ricorde. Tu Me consoleras ainsi de cette am\u00e8re tristesse dans laquelle Me plonge la perte des \u00e2mes&nbsp;\u00bb.<\/strong><\/p>\n\n\n\n<p class=\"has-small-font-size\">Tr\u00e8s mis\u00e9ricordieux J\u00e9sus, dont le propre est d\u2019avoir piti\u00e9 de nous et de nous pardonner, ne regardez pas nos p\u00e9ch\u00e9s, mais la confiance que nous avons en votre infinie bont\u00e9. Recevez-nous dans la demeure de votre C\u0153ur tr\u00e8s mis\u00e9ricordieux et ne permettez pas que nous en sortions pour l\u2019\u00e9ternit\u00e9. Nous Vous en supplions par l\u2019amour qui Vous unit au P\u00e8re et au Saint-Esprit.<\/p>\n\n\n\n<p class=\"has-small-font-size\"><em>\u00d4 Toute-puissante Mis\u00e9ricorde de Dieu,<br>Secours du p\u00e9cheur,<br>Oc\u00e9an d\u2019amour infini et de piti\u00e9,<br>Vous venez en aide \u00e0 ceux qui Vous prient avec humilit\u00e9.<\/em><\/p>\n\n\n\n<p class=\"has-small-font-size\">P\u00e8re \u00c9ternel, jetez un regard de Mis\u00e9ricorde sur toute l\u2019humanit\u00e9, et particuli\u00e8rement sur les pauvres p\u00e9cheurs, enferm\u00e9s dans le C\u0153ur tr\u00e8s mis\u00e9ricordieux de J\u00e9sus. Par sa douloureuse Passion, faites-nous Mis\u00e9ricorde afin que soit glorifi\u00e9e votre toute-puissante Mis\u00e9ricorde dans les si\u00e8cles des si\u00e8cles. Amen.<\/p>\n\n\n\n<p class=\"has-large-font-size\">Deuxi\u00e8me jour<\/p>\n\n\n\n<p class=\"has-small-font-size\"><strong>\u00ab Aujourd\u2019hui am\u00e8ne-Moi les \u00e2mes sacerdotales et religieuses, et plonge-les dans mon insondable Mis\u00e9ricorde. Elles m\u2019ont donn\u00e9 la force de supporter mon am\u00e8re passion. Par elles comme par des canaux, ma Mis\u00e9ricorde s\u2019\u00e9coule sur l\u2019humanit\u00e9<\/strong>.<strong>&nbsp;\u00bb<\/strong><\/p>\n\n\n\n<p class=\"has-small-font-size\">Tr\u00e8s mis\u00e9ricordieux J\u00e9sus, de qui provient tout ce qui est bon, multipliez vos gr\u00e2ces en nous, afin que nous accomplissions dignement les actes de Mis\u00e9ricorde, et que notre prochain en glorifie le P\u00e8re de Mis\u00e9ricorde qui est aux cieux.<\/p>\n\n\n\n<p class=\"has-small-font-size\"><em>Jaillie de la mer de Mis\u00e9ricorde,<br>La fontaine de l\u2019Amour divin habite les c\u0153urs purs,<br>Scintillante comme l\u2019\u00e9toile,<br>Limpide comme l\u2019aurore.<\/em><\/p>\n\n\n\n<p class=\"has-small-font-size\">P\u00e8re \u00c9ternel, jetez un regard de Mis\u00e9ricorde sur ce groupe d\u2019\u00e9lus au c\u0153ur de votre vigne : les \u00e2mes sacerdotales et religieuses. Accordez-leur les bienfaits de votre b\u00e9n\u00e9diction. Par amour pour le C\u0153ur de votre Fils qui est leur demeure, conc\u00e9dez-leur le pouvoir de votre lumi\u00e8re, afin qu\u2019elles puissent guider les autres sur le chemin du salut, et qu\u2019elles puissent toutes ensemble rendre hommage \u00e0 votre insondable Mis\u00e9ricorde pour l\u2019\u00e9ternit\u00e9. Amen.<\/p>\n\n\n\n<p class=\"has-large-font-size\">Troisi\u00e8me jour<\/p>\n\n\n\n<p class=\"has-small-font-size\"><strong>\u00ab Aujourd\u2019hui, am\u00e8ne-moi toutes les \u00e2mes pieuses et fid\u00e8les et plonge-les dans l\u2019oc\u00e9an de ma Mis\u00e9ricorde. Ces \u00e2mes Me consol\u00e8rent sur le chemin du Calvaire. Elles furent cette goutte de consolation dans un oc\u00e9an d\u2019amertume. \u00bb<\/strong><\/p>\n\n\n\n<p class=\"has-small-font-size\">Tr\u00e8s mis\u00e9ricordieux J\u00e9sus qui accordez surabondamment le tr\u00e9sor de votre Mis\u00e9ricorde \u00e0 tous, recevez-nous tous dans la demeure de votre C\u0153ur tr\u00e8s compatissant. Et ne nous en laissez pas sortir pour l\u2019\u00e9ternit\u00e9, je Vous en supplie par cet inconcevable amour dont br\u00fble votre C\u0153ur pour le P\u00e8re C\u00e9leste.<\/p>\n\n\n\n<p class=\"has-small-font-size\"><em>Imp\u00e9n\u00e9trables merveilles de la Mis\u00e9ricorde,<br>Insondables au p\u00e9cheur comme au juste,<br>Lorsque sur nous, vous jetez un regard de piti\u00e9,<br>Vous nous attirez tous vers votre Amour !<\/em><\/p>\n\n\n\n<p class=\"has-small-font-size\">P\u00e8re \u00c9ternel, jetez un regard de Mis\u00e9ricorde sur les \u00e2mes fid\u00e8les, h\u00e9ritage de votre Fils. Par sa douloureuse Passion, accordez-leur votre b\u00e9n\u00e9diction et entourez-les de votre incessante protection afin qu\u2019elles ne perdent l\u2019amour ni le tr\u00e9sor de la sainte foi, mais qu\u2019elles glorifient votre infinie Mis\u00e9ricorde avec le ch\u0153ur des Anges et des Saints pour l\u2019\u00e9ternit\u00e9. Amen.<\/p>\n\n\n\n<p class=\"has-large-font-size\">Quatri\u00e8me jour<\/p>\n\n\n\n<p class=\"has-small-font-size\"><strong>\u00ab Aujourd\u2019hui, am\u00e8ne-moi les pa\u00efens et ceux qui ne Me connaissent pas encore. Je pensais aussi \u00e0 eux durant ma douloureuse Passion, et leur z\u00e8le futur consolait mon C\u0153ur. Plonge-les dans l\u2019immensit\u00e9 de ma Mis\u00e9ricorde. \u00bb<\/strong><\/p>\n\n\n\n<p class=\"has-small-font-size\">Tr\u00e8s compatissant J\u00e9sus qui \u00eates la lumi\u00e8re du monde, recevez dans la demeure de votre C\u0153ur tr\u00e8s compatissant les \u00e2mes des pa\u00efens et de ceux qui ne Vous connaissent pas encore. Que les rayons de votre gr\u00e2ce les illuminent, afin qu\u2019elles aussi glorifient avec nous les merveilles de votre Mis\u00e9ricorde. Et ne les laissez pas sortir de la demeure de votre C\u0153ur tr\u00e8s compatissant.<\/p>\n\n\n\n<p class=\"has-small-font-size\"><em>Faites que la lumi\u00e8re de votre amour, mon Dieu,<br>Illumine enfin toutes les \u00e2mes rest\u00e9es dans les t\u00e9n\u00e8bres,<br>Et que n\u2019h\u00e9sitant plus \u00e0 Vous reconna\u00eetre,<br>Elles chantent avec nous la gloire de votre Mis\u00e9ricorde&nbsp;!<\/em><\/p>\n\n\n\n<p class=\"has-small-font-size\">P\u00e8re \u00c9ternel, jetez un regard de Mis\u00e9ricorde sur les \u00e2mes des pa\u00efens et de tous ceux qui ne Vous connaissent pas encore, mais qui sont enferm\u00e9es dans le C\u0153ur tr\u00e8s compatissant de J\u00e9sus. Attirez-les vers la lumi\u00e8re de l\u2019Evangile. Elles ne savent pas combien est grand le bonheur de Vous aimer. Faites donc qu\u2019elles aussi puissent glorifier la munificence de votre Mis\u00e9ricorde dans les si\u00e8cles des si\u00e8cles. Amen.<\/p>\n\n\n\n<p class=\"has-large-font-size\">Cinqui\u00e8me jour<\/p>\n\n\n\n<p class=\"has-small-font-size\"><strong>\u00ab Aujourd\u2019hui, am\u00e8ne-Moi les \u00e2mes des h\u00e9r\u00e9tiques et des apostats. Plonge-les dans l\u2019immensit\u00e9 de Ma Mis\u00e9ricorde. Dans mon am\u00e8re Passion, elles Me d\u00e9chiraient le Corps et le C\u0153ur, c\u2019est-\u00e0-dire mon \u00c9glise. Lorsqu\u2019elles reviendront \u00e0 l\u2019unit\u00e9 de l\u2019\u00c9glise alors se cicatriseront mes plaies. Et de cette fa\u00e7on elles Me soulageront dans ma Passion. \u00bb<\/strong><\/p>\n\n\n\n<p class=\"has-small-font-size\">Tr\u00e8s Mis\u00e9ricordieux J\u00e9sus qui \u00eates la bont\u00e9 m\u00eame, Vous ne refusez pas la lumi\u00e8re \u00e0 ceux qui Vous la demandent. Recevez dans la demeure de votre C\u0153ur tr\u00e8s compatissant les \u00e2mes des h\u00e9r\u00e9tiques et des apostats. Par votre lumi\u00e8re, ramenez-les \u00e0 l\u2019unit\u00e9 de l\u2019\u00c9glise. Ne les laissez pas sortir de la demeure de votre C\u0153ur tr\u00e8s compatissant, mais faites qu\u2019elles aussi glorifient la munificence de votre Mis\u00e9ricorde.<\/p>\n\n\n\n<p class=\"has-small-font-size\"><em>M\u00eame pour ceux qui mirent en pi\u00e8ces le manteau de l\u2019unit\u00e9,<br>Coule en votre C\u0153ur une source de piti\u00e9.<br>Par la toute-puissance de votre Mis\u00e9ricorde, \u00f4 Dieu,<br>Vous pouvez aussi retirer ces \u00e2mes de l\u2019erreur.<\/em><\/p>\n\n\n\n<p class=\"has-small-font-size\">P\u00e8re \u00c9ternel, jetez un regard mis\u00e9ricordieux sur les \u00e2mes des h\u00e9r\u00e9tiques et des apostats qui, persistant obstin\u00e9ment dans leurs erreurs, gaspill\u00e8rent vos bont\u00e9s et abus\u00e8rent de vos gr\u00e2ces. Ne regardez pas leurs fautes, mais l\u2019amour de votre Fils et son am\u00e8re Passion qu\u2019Il souffrit \u00e9galement pour elles, puisqu\u2019elles aussi sont enferm\u00e9es dans le C\u0153ur tr\u00e8s compatissant de J\u00e9sus. Faites qu\u2019elles aussi glorifient votre immense Mis\u00e9ricorde dans les si\u00e8cles des si\u00e8cles. Amen.<\/p>\n\n\n\n<p class=\"has-large-font-size\">Sixi\u00e8me jour<\/p>\n\n\n\n<p class=\"has-small-font-size\"><strong>\u00ab Aujourd\u2019hui, am\u00e8ne-Moi les \u00e2mes douces et humbles, ainsi que celles des petits enfants et plonge-les dans ma Mis\u00e9ricorde. Ce sont elles qui ressemblent le plus \u00e0 mon C\u0153ur. Elles m\u2019ont r\u00e9confort\u00e9 dans mon am\u00e8re agonie. Je les voyais veiller sur mes autels comme des anges terrestres. Sur elles Je verse des torrents de gr\u00e2ces. Ma gr\u00e2ce ne peut \u00eatre re\u00e7ue que par les \u00e2mes pleines d\u2019humilit\u00e9. Ce sont ces \u00e2mes-l\u00e0 en qui Je mets ma confiance. \u00bb<\/strong><\/p>\n\n\n\n<p class=\"has-small-font-size\">Tr\u00e8s mis\u00e9ricordieux J\u00e9sus qui avez dit Vous-m\u00eame : \u00ab Apprenez de Moi que Je suis doux et humble de C\u0153ur \u00bb, recevez dans la demeure de votre C\u0153ur tr\u00e8s compatissant les \u00e2mes douces et humbles, ainsi que celles des petits enfants. Ces \u00e2mes-l\u00e0 plongent dans le ravissement le ciel entier, et sont particuli\u00e8rement aim\u00e9es du P\u00e8re des Cieux. Elles forment un bouquet de fleurs devant le tr\u00f4ne divin dont Dieu seul respire le parfum. Ces \u00e2mes-l\u00e0 demeurent pour toujours dans le C\u0153ur tr\u00e8s compatissant de J\u00e9sus, chantant sans cesse l\u2019hymne de l\u2019amour et de la Mis\u00e9ricorde pour l\u2019\u00e9ternit\u00e9.<\/p>\n\n\n\n<p class=\"has-small-font-size\"><em>L\u2019\u00e2me v\u00e9ritablement humble et douce,<br>Respire d\u00e9j\u00e0 le Paradis sur terre,<br>D\u2019un parfum d\u2019humilit\u00e9 son c\u0153ur<br>Grise le Cr\u00e9ateur Lui-m\u00eame.<\/em><\/p>\n\n\n\n<p class=\"has-small-font-size\">P\u00e8re \u00c9ternel, jetez un regard de Mis\u00e9ricorde sur les \u00e2mes douces et humbles, ainsi que sur celles des petits enfants demeurant dans le C\u0153ur tr\u00e8s compatissant de J\u00e9sus. Ce sont ces \u00e2mes-l\u00e0 qui ressemblent le plus \u00e0 votre Fils. Le parfum de ces \u00e2mes monte de la terre et s\u2019\u00e9l\u00e8ve jusqu\u2019\u00e0 votre tr\u00f4ne. P\u00e8re de Mis\u00e9ricorde et de toute bont\u00e9, je Vous implore par l\u2019amour et la pr\u00e9dilection que Vous avez pour ces \u00e2mes, de bien vouloir b\u00e9nir le monde entier, afin que toutes les \u00e2mes puissent chanter ensemble la gloire de votre Mis\u00e9ricorde pour l\u2019\u00e9ternit\u00e9. Amen.<\/p>\n\n\n\n<p class=\"has-large-font-size\">Septi\u00e8me jour<\/p>\n\n\n\n<p class=\"has-small-font-size\"><strong>\u00ab Aujourd\u2019hui, am\u00e8ne-Moi les \u00e2mes qui v\u00e9n\u00e8rent et glorifient particuli\u00e8rement ma Mis\u00e9ricorde et plonge-les en elles. Ces \u00e2mes-l\u00e0 ont le plus partag\u00e9 les souffrances de ma Passion. Ce sont elles qui ont p\u00e9n\u00e9tr\u00e9 le plus profond\u00e9ment en mon \u00e2me. Elles sont le vivant reflet de mon C\u0153ur compatissant. Ces \u00e2mes brilleront d\u2019un \u00e9clat particulier dans la vie future. Aucune n\u2019ira en enfer. Je d\u00e9fendrai chacune d\u2019elles en particulier \u00e0 l\u2019heure de la mort. \u00bb<\/strong><\/p>\n\n\n\n<p class=\"has-small-font-size\">Tr\u00e8s mis\u00e9ricordieux J\u00e9sus dont le C\u0153ur n\u2019est qu\u2019amour, recevez dans la demeure de votre C\u0153ur tr\u00e8s compatissant les \u00e2mes qui v\u00e9n\u00e8rent et glorifient plus particuli\u00e8rement l\u2019immensit\u00e9 de votre Mis\u00e9ricorde. Dot\u00e9es de la puissance m\u00eame de Dieu, elles avancent confiantes en votre Mis\u00e9ricorde au milieu de tous les tourments et contrari\u00e9t\u00e9s. Ces \u00e2mes sont unies \u00e0 J\u00e9sus et portent le poids de l\u2019humanit\u00e9 enti\u00e8re sur leurs \u00e9paules. Elles ne seront pas jug\u00e9es s\u00e9v\u00e8rement, mais votre Mis\u00e9ricorde les prot\u00e8gera au moment de l\u2019agonie.<\/p>\n\n\n\n<p class=\"has-small-font-size\"><em>L\u2019\u00e2me qui c\u00e9l\u00e8bre la bont\u00e9 du Seigneur<br>Est, de Lui, tout particuli\u00e8rement ch\u00e9rie.<br>Pr\u00e8s de la Source de vie, elle a trouv\u00e9 demeure,<br>Et puise mille gr\u00e2ces en la Mis\u00e9ricorde de Dieu.<\/em><\/p>\n\n\n\n<p class=\"has-small-font-size\">P\u00e8re \u00c9ternel, daignez jeter un regard de Mis\u00e9ricorde sur les \u00e2mes qui c\u00e9l\u00e8brent et v\u00e9n\u00e8rent votre plus grand attribut : votre infinie Mis\u00e9ricorde. Enferm\u00e9es dans le C\u0153ur tr\u00e8s compatissant de J\u00e9sus, elles sont un vivant Evangile. Leurs mains sont pleines d\u2019actes de mis\u00e9ricorde. Combl\u00e9es de joie elles chantent l\u2019hymne de la Mis\u00e9ricorde du Tr\u00e8s-Haut. Je Vous en supplie, manifestez-leur votre Mis\u00e9ricorde selon l\u2019espoir et la confiance qu\u2019elles ont mis en Vous. Que s\u2019accomplisse en elles la promesse de J\u00e9sus qui a dit : \u00ab&nbsp;Je d\u00e9fendrai leur vie durant, comme Ma propre Gloire, les \u00e2mes qui v\u00e9n\u00e9reront mon infinie Mis\u00e9ricorde. Je les d\u00e9fendrai tout particuli\u00e8rement \u00e0 l\u2019heure de la mort&nbsp;\u00bb.<\/p>\n\n\n\n<p class=\"has-large-font-size\">Huiti\u00e8me jour<\/p>\n\n\n\n<p class=\"has-small-font-size\"><strong>\u00ab Aujourd\u2019hui, am\u00e8ne-Moi les \u00e2mes qui sont au Purgatoire et plonge-les dans l\u2019ab\u00eeme de ma Mis\u00e9ricorde. Que les flots de mon Sang rafra\u00eechissent leurs br\u00fblures. Toutes ces \u00e2mes Me sont tr\u00e8s ch\u00e8res, mais elles Me rendent Justice. Il est en ton pouvoir de leur apporter quelque soulagement. Puise dans le tr\u00e9sor de mon \u00c9glise toutes les indulgences, et offre-les en leur nom. Oh ! Si tu connaissais leur souffrance, tu offrirais sans cesse en leur nom l\u2019aum\u00f4ne de tes pri\u00e8res, et tu paierais leurs dettes \u00e0 ma Justice. \u00bb<\/strong><\/p>\n\n\n\n<p class=\"has-small-font-size\">Tr\u00e8s mis\u00e9ricordieux J\u00e9sus qui avez dit vouloir Vous-m\u00eame la Mis\u00e9ricorde, voici que j\u2019am\u00e8ne \u00e0 la demeure de votre C\u0153ur tr\u00e8s compatissant, les \u00e2mes du Purgatoire, qui Vous sont tr\u00e8s ch\u00e8res, mais qui pourtant doivent rendre des comptes \u00e0 votre Justice. Que les flots de Sang et d\u2019Eau jaillis de votre C\u0153ur \u00e9teignent les flammes du feu purificateur afin que, l\u00e0 aussi, soit glorifi\u00e9e la puissance de votre Mis\u00e9ricorde.<\/p>\n\n\n\n<p class=\"has-small-font-size\"><em>De la terrible ardeur du feu purificateur,<br>Une plainte s\u2019\u00e9l\u00e8ve vers votre Mis\u00e9ricorde,<br>Demandant consolation, soulagement, fra\u00eecheur,<br>Des seuls ruisseaux d\u2019Eau \u00e0 votre Sang m\u00eal\u00e9s.<\/em><\/p>\n\n\n\n<p class=\"has-small-font-size\">P\u00e8re \u00c9ternel, daignez jeter un regard de Mis\u00e9ricorde sur les \u00e2mes souffrant au Purgatoire, enferm\u00e9es dans le C\u0153ur tr\u00e8s compatissant de J\u00e9sus. Je Vous implore par la douloureuse Passion de J\u00e9sus, votre Fils, et par toute l\u2019amertume dont son \u00e2me tr\u00e8s sainte fut inond\u00e9e, de manifester votre Mis\u00e9ricorde aux \u00e2mes qui sont soumises \u00e0 votre Justice sans d\u00e9faut. Que votre regard ne tienne compte que des m\u00e9rites des plaies de J\u00e9sus, votre tr\u00e8s cher Fils, car nous croyons que votre bont\u00e9 et votre piti\u00e9 sont infinies.<\/p>\n\n\n\n<p class=\"has-large-font-size\">Neuvi\u00e8me jour<\/p>\n\n\n\n<p class=\"has-small-font-size\"><strong>\u00ab Aujourd\u2019hui, am\u00e8ne-Moi les \u00e2mes indiff\u00e9rentes et froides, et plonge-les dans l\u2019ab\u00eeme de ma Mis\u00e9ricorde. Ce sont ces \u00e2mes-l\u00e0 qui blessent le plus douloureusement mon C\u0153ur. Ce sont elles, qui au Jardin des Oliviers, M\u2019inspir\u00e8rent la plus grande aversion. C\u2019est \u00e0 cause d\u2019elles que J\u2019ai dit : \u00ab&nbsp;Mon P\u00e8re, s\u2019il est possible, que cette coupe passe loin de Moi !&nbsp;\u00bb Pour elles, l\u2019ultime planche de salut est de recourir \u00e0 ma Mis\u00e9ricorde \u00bb.<\/strong><\/p>\n\n\n\n<p class=\"has-small-font-size\">Tr\u00e8s Compatissant J\u00e9sus qui n\u2019\u00eates que piti\u00e9, j\u2019am\u00e8ne \u00e0 la demeure de votre C\u0153ur tr\u00e8s compatissant les \u00e2mes indiff\u00e9rentes et froides. Que ces \u00e2mes, dont la froideur cadav\u00e9rique Vous emplit de r\u00e9pulsion, retrouvent la flamme de la vie au feu de votre pur amour. Tr\u00e8s compatissant J\u00e9sus, usez de la toute-puissance de votre Mis\u00e9ricorde : entra\u00eenez-les dans le brasier m\u00eame de votre amour et communiquez-leur le feu de l\u2019amour divin, car Vous pouvez tout.<\/p>\n\n\n\n<p class=\"has-small-font-size\"><em>Feu et glace ensemble il ne faut m\u00ealer,<br>Car le feu s\u2019\u00e9teindra ou la glace fondra.<br>Mais par votre infinie Mis\u00e9ricorde,<br>Mon Dieu, Vous pouvez suppl\u00e9er de plus grandes d\u00e9ficiences.<\/em><\/p>\n\n\n\n<p class=\"has-small-font-size\">P\u00e8re \u00c9ternel, jetez un regard de Mis\u00e9ricorde sur les \u00e2mes indiff\u00e9rentes, qui sont cependant enferm\u00e9es dans le C\u0153ur tr\u00e8s compatissant de J\u00e9sus. P\u00e8re de Mis\u00e9ricorde, je Vous supplie par la Passion am\u00e8re de votre Fils et par son agonie de trois heures sur la croix, permettez que ces \u00e2mes-l\u00e0 c\u00e9l\u00e8brent aussi l\u2019ab\u00eeme de votre Mis\u00e9ricorde.<\/p>\n\n\n\n<div class=\"wp-block-buttons is-layout-flex wp-block-buttons-is-layout-flex\">\n<div class=\"wp-block-button\"><a class=\"wp-block-button__link wp-element-button\" href=\"https:\/\/aumonerie-catholique-chu.fr\/index.php\/jesus-jai-confiance-en-toi\/\">Retour<\/a><\/div>\n<\/div>\n","protected":false},"excerpt":{"rendered":"<p>J\u00e9sus a demand\u00e9 \u00e0 Sainte Faustine d\u2019\u00e9crire et de r\u00e9citer une neuvaine de pri\u00e8re en l&rsquo;honneur de la Mis\u00e9ricorde divine. Cette neuvaine de pri\u00e8re commence chaque ann\u00e9e le Vendredi Saint (jour de la mort de J\u00e9sus) et se termine le samedi qui suit P\u00e2ques, pour introduire l&rsquo;Eglise dans la F\u00eate de la divine Mis\u00e9ricorde qui [&hellip;]<\/p>\n","protected":false},"author":1,"featured_media":0,"parent":0,"menu_order":0,"comment_status":"closed","ping_status":"closed","template":"","meta":{"footnotes":""},"class_list":["post-352","page","type-page","status-publish","hentry"],"_links":{"self":[{"href":"https:\/\/aumonerie-catholique-chu.fr\/index.php\/wp-json\/wp\/v2\/pages\/352","targetHints":{"allow":["GET"]}}],"collection":[{"href":"https:\/\/aumonerie-catholique-chu.fr\/index.php\/wp-json\/wp\/v2\/pages"}],"about":[{"href":"https:\/\/aumonerie-catholique-chu.fr\/index.php\/wp-json\/wp\/v2\/types\/page"}],"author":[{"embeddable":true,"href":"https:\/\/aumonerie-catholique-chu.fr\/index.php\/wp-json\/wp\/v2\/users\/1"}],"replies":[{"embeddable":true,"href":"https:\/\/aumonerie-catholique-chu.fr\/index.php\/wp-json\/wp\/v2\/comments?post=352"}],"version-history":[{"count":9,"href":"https:\/\/aumonerie-catholique-chu.fr\/index.php\/wp-json\/wp\/v2\/pages\/352\/revisions"}],"predecessor-version":[{"id":405,"href":"https:\/\/aumonerie-catholique-chu.fr\/index.php\/wp-json\/wp\/v2\/pages\/352\/revisions\/405"}],"wp:attachment":[{"href":"https:\/\/aumonerie-catholique-chu.fr\/index.php\/wp-json\/wp\/v2\/media?parent=352"}],"curies":[{"name":"wp","href":"https:\/\/api.w.org\/{rel}","templated":true}]}}