{"id":375,"date":"2025-10-18T07:26:58","date_gmt":"2025-10-18T07:26:58","guid":{"rendered":"https:\/\/aumonerie-catholique-chu.fr\/?page_id=375"},"modified":"2025-10-18T11:51:07","modified_gmt":"2025-10-18T11:51:07","slug":"quest-ce-que-la-priere","status":"publish","type":"page","link":"https:\/\/aumonerie-catholique-chu.fr\/index.php\/quest-ce-que-la-priere\/","title":{"rendered":"Qu&rsquo;est-ce que la pri\u00e8re ?"},"content":{"rendered":"\n<figure class=\"wp-block-image aligncenter size-large is-resized is-style-rounded is-style-rounded--1\"><a href=\"https:\/\/www.carmel.asso.fr\/-Therese-de-Lisieux-.html\"><img loading=\"lazy\" decoding=\"async\" width=\"824\" height=\"1024\" src=\"https:\/\/aumonerie-catholique-chu.fr\/wp-content\/uploads\/2025\/10\/ChatGPT-Image-16-oct.-2025-18_43_01-1-824x1024.jpg\" alt=\"\" class=\"wp-image-276\" style=\"box-shadow:var(--wp--preset--shadow--natural);width:190px\" srcset=\"https:\/\/aumonerie-catholique-chu.fr\/wp-content\/uploads\/2025\/10\/ChatGPT-Image-16-oct.-2025-18_43_01-1-824x1024.jpg 824w, https:\/\/aumonerie-catholique-chu.fr\/wp-content\/uploads\/2025\/10\/ChatGPT-Image-16-oct.-2025-18_43_01-1-241x300.jpg 241w, https:\/\/aumonerie-catholique-chu.fr\/wp-content\/uploads\/2025\/10\/ChatGPT-Image-16-oct.-2025-18_43_01-1-768x955.jpg 768w, https:\/\/aumonerie-catholique-chu.fr\/wp-content\/uploads\/2025\/10\/ChatGPT-Image-16-oct.-2025-18_43_01-1.jpg 946w\" sizes=\"auto, (max-width: 824px) 100vw, 824px\" \/><\/a><\/figure>\n\n\n\n<div style=\"height:30px\" aria-hidden=\"true\" class=\"wp-block-spacer\"><\/div>\n\n\n\n<p class=\"has-small-font-size\">\u00ab&nbsp;(\u2026) Un Savant a dit&nbsp;:&nbsp;\u00ab\u00a0Donnez-moi un Levier, un point d\u2019appui, et je soul\u00e8verai le monde\u00a0\u00bb&nbsp;Ce qu\u2019Archim\u00e8de n\u2019a pu obtenir, parce que sa demande ne s\u2019adressait point \u00e0 Dieu et qu\u2019elle n\u2019\u00e9tait faite qu\u2019au point de vue mat\u00e9riel, les Saints l\u2019ont obtenu dans toute sa pl\u00e9nitude. Le Tout-Puissant leur a donn\u00e9 pour points d\u2019appui&nbsp;: LUI-M\u00caME et LUI SEUL&nbsp;; pour levier&nbsp;: L\u2019oraison, qui embrase d\u2019un feu d\u2019amour, et c\u2019est ainsi qu\u2019ils ont soulev\u00e9 le monde&nbsp;; c\u2019est ainsi que les Saints encore militants le soul\u00e8vent et que, jusqu\u2019\u00e0 la fin du monde, les Saints \u00e0 venir le soul\u00e8veront aussi.&nbsp;\u00bb (<a href=\"https:\/\/www.carmel.asso.fr\/La-priere-c-est-un-elan-du-coeur.html\">Sainte Th\u00e9r\u00e8se de l&rsquo;Enfant J\u00e9sus<\/a>)<\/p>\n\n\n\n<div class=\"wp-block-buttons is-layout-flex wp-block-buttons-is-layout-flex\">\n<div class=\"wp-block-button\"><a class=\"wp-block-button__link wp-element-button\" href=\"https:\/\/aumonerie-catholique-chu.fr\/index.php\/pour-aller-plus-loin\/\">Retour<\/a><\/div>\n<\/div>\n","protected":false},"excerpt":{"rendered":"<p>\u00ab&nbsp;(\u2026) Un Savant a dit&nbsp;:&nbsp;\u00ab\u00a0Donnez-moi un Levier, un point d\u2019appui, et je soul\u00e8verai le monde\u00a0\u00bb&nbsp;Ce qu\u2019Archim\u00e8de n\u2019a pu obtenir, parce que sa demande ne s\u2019adressait point \u00e0 Dieu et qu\u2019elle n\u2019\u00e9tait faite qu\u2019au point de vue mat\u00e9riel, les Saints l\u2019ont obtenu dans toute sa pl\u00e9nitude. Le Tout-Puissant leur a donn\u00e9 pour points d\u2019appui&nbsp;: LUI-M\u00caME et [&hellip;]<\/p>\n","protected":false},"author":1,"featured_media":0,"parent":0,"menu_order":0,"comment_status":"closed","ping_status":"closed","template":"","meta":{"footnotes":""},"class_list":["post-375","page","type-page","status-publish","hentry"],"_links":{"self":[{"href":"https:\/\/aumonerie-catholique-chu.fr\/index.php\/wp-json\/wp\/v2\/pages\/375","targetHints":{"allow":["GET"]}}],"collection":[{"href":"https:\/\/aumonerie-catholique-chu.fr\/index.php\/wp-json\/wp\/v2\/pages"}],"about":[{"href":"https:\/\/aumonerie-catholique-chu.fr\/index.php\/wp-json\/wp\/v2\/types\/page"}],"author":[{"embeddable":true,"href":"https:\/\/aumonerie-catholique-chu.fr\/index.php\/wp-json\/wp\/v2\/users\/1"}],"replies":[{"embeddable":true,"href":"https:\/\/aumonerie-catholique-chu.fr\/index.php\/wp-json\/wp\/v2\/comments?post=375"}],"version-history":[{"count":4,"href":"https:\/\/aumonerie-catholique-chu.fr\/index.php\/wp-json\/wp\/v2\/pages\/375\/revisions"}],"predecessor-version":[{"id":431,"href":"https:\/\/aumonerie-catholique-chu.fr\/index.php\/wp-json\/wp\/v2\/pages\/375\/revisions\/431"}],"wp:attachment":[{"href":"https:\/\/aumonerie-catholique-chu.fr\/index.php\/wp-json\/wp\/v2\/media?parent=375"}],"curies":[{"name":"wp","href":"https:\/\/api.w.org\/{rel}","templated":true}]}}