{"id":499,"date":"2025-10-20T14:18:43","date_gmt":"2025-10-20T14:18:43","guid":{"rendered":"https:\/\/aumonerie-catholique-chu.fr\/?page_id=499"},"modified":"2025-10-24T15:51:06","modified_gmt":"2025-10-24T15:51:06","slug":"pour-continuer","status":"publish","type":"page","link":"https:\/\/aumonerie-catholique-chu.fr\/index.php\/pour-continuer\/","title":{"rendered":"Quelle mission pour moi ?"},"content":{"rendered":"\n<p class=\"has-medium-font-size\">La vocation de Sainte Th\u00e9r\u00e8se vous parle-t-elle au c\u0153ur ?<\/p>\n\n\n\n<p class=\"has-small-font-size\">Cette jeune carm\u00e9lite a emprunt\u00e9 un chemin inattendu : une confiance in\u00e9branlable dans l&rsquo;amour de J\u00e9sus pour les grands p\u00e9cheurs, et un grand d\u00e9sir de participer avec Lui au salut de leur \u00e2me. Pour ce faire, d\u00e8s l&rsquo;\u00e2ge de 14 ans, elle d\u00e9cida d&rsquo;offrir sa vie enti\u00e8re, toutes les contrari\u00e9t\u00e9s, les \u00e9preuves, les petites et les grandes souffrances, jusqu&rsquo;\u00e0 sa mort m\u00eame, pour que personne ne se perde \u00e9ternellement.<\/p>\n\n\n\n<figure class=\"wp-block-image aligncenter size-large is-resized is-style-rounded is-style-rounded--1\"><a href=\"https:\/\/www.vatican.va\/content\/francesco\/fr\/audiences\/2023\/documents\/20230607-udienza-generale.html\"><img loading=\"lazy\" decoding=\"async\" width=\"683\" height=\"1024\" src=\"https:\/\/aumonerie-catholique-chu.fr\/wp-content\/uploads\/2025\/10\/Sainte-Therese-et-lhumanite-unie-683x1024.jpg\" alt=\"\" class=\"wp-image-508\" style=\"box-shadow:var(--wp--preset--shadow--natural);width:190px\" srcset=\"https:\/\/aumonerie-catholique-chu.fr\/wp-content\/uploads\/2025\/10\/Sainte-Therese-et-lhumanite-unie-683x1024.jpg 683w, https:\/\/aumonerie-catholique-chu.fr\/wp-content\/uploads\/2025\/10\/Sainte-Therese-et-lhumanite-unie-200x300.jpg 200w, https:\/\/aumonerie-catholique-chu.fr\/wp-content\/uploads\/2025\/10\/Sainte-Therese-et-lhumanite-unie-768x1152.jpg 768w, https:\/\/aumonerie-catholique-chu.fr\/wp-content\/uploads\/2025\/10\/Sainte-Therese-et-lhumanite-unie.jpg 1024w\" sizes=\"auto, (max-width: 683px) 100vw, 683px\" \/><\/a><\/figure>\n\n\n\n<p class=\"has-small-font-size\">Elle choisit alors de devenir missionnaire et choisit de \u00ab\u00a0s&rsquo;enfermer\u00a0\u00bb dans le couvent du <a href=\"https:\/\/www.carmel.asso.fr\/\">carmel<\/a> de Lisieux ! Elle devint m\u00eame la <a href=\"https:\/\/www.vatican.va\/content\/francesco\/fr\/audiences\/2023\/documents\/20230607-udienza-generale.html\">patronne des missions<\/a> dans l&rsquo;Eglise !<\/p>\n\n\n\n<p class=\"has-small-font-size\">Et vous, de votre lit d&rsquo;h\u00f4pital, accepteriez-vous de devenir missionnaire ? d&rsquo;interc\u00e9der pour le monde, pour les grands p\u00e9cheurs, pour ce que J\u00e9sus vous inspirera ? Savez-vous que de votre lit, vous pouvez faire plus pour le monde que bien des personnes dites \u00ab\u00a0puissantes\u00a0\u00bb ! <\/p>\n\n\n\n<p class=\"has-small-font-size\">Comment cela ? Ecoutez encore Sainte Th\u00e9r\u00e8se : <\/p>\n\n\n\n<p class=\"has-text-align-center has-small-font-size\" style=\"font-style:italic;font-weight:100\">\u00ab\u00a0Je voudrais \u00eatre missionnaire\u2026<\/p>\n\n\n\n<p class=\"has-small-font-size\" style=\"font-style:italic;font-weight:100\">La Charit\u00e9 me donna la clef de ma vocation. Je compris que si l\u2019Eglise avait un corps, compos\u00e9 de diff\u00e9rents membres, le plus n\u00e9cessaire, le plus noble de tous ne lui manquait pas, je compris que l\u2019\u00c9glise avait un C\u0153ur, et que ce C\u0153ur \u00e9tait BRULANT d\u2019AMOUR. Je compris que l\u2019Amour seul faisait agir les membres de l\u2019Eglise, que si l\u2019Amour venait \u00e0 s\u2019\u00e9teindre, les Ap\u00f4tres n\u2019annonceraient plus l\u2019Evangile, les Martyrs refuseraient de verser leur sang\u2026 Je compris que l\u2019AMOUR RENFERMAIT TOUTES LES VOCATIONS, QUE L\u2019AMOUR ETAIT TOUT, QU\u2019IL EMBRASSAIT TOUS LES TEMPS ET TOUS LES LIEUX \u2026 EN UN MOT, QU\u2019IL EST ETERNEL&nbsp;! \u2026 Alors, dans l\u2019exc\u00e8s de ma joie d\u00e9lirante, je me suis \u00e9cri\u00e9e&nbsp;: <strong>O J\u00e9sus, mon Amour\u2026 ma vocation, enfin je l\u2019ai trouv\u00e9e, MA VOCATION, C\u2019EST L\u2019AMOUR&nbsp;!\u2026 Oui j\u2019ai trouv\u00e9 ma place dans l\u2019Eglise et cette place, \u00f4 mon Dieu, c\u2019est vous qui me l\u2019avez donn\u00e9e\u2026 dans le C\u0153ur de l\u2019Eglise, ma M\u00e8re, je serai l\u2019AMOUR\u2026 ainsi je serai tout\u2026 ainsi mon r\u00eave sera r\u00e9alis\u00e9&nbsp;!\u2026<\/strong> Pourquoi parler d\u2019une joie d\u00e9lirante&nbsp;? non, cette expression n\u2019est pas juste, c\u2019est plut\u00f4t la paix calme et sereine du navigateur apercevant le phare qui doit le conduire au port\u2026 O Phare lumineux de l\u2019amour, je sais comment arriver jusqu\u2019\u00e0 toi, j\u2019ai trouv\u00e9 le secret de m\u2019approprier ta flamme. Je ne suis qu\u2019une enfant, impuissante et faible, cependant c\u2019est ma faiblesse m\u00eame qui me donne l\u2019audace de <a href=\"https:\/\/www.carmel.asso.fr\/Acte-d-Offrande-a-l-Amour,83.html\">m\u2019offrir en Victime \u00e0 ton Amour<\/a>, \u00f4 J\u00e9sus&nbsp;!\u00a0\u00bb<\/p>\n\n\n\n<figure class=\"wp-block-image aligncenter size-large is-resized is-style-rounded is-style-rounded--2\"><img loading=\"lazy\" decoding=\"async\" width=\"683\" height=\"1024\" src=\"https:\/\/aumonerie-catholique-chu.fr\/wp-content\/uploads\/2025\/10\/ChatGPT-Image-20-oct.-2025-20_50_03-683x1024.jpg\" alt=\"\" class=\"wp-image-521\" style=\"box-shadow:var(--wp--preset--shadow--natural);width:190px\" srcset=\"https:\/\/aumonerie-catholique-chu.fr\/wp-content\/uploads\/2025\/10\/ChatGPT-Image-20-oct.-2025-20_50_03-683x1024.jpg 683w, https:\/\/aumonerie-catholique-chu.fr\/wp-content\/uploads\/2025\/10\/ChatGPT-Image-20-oct.-2025-20_50_03-200x300.jpg 200w, https:\/\/aumonerie-catholique-chu.fr\/wp-content\/uploads\/2025\/10\/ChatGPT-Image-20-oct.-2025-20_50_03-768x1152.jpg 768w, https:\/\/aumonerie-catholique-chu.fr\/wp-content\/uploads\/2025\/10\/ChatGPT-Image-20-oct.-2025-20_50_03.jpg 1024w\" sizes=\"auto, (max-width: 683px) 100vw, 683px\" \/><\/figure>\n\n\n\n<p class=\"has-small-font-size\">Sainte Th\u00e9r\u00e8se parle d&rsquo;offrande d&rsquo;elle-m\u00eame, de quoi s&rsquo;agit-il ? <\/p>\n\n\n\n<p class=\"has-small-font-size\">De son lit, il s&rsquo;agit d&rsquo;aimer ; quoi que vous fassiez (1Cor 10,31), que tout soit fait par amour, pour l&rsquo;amour. \u00ab\u00a0<em>Rien ne se perd, rien ne se cr\u00e9e, tout se transforme<\/em>\u00a0\u00bb disait Antoine Lavoisier. Ainsi, votre lit peut devenir un lieu de transformation myst\u00e9rieuse o\u00f9 m\u00eame les \u00e9v\u00e9nements les plus insignifiants se rev\u00eatent d&rsquo;une grande intensit\u00e9 d&rsquo;amour. C&rsquo;est la force transformante de l&rsquo;amour qui, dans le secret du c\u0153ur, transfigure tout; o\u00f9 m\u00eame les moments les plus douloureux deviennent le lieu des plus grandes offrandes. Le lit peut devenir l&rsquo;autel de l&rsquo;offrande de soi \u00e0 J\u00e9sus, par amour.<\/p>\n\n\n\n<p class=\"has-small-font-size\">Si l&rsquo;aventure vous parle au c\u0153ur, bienvenue chez les missionnaires de l&rsquo;Amour \u00e0 l&rsquo;h\u00f4pital !<\/p>\n\n\n\n<div style=\"height:20px\" aria-hidden=\"true\" class=\"wp-block-spacer\"><\/div>\n\n\n\n<hr class=\"wp-block-separator has-alpha-channel-opacity\"\/>\n\n\n\n<p class=\"has-small-font-size\">Pour en savoir plus, n&rsquo;h\u00e9sitez pas \u00e0 nous contacter :<\/p>\n\n\n\n<div class=\"wp-block-buttons is-layout-flex wp-block-buttons-is-layout-flex\">\n<div class=\"wp-block-button\"><a class=\"wp-block-button__link wp-element-button\" href=\"https:\/\/aumonerie-catholique-chu.fr\/index.php\/contact\/\">      Contactez-nous      <\/a><\/div>\n<\/div>\n\n\n\n<div class=\"wp-block-buttons is-layout-flex wp-block-buttons-is-layout-flex\">\n<div class=\"wp-block-button\"><a class=\"wp-block-button__link wp-element-button\" href=\"https:\/\/aumonerie-catholique-chu.fr\/index.php\/votre-mission-si-vous-lacceptez\/\">Retour<\/a><\/div>\n<\/div>\n","protected":false},"excerpt":{"rendered":"<p>La vocation de Sainte Th\u00e9r\u00e8se vous parle-t-elle au c\u0153ur ? Cette jeune carm\u00e9lite a emprunt\u00e9 un chemin inattendu : une confiance in\u00e9branlable dans l&rsquo;amour de J\u00e9sus pour les grands p\u00e9cheurs, et un grand d\u00e9sir de participer avec Lui au salut de leur \u00e2me. Pour ce faire, d\u00e8s l&rsquo;\u00e2ge de 14 ans, elle d\u00e9cida d&rsquo;offrir sa [&hellip;]<\/p>\n","protected":false},"author":1,"featured_media":0,"parent":0,"menu_order":0,"comment_status":"closed","ping_status":"closed","template":"","meta":{"footnotes":""},"class_list":["post-499","page","type-page","status-publish","hentry"],"_links":{"self":[{"href":"https:\/\/aumonerie-catholique-chu.fr\/index.php\/wp-json\/wp\/v2\/pages\/499","targetHints":{"allow":["GET"]}}],"collection":[{"href":"https:\/\/aumonerie-catholique-chu.fr\/index.php\/wp-json\/wp\/v2\/pages"}],"about":[{"href":"https:\/\/aumonerie-catholique-chu.fr\/index.php\/wp-json\/wp\/v2\/types\/page"}],"author":[{"embeddable":true,"href":"https:\/\/aumonerie-catholique-chu.fr\/index.php\/wp-json\/wp\/v2\/users\/1"}],"replies":[{"embeddable":true,"href":"https:\/\/aumonerie-catholique-chu.fr\/index.php\/wp-json\/wp\/v2\/comments?post=499"}],"version-history":[{"count":31,"href":"https:\/\/aumonerie-catholique-chu.fr\/index.php\/wp-json\/wp\/v2\/pages\/499\/revisions"}],"predecessor-version":[{"id":673,"href":"https:\/\/aumonerie-catholique-chu.fr\/index.php\/wp-json\/wp\/v2\/pages\/499\/revisions\/673"}],"wp:attachment":[{"href":"https:\/\/aumonerie-catholique-chu.fr\/index.php\/wp-json\/wp\/v2\/media?parent=499"}],"curies":[{"name":"wp","href":"https:\/\/api.w.org\/{rel}","templated":true}]}}