{"id":543,"date":"2025-10-21T19:42:44","date_gmt":"2025-10-21T19:42:44","guid":{"rendered":"https:\/\/aumonerie-catholique-chu.fr\/?page_id=543"},"modified":"2025-10-23T18:06:52","modified_gmt":"2025-10-23T18:06:52","slug":"la-bonne-priere","status":"publish","type":"page","link":"https:\/\/aumonerie-catholique-chu.fr\/index.php\/la-bonne-priere\/","title":{"rendered":"Quelques id\u00e9es de pri\u00e8res&#8230;"},"content":{"rendered":"\n<figure class=\"wp-block-image aligncenter size-large is-resized is-style-rounded is-style-rounded--1\"><img loading=\"lazy\" decoding=\"async\" width=\"683\" height=\"1024\" src=\"https:\/\/aumonerie-catholique-chu.fr\/wp-content\/uploads\/2025\/10\/Moine-en-contemplation-sur-un-livre-683x1024.jpg\" alt=\"\" class=\"wp-image-547\" style=\"box-shadow:var(--wp--preset--shadow--natural);width:190px\" srcset=\"https:\/\/aumonerie-catholique-chu.fr\/wp-content\/uploads\/2025\/10\/Moine-en-contemplation-sur-un-livre-683x1024.jpg 683w, https:\/\/aumonerie-catholique-chu.fr\/wp-content\/uploads\/2025\/10\/Moine-en-contemplation-sur-un-livre-200x300.jpg 200w, https:\/\/aumonerie-catholique-chu.fr\/wp-content\/uploads\/2025\/10\/Moine-en-contemplation-sur-un-livre-768x1152.jpg 768w, https:\/\/aumonerie-catholique-chu.fr\/wp-content\/uploads\/2025\/10\/Moine-en-contemplation-sur-un-livre.jpg 1024w\" sizes=\"auto, (max-width: 683px) 100vw, 683px\" \/><\/figure>\n\n\n\n<blockquote class=\"wp-block-quote is-layout-flow wp-block-quote-is-layout-flow\">\n<p style=\"font-style:italic;font-weight:200\">\u00ab\u00a0<strong>Pour moi, la pri\u00e8re, c\u2019est un \u00e9lan du c\u0153ur, c\u2019est un simple regard jet\u00e9 vers le Ciel, c\u2019est un cri de reconnaissance et d\u2019amour au sein de l\u2019\u00e9preuve comme au sein de la joie&nbsp;; enfin c\u2019est quelque chose de grand, de surnaturel, qui me dilate l\u2019\u00e2me et m\u2019unit \u00e0 J\u00e9sus.<\/strong>\u00a0\u00bb (Sainte Th\u00e9r\u00e8se de l&rsquo;Enfant J\u00e9sus)<\/p>\n<\/blockquote>\n\n\n\n<div class=\"wp-block-buttons is-content-justification-center is-layout-flex wp-container-core-buttons-is-layout-a89b3969 wp-block-buttons-is-layout-flex\">\n<div class=\"wp-block-button is-style-outline is-style-outline--2\"><a class=\"wp-block-button__link wp-element-button\" href=\"https:\/\/aumonerie-catholique-chu.fr\/index.php\/prieres-fondamentales\/\" style=\"box-shadow:var(--wp--preset--shadow--natural)\">Pri\u00e8res fondamentales<\/a><\/div>\n\n\n\n<div class=\"wp-block-button is-style-outline is-style-outline--3\"><a class=\"wp-block-button__link wp-element-button\" href=\"https:\/\/aumonerie-catholique-chu.fr\/index.php\/priere-pour-les-malades\/\" style=\"box-shadow:var(--wp--preset--shadow--natural)\">Pri\u00e8re pour les malades<\/a><\/div>\n\n\n\n<div class=\"wp-block-button is-style-outline is-style-outline--4\"><a class=\"wp-block-button__link wp-element-button\" href=\"https:\/\/aumonerie-catholique-chu.fr\/index.php\/priere-de-consolation\/\" style=\"box-shadow:var(--wp--preset--shadow--natural)\">Pri\u00e8re de consolation<\/a><\/div>\n\n\n\n<div class=\"wp-block-button is-style-outline is-style-outline--5\"><a class=\"wp-block-button__link wp-element-button\" href=\"https:\/\/aumonerie-catholique-chu.fr\/index.php\/priere-de-confiance\/\" style=\"box-shadow:var(--wp--preset--shadow--natural)\">Pri\u00e8re de confiance<\/a><\/div>\n\n\n\n<div class=\"wp-block-button is-style-outline is-style-outline--6\"><a class=\"wp-block-button__link wp-element-button\" href=\"https:\/\/aumonerie-catholique-chu.fr\/index.php\/priere-de-remerciement\/\" style=\"box-shadow:var(--wp--preset--shadow--natural)\">Pri\u00e8re de remerciement<\/a><\/div>\n\n\n\n<div class=\"wp-block-button is-style-outline is-style-outline--7\"><a class=\"wp-block-button__link wp-element-button\" href=\"https:\/\/aumonerie-catholique-chu.fr\/index.php\/priere-des-psaumes\/\" style=\"box-shadow:var(--wp--preset--shadow--natural)\">Pri\u00e8re des Psaumes<\/a><\/div>\n\n\n\n<div class=\"wp-block-button is-style-outline is-style-outline--8\"><a class=\"wp-block-button__link wp-element-button\" href=\"https:\/\/aumonerie-catholique-chu.fr\/index.php\/priere-de-demande-de-guerison\/\" style=\"box-shadow:var(--wp--preset--shadow--natural)\">Pri\u00e8re de demande de gu\u00e9rison<\/a><\/div>\n\n\n\n<div class=\"wp-block-button is-style-outline is-style-outline--9\"><a class=\"wp-block-button__link wp-element-button\" href=\"https:\/\/aumonerie-catholique-chu.fr\/index.php\/priere-dans-la-detresse\/\" style=\"box-shadow:var(--wp--preset--shadow--natural)\">Pri\u00e8re dans la d\u00e9tresse<\/a><\/div>\n\n\n\n<div class=\"wp-block-button is-style-outline is-style-outline--10\"><a class=\"wp-block-button__link wp-element-button\" style=\"box-shadow:var(--wp--preset--shadow--natural)\">Chapelet de la Sainte Vierge<\/a><\/div>\n\n\n\n<div class=\"wp-block-button is-style-outline is-style-outline--11\"><a class=\"wp-block-button__link wp-element-button\" href=\"https:\/\/aumonerie-catholique-chu.fr\/index.php\/jesus-jai-confiance-en-toi\/\" style=\"box-shadow:var(--wp--preset--shadow--natural)\">Chapelet de la Divine Mis\u00e9ricorde<\/a><\/div>\n\n\n\n<div class=\"wp-block-button is-style-outline is-style-outline--12\"><a class=\"wp-block-button__link wp-element-button\" style=\"box-shadow:var(--wp--preset--shadow--natural)\">Chemin de la croix<\/a><\/div>\n<\/div>\n\n\n\n<div style=\"height:30px\" aria-hidden=\"true\" class=\"wp-block-spacer\"><\/div>\n\n\n\n<hr class=\"wp-block-separator has-alpha-channel-opacity\"\/>\n\n\n\n<p class=\"has-small-font-size\">Si vous avez des questions, n&rsquo;h\u00e9sitez pas \u00e0 nous appeler au num\u00e9ro suivant : 05 57 65 61 75<\/p>\n\n\n\n<p class=\"has-base-2-color has-contrast-background-color has-text-color has-background has-link-color has-small-font-size wp-elements-22d486480b530177b056c852ab200529\" style=\"border-style:none;border-width:0px;border-radius:6px;padding-top:10px;padding-right:3rem;padding-bottom:10px;padding-left:3rem\"><a href=\"tel:+33557656175\">Appelez-nous maintenant !<\/a><\/p>\n\n\n\n<div style=\"height:10px\" aria-hidden=\"true\" class=\"wp-block-spacer\"><\/div>\n\n\n\n<div class=\"wp-block-buttons is-layout-flex wp-block-buttons-is-layout-flex\">\n<div class=\"wp-block-button\"><a class=\"wp-block-button__link wp-element-button\" href=\"https:\/\/aumonerie-catholique-chu.fr\/index.php\/pour-aller-plus-loin\/\">Retour<\/a><\/div>\n<\/div>\n","protected":false},"excerpt":{"rendered":"<p>\u00ab\u00a0Pour moi, la pri\u00e8re, c\u2019est un \u00e9lan du c\u0153ur, c\u2019est un simple regard jet\u00e9 vers le Ciel, c\u2019est un cri de reconnaissance et d\u2019amour au sein de l\u2019\u00e9preuve comme au sein de la joie&nbsp;; enfin c\u2019est quelque chose de grand, de surnaturel, qui me dilate l\u2019\u00e2me et m\u2019unit \u00e0 J\u00e9sus.\u00a0\u00bb (Sainte Th\u00e9r\u00e8se de l&rsquo;Enfant J\u00e9sus) [&hellip;]<\/p>\n","protected":false},"author":1,"featured_media":0,"parent":0,"menu_order":0,"comment_status":"closed","ping_status":"closed","template":"","meta":{"footnotes":""},"class_list":["post-543","page","type-page","status-publish","hentry"],"_links":{"self":[{"href":"https:\/\/aumonerie-catholique-chu.fr\/index.php\/wp-json\/wp\/v2\/pages\/543","targetHints":{"allow":["GET"]}}],"collection":[{"href":"https:\/\/aumonerie-catholique-chu.fr\/index.php\/wp-json\/wp\/v2\/pages"}],"about":[{"href":"https:\/\/aumonerie-catholique-chu.fr\/index.php\/wp-json\/wp\/v2\/types\/page"}],"author":[{"embeddable":true,"href":"https:\/\/aumonerie-catholique-chu.fr\/index.php\/wp-json\/wp\/v2\/users\/1"}],"replies":[{"embeddable":true,"href":"https:\/\/aumonerie-catholique-chu.fr\/index.php\/wp-json\/wp\/v2\/comments?post=543"}],"version-history":[{"count":11,"href":"https:\/\/aumonerie-catholique-chu.fr\/index.php\/wp-json\/wp\/v2\/pages\/543\/revisions"}],"predecessor-version":[{"id":643,"href":"https:\/\/aumonerie-catholique-chu.fr\/index.php\/wp-json\/wp\/v2\/pages\/543\/revisions\/643"}],"wp:attachment":[{"href":"https:\/\/aumonerie-catholique-chu.fr\/index.php\/wp-json\/wp\/v2\/media?parent=543"}],"curies":[{"name":"wp","href":"https:\/\/api.w.org\/{rel}","templated":true}]}}