{"id":66,"date":"2025-10-11T20:44:26","date_gmt":"2025-10-11T20:44:26","guid":{"rendered":"https:\/\/aumonerie-catholique-chu.fr\/?page_id=66"},"modified":"2025-10-23T18:36:05","modified_gmt":"2025-10-23T18:36:05","slug":"un-endroit-pour-prier","status":"publish","type":"page","link":"https:\/\/aumonerie-catholique-chu.fr\/index.php\/un-endroit-pour-prier\/","title":{"rendered":"Les horaires des offices"},"content":{"rendered":"\n<div style=\"height:30px\" aria-hidden=\"true\" class=\"wp-block-spacer\"><\/div>\n\n\n\n<p>A l&rsquo;h\u00f4pital :<\/p>\n\n\n\n<ul class=\"wp-block-list\">\n<li class=\"has-medium-font-size\">\u00e0 la chapelle de Haut-L\u00e9v\u00eaque :<\/li>\n<\/ul>\n\n\n\n<div class=\"wp-block-group is-vertical is-layout-flex wp-container-core-group-is-layout-fe9cc265 wp-block-group-is-layout-flex\">\n<p class=\"has-small-font-size\" style=\"line-height:1.5\">Messe le mardi \u00e0 14h30 (pr\u00e9c\u00e9d\u00e9e d&rsquo;un temps d&rsquo;adoration 14h-14h30)<\/p>\n\n\n\n<p class=\"has-small-font-size\" style=\"line-height:0.5\">Chapelet le jeudi \u00e0 17h00<\/p>\n\n\n\n<div style=\"height:30px\" aria-hidden=\"true\" class=\"wp-block-spacer wp-container-content-cf2db169\"><\/div>\n\n\n\n<ul class=\"wp-block-list\">\n<li class=\"has-medium-font-size\">\u00e0 la chapelle de Xavier Arnozan :<\/li>\n<\/ul>\n<\/div>\n\n\n\n<p class=\"has-small-font-size\" style=\"line-height:1.5\">Messe le vendredi tous les 15 jours \u00e0 14h30<\/p>\n\n\n\n<div style=\"height:30px\" aria-hidden=\"true\" class=\"wp-block-spacer\"><\/div>\n\n\n\n<ul class=\"wp-block-list\">\n<li class=\"has-medium-font-size\">\u00e0 l&rsquo;EHPAD de Lormont<\/li>\n<\/ul>\n\n\n\n<p class=\"has-small-font-size\" style=\"line-height:1.5\">Messe le mercredi tous les 15 jours \u00e0 10h30<\/p>\n\n\n\n<div style=\"height:30px\" aria-hidden=\"true\" class=\"wp-block-spacer\"><\/div>\n\n\n\n<p>D&rsquo;autres horaires int\u00e9ressants<\/p>\n\n\n\n<ul class=\"wp-block-list\">\n<li class=\"has-small-font-size\">10h00 : Messe tous les jours, en direct de la grotte de Lourdes<\/li>\n\n\n\n<li class=\"has-small-font-size\">15h30 : chapelet tous les jours, en direct de la grotte de Lourdes<\/li>\n<\/ul>\n\n\n\n<div class=\"wp-block-buttons is-layout-flex wp-block-buttons-is-layout-flex\">\n<div class=\"wp-block-button\"><a class=\"wp-block-button__link wp-element-button\" href=\"https:\/\/www.lourdes-france.com\/lourdesplus\/#\">Direct de Lourdes<\/a><\/div>\n<\/div>\n\n\n\n<div style=\"height:30px\" aria-hidden=\"true\" class=\"wp-block-spacer\"><\/div>\n\n\n\n<p class=\"has-small-font-size\">Si vous avez des questions, n&rsquo;h\u00e9sitez pas \u00e0 nous appeler :<\/p>\n\n\n\n<p class=\"has-base-2-color has-contrast-background-color has-text-color has-background has-link-color has-small-font-size wp-elements-41deed0e5a33ebc45e9f73ed925f1dd0\" style=\"border-radius:7px;padding-top:10px;padding-bottom:10px\"><a href=\"tel:+33557656175\">J&rsquo;appelle l&rsquo;aum\u00f4nerie<\/a><\/p>\n\n\n\n<p><\/p>\n","protected":false},"excerpt":{"rendered":"<p>A l&rsquo;h\u00f4pital : Messe le mardi \u00e0 14h30 (pr\u00e9c\u00e9d\u00e9e d&rsquo;un temps d&rsquo;adoration 14h-14h30) Chapelet le jeudi \u00e0 17h00 Messe le vendredi tous les 15 jours \u00e0 14h30 Messe le mercredi tous les 15 jours \u00e0 10h30 D&rsquo;autres horaires int\u00e9ressants Si vous avez des questions, n&rsquo;h\u00e9sitez pas \u00e0 nous appeler : J&rsquo;appelle l&rsquo;aum\u00f4nerie<\/p>\n","protected":false},"author":1,"featured_media":0,"parent":0,"menu_order":0,"comment_status":"closed","ping_status":"closed","template":"","meta":{"footnotes":""},"class_list":["post-66","page","type-page","status-publish","hentry"],"_links":{"self":[{"href":"https:\/\/aumonerie-catholique-chu.fr\/index.php\/wp-json\/wp\/v2\/pages\/66","targetHints":{"allow":["GET"]}}],"collection":[{"href":"https:\/\/aumonerie-catholique-chu.fr\/index.php\/wp-json\/wp\/v2\/pages"}],"about":[{"href":"https:\/\/aumonerie-catholique-chu.fr\/index.php\/wp-json\/wp\/v2\/types\/page"}],"author":[{"embeddable":true,"href":"https:\/\/aumonerie-catholique-chu.fr\/index.php\/wp-json\/wp\/v2\/users\/1"}],"replies":[{"embeddable":true,"href":"https:\/\/aumonerie-catholique-chu.fr\/index.php\/wp-json\/wp\/v2\/comments?post=66"}],"version-history":[{"count":13,"href":"https:\/\/aumonerie-catholique-chu.fr\/index.php\/wp-json\/wp\/v2\/pages\/66\/revisions"}],"predecessor-version":[{"id":661,"href":"https:\/\/aumonerie-catholique-chu.fr\/index.php\/wp-json\/wp\/v2\/pages\/66\/revisions\/661"}],"wp:attachment":[{"href":"https:\/\/aumonerie-catholique-chu.fr\/index.php\/wp-json\/wp\/v2\/media?parent=66"}],"curies":[{"name":"wp","href":"https:\/\/api.w.org\/{rel}","templated":true}]}}