{"id":675,"date":"2025-10-24T16:05:39","date_gmt":"2025-10-24T16:05:39","guid":{"rendered":"https:\/\/aumonerie-catholique-chu.fr\/?page_id=675"},"modified":"2025-10-25T17:56:58","modified_gmt":"2025-10-25T17:56:58","slug":"se-preparer-a-recevoir-labsolution","status":"publish","type":"page","link":"https:\/\/aumonerie-catholique-chu.fr\/index.php\/se-preparer-a-recevoir-labsolution\/","title":{"rendered":"Se pr\u00e9parer \u00e0 recevoir l&rsquo;absolution"},"content":{"rendered":"\n<div style=\"height:30px\" aria-hidden=\"true\" class=\"wp-block-spacer\"><\/div>\n\n\n\n<figure class=\"wp-block-image aligncenter size-full is-resized is-style-rounded is-style-rounded--1\"><img loading=\"lazy\" decoding=\"async\" width=\"1024\" height=\"1024\" src=\"https:\/\/aumonerie-catholique-chu.fr\/wp-content\/uploads\/2025\/10\/ChatGPT-Image-25-oct.-2025-08_36_44.jpg\" alt=\"\" class=\"wp-image-678\" style=\"box-shadow:var(--wp--preset--shadow--natural);width:190px\" srcset=\"https:\/\/aumonerie-catholique-chu.fr\/wp-content\/uploads\/2025\/10\/ChatGPT-Image-25-oct.-2025-08_36_44.jpg 1024w, https:\/\/aumonerie-catholique-chu.fr\/wp-content\/uploads\/2025\/10\/ChatGPT-Image-25-oct.-2025-08_36_44-300x300.jpg 300w, https:\/\/aumonerie-catholique-chu.fr\/wp-content\/uploads\/2025\/10\/ChatGPT-Image-25-oct.-2025-08_36_44-150x150.jpg 150w, https:\/\/aumonerie-catholique-chu.fr\/wp-content\/uploads\/2025\/10\/ChatGPT-Image-25-oct.-2025-08_36_44-768x768.jpg 768w\" sizes=\"auto, (max-width: 1024px) 100vw, 1024px\" \/><\/figure>\n\n\n\n<p class=\"has-medium-font-size\">Evangile de J\u00e9sus-Christ selon saint Luc (15,1-7)<\/p>\n\n\n\n<p class=\"has-small-font-size\">\u00ab\u00a0Les publicains et les p\u00e9cheurs venaient tous \u00e0 J\u00e9sus pour l\u2019\u00e9couter. Les pharisiens et les scribes r\u00e9criminaient contre lui&nbsp;: \u00ab&nbsp;Cet homme fait bon accueil aux p\u00e9cheurs, et il mange avec eux&nbsp;!&nbsp;\u00bb&nbsp;Alors J\u00e9sus leur dit cette parabole&nbsp;:&nbsp;\u00ab&nbsp;Si l\u2019un de vous a cent brebis et qu\u2019il en perd une, n\u2019abandonne-t-il pas les quatre-vingt-dix-neuf autres dans le d\u00e9sert pour aller chercher celle qui est perdue, jusqu\u2019\u00e0 ce qu\u2019il la retrouve&nbsp;?&nbsp;Quand il l\u2019a retrouv\u00e9e, il la prend sur ses \u00e9paules, tout joyeux,&nbsp;et, de retour chez lui, il rassemble ses amis et ses voisins pour leur dire&nbsp;: \u201cR\u00e9jouissez-vous avec moi, car j\u2019ai retrouv\u00e9 ma brebis, celle qui \u00e9tait perdue&nbsp;!\u201d<\/p>\n\n\n\n<p class=\"has-small-font-size\">Je vous le dis&nbsp;: C\u2019est ainsi qu\u2019il y aura de la joie dans le ciel pour un seul p\u00e9cheur qui se convertit, plus que pour quatre-vingt-dix-neuf justes qui n\u2019ont pas besoin de conversion.\u00a0\u00bb<\/p>\n\n\n\n<div class=\"wp-block-buttons is-layout-flex wp-block-buttons-is-layout-flex\">\n<div class=\"wp-block-button\"><a class=\"wp-block-button__link wp-element-button\" href=\"https:\/\/www.aelf.org\/bible\/Lc\/15\" style=\"box-shadow:var(--wp--preset--shadow--natural)\">Lire la suite&#8230;<\/a><\/div>\n<\/div>\n\n\n\n<div style=\"height:21px\" aria-hidden=\"true\" class=\"wp-block-spacer\"><\/div>\n\n\n\n<hr class=\"wp-block-separator has-alpha-channel-opacity\"\/>\n\n\n\n<div style=\"height:20px\" aria-hidden=\"true\" class=\"wp-block-spacer\"><\/div>\n\n\n\n<p class=\"has-small-font-size\">Se pr\u00e9parer \u00e0 recevoir l&rsquo;absolution, c&rsquo;est choisir de retrouver la personne que nous sommes, d\u00e9pollu\u00e9e de tout ce qui dans notre vie a pu d\u00e9figurer l&rsquo;<a href=\"https:\/\/www.aelf.org\/bible\/Ps\/138\">\u00eatre \u00e9tonnant<\/a>, la merveille que <a href=\"https:\/\/www.vatican.va\/archive\/FRA0013\/__P5A.HTM\">nous sommes<\/a> aux yeux de Dieu. C&rsquo;est <a href=\"https:\/\/www.vatican.va\/archive\/FRA0013\/__P5I.HTM\">retrouver<\/a> <a href=\"https:\/\/www.vatican.va\/archive\/FRA0013\/__P5A.HTM\">notre vocation<\/a> au <a href=\"https:\/\/www.vatican.va\/archive\/FRA0013\/__P5E.HTM\">bonheur<\/a> et \u00e0 la <a href=\"https:\/\/www.vatican.va\/archive\/FRA0013\/__P5G.HTM\">libert\u00e9<\/a><a href=\"https:\/\/www.vatican.va\/archive\/FRA0013\/__P5H.HTM\"> int\u00e9rieure<\/a>.<\/p>\n\n\n\n<p class=\"has-small-font-size\">Cette pr\u00e9paration se fait en trois temps :<\/p>\n\n\n\n<ul class=\"wp-block-list\">\n<li class=\"has-small-font-size\">Il s\u2019agit tout d\u2019abord de faire un examen de <a href=\"https:\/\/www.vatican.va\/archive\/FRA0013\/__P5T.HTM\">conscience<\/a><\/li>\n<\/ul>\n\n\n\n<figure class=\"wp-block-image aligncenter size-full is-resized is-style-rounded is-style-rounded--2\"><a href=\"https:\/\/www.vatican.va\/archive\/FRA0013\/__P73.HTM\"><img loading=\"lazy\" decoding=\"async\" width=\"1024\" height=\"1024\" src=\"https:\/\/aumonerie-catholique-chu.fr\/wp-content\/uploads\/2025\/10\/ChatGPT-Image-25-oct.-2025-08_50_58.jpg\" alt=\"\" class=\"wp-image-681\" style=\"box-shadow:var(--wp--preset--shadow--natural);width:190px\" srcset=\"https:\/\/aumonerie-catholique-chu.fr\/wp-content\/uploads\/2025\/10\/ChatGPT-Image-25-oct.-2025-08_50_58.jpg 1024w, https:\/\/aumonerie-catholique-chu.fr\/wp-content\/uploads\/2025\/10\/ChatGPT-Image-25-oct.-2025-08_50_58-300x300.jpg 300w, https:\/\/aumonerie-catholique-chu.fr\/wp-content\/uploads\/2025\/10\/ChatGPT-Image-25-oct.-2025-08_50_58-150x150.jpg 150w, https:\/\/aumonerie-catholique-chu.fr\/wp-content\/uploads\/2025\/10\/ChatGPT-Image-25-oct.-2025-08_50_58-768x768.jpg 768w\" sizes=\"auto, (max-width: 1024px) 100vw, 1024px\" \/><\/a><\/figure>\n\n\n\n<p class=\"has-small-font-size\">C&rsquo;est-\u00e0-dire <a href=\"https:\/\/www.vatican.va\/archive\/FRA0013\/__P5V.HTM\">discerner<\/a> dans ma <a href=\"https:\/\/www.vatican.va\/archive\/FRA0013\/__P5S.HTM\">conscience<\/a> <a href=\"https:\/\/www.vatican.va\/archive\/FRA0013\/__P63.HTM\">entre<\/a> le bien et le mal que j&rsquo;ai fait. Il s&rsquo;agit aussi d&rsquo;\u00e9couter la Parole de Dieu qui me r\u00e9v\u00e8le, en m\u00eame temps l&rsquo;Amour personnel, inconditionnel, infini, \u00e9ternel de Dieu pour moi ; et en m\u00eame temps, <a href=\"https:\/\/www.vatican.va\/archive\/FRA0013\/__P65.HTM\">les<\/a> <a href=\"https:\/\/www.vatican.va\/archive\/FRA0013\/__P47.HTM\">p\u00e9ch\u00e9s<\/a> qui lui d\u00e9plaisent (notamment gr\u00e2ce au texte des 10 commandements):<\/p>\n\n\n\n<figure class=\"wp-block-image aligncenter size-full is-resized is-style-rounded is-style-rounded--3\"><img loading=\"lazy\" decoding=\"async\" width=\"1024\" height=\"1024\" src=\"https:\/\/aumonerie-catholique-chu.fr\/wp-content\/uploads\/2025\/10\/ChatGPT-Image-25-oct.-2025-09_07_45.jpg\" alt=\"\" class=\"wp-image-685\" style=\"box-shadow:var(--wp--preset--shadow--natural);width:190px\" srcset=\"https:\/\/aumonerie-catholique-chu.fr\/wp-content\/uploads\/2025\/10\/ChatGPT-Image-25-oct.-2025-09_07_45.jpg 1024w, https:\/\/aumonerie-catholique-chu.fr\/wp-content\/uploads\/2025\/10\/ChatGPT-Image-25-oct.-2025-09_07_45-300x300.jpg 300w, https:\/\/aumonerie-catholique-chu.fr\/wp-content\/uploads\/2025\/10\/ChatGPT-Image-25-oct.-2025-09_07_45-150x150.jpg 150w, https:\/\/aumonerie-catholique-chu.fr\/wp-content\/uploads\/2025\/10\/ChatGPT-Image-25-oct.-2025-09_07_45-768x768.jpg 768w\" sizes=\"auto, (max-width: 1024px) 100vw, 1024px\" \/><\/figure>\n\n\n\n<ol class=\"wp-block-list\">\n<li class=\"has-small-font-size\"><a href=\"https:\/\/www.vatican.va\/archive\/FRA0013\/__P77.HTM\">Tu aimeras<\/a> <a href=\"https:\/\/www.vatican.va\/archive\/FRA0013\/__P78.HTM\">Dieu<\/a> <a href=\"https:\/\/www.vatican.va\/archive\/FRA0013\/__P79.HTM\">par-dessus tout<\/a>.<\/li>\n\n\n\n<li class=\"has-small-font-size\"><a href=\"https:\/\/www.vatican.va\/archive\/FRA0013\/__P7D.HTM\">Tu ne prononceras pas<\/a> <a href=\"https:\/\/www.vatican.va\/archive\/FRA0013\/__P7E.HTM\">le nom de Dieu<\/a> <a href=\"https:\/\/www.vatican.va\/archive\/FRA0013\/__P7F.HTM\">en vain<\/a>.<\/li>\n\n\n\n<li class=\"has-small-font-size\"><a href=\"https:\/\/www.vatican.va\/archive\/FRA0013\/__P7I.HTM\">Tu sanctifieras<\/a> <a href=\"https:\/\/www.vatican.va\/archive\/FRA0013\/__P7J.HTM\">le jour du Seigneur<\/a>.<\/li>\n\n\n\n<li class=\"has-small-font-size\"><a href=\"https:\/\/www.vatican.va\/archive\/FRA0013\/__P7M.HTM\">Tu<\/a> <a href=\"https:\/\/www.vatican.va\/archive\/FRA0013\/__P7N.HTM\">honoreras<\/a> <a href=\"https:\/\/www.vatican.va\/archive\/FRA0013\/__P7O.HTM\">ton<\/a> <a href=\"https:\/\/www.vatican.va\/archive\/FRA0013\/__P7P.HTM\">p\u00e8re<\/a> <a href=\"https:\/\/www.vatican.va\/archive\/FRA0013\/__P7Q.HTM\">et ta<\/a> <a href=\"https:\/\/www.vatican.va\/archive\/FRA0013\/__P7R.HTM\">m\u00e8re<\/a>.<\/li>\n\n\n\n<li class=\"has-small-font-size\"><a href=\"https:\/\/www.vatican.va\/archive\/FRA0013\/__P7U.HTM\">Tu ne<\/a> <a href=\"https:\/\/www.vatican.va\/archive\/FRA0013\/__P7V.HTM\">tueras<\/a> <a href=\"https:\/\/www.vatican.va\/archive\/FRA0013\/__P7W.HTM\">pas<\/a>.<\/li>\n\n\n\n<li class=\"has-small-font-size\"><a href=\"https:\/\/www.vatican.va\/archive\/FRA0013\/__P7Z.HTM\">Tu ne<\/a> <a href=\"https:\/\/www.vatican.va\/archive\/FRA0013\/__P80.HTM\">commettras<\/a> <a href=\"https:\/\/www.vatican.va\/archive\/FRA0013\/__P81.HTM\">pas<\/a> <a href=\"https:\/\/www.vatican.va\/archive\/FRA0013\/__P82.HTM\">d&rsquo;adult\u00e8re<\/a>.<\/li>\n\n\n\n<li class=\"has-small-font-size\"><a href=\"https:\/\/www.vatican.va\/archive\/FRA0013\/__P85.HTM\">Tu<\/a> <a href=\"https:\/\/www.vatican.va\/archive\/FRA0013\/__P86.HTM\">ne<\/a> <a href=\"https:\/\/www.vatican.va\/archive\/FRA0013\/__P87.HTM\">voleras<\/a> <a href=\"https:\/\/www.vatican.va\/archive\/FRA0013\/__P8A.HTM\">pas<\/a>.<\/li>\n\n\n\n<li class=\"has-small-font-size\"><a href=\"https:\/\/www.vatican.va\/archive\/FRA0013\/__P8D.HTM\">Tu ne<\/a> <a href=\"https:\/\/www.vatican.va\/archive\/FRA0013\/__P8E.HTM\">porteras pas<\/a> <a href=\"https:\/\/www.vatican.va\/archive\/FRA0013\/__P8F.HTM\">de faux<\/a> <a href=\"https:\/\/www.vatican.va\/archive\/FRA0013\/__P8G.HTM\">t\u00e9moignage<\/a> <a href=\"https:\/\/www.vatican.va\/archive\/FRA0013\/__P8H.HTM\">ni ne<\/a> <a href=\"https:\/\/www.vatican.va\/archive\/FRA0013\/__P8I.HTM\">mentiras<\/a>.<\/li>\n\n\n\n<li class=\"has-small-font-size\"><a href=\"https:\/\/www.vatican.va\/archive\/FRA0013\/__P8K.HTM\">Tu ne te laisseras pas aller<\/a> <a href=\"https:\/\/www.vatican.va\/archive\/FRA0013\/__P8L.HTM\">\u00e0 des pens\u00e9es<\/a> <a href=\"https:\/\/www.vatican.va\/archive\/FRA0013\/__P8M.HTM\">ou des d\u00e9sirs impurs<\/a>.<\/li>\n\n\n\n<li class=\"has-small-font-size\"><a href=\"https:\/\/www.vatican.va\/archive\/FRA0013\/__P8P.HTM\">Tu ne<\/a> <a href=\"https:\/\/www.vatican.va\/archive\/FRA0013\/__P8Q.HTM\">convoiteras pas<\/a> <a href=\"https:\/\/www.vatican.va\/archive\/FRA0013\/__P8R.HTM\">la propri\u00e9t\u00e9<\/a> <a href=\"https:\/\/www.vatican.va\/archive\/FRA0013\/__P8S.HTM\">d&rsquo;un autre<\/a>.<\/li>\n<\/ol>\n\n\n\n<div style=\"height:30px\" aria-hidden=\"true\" class=\"wp-block-spacer\"><\/div>\n\n\n\n<ul class=\"wp-block-list\">\n<li class=\"has-small-font-size\">Vivre une vraie <a href=\"https:\/\/aumonerie-catholique-chu.fr\/index.php\/la-contrition\/\" data-type=\"page\" data-id=\"708\">contrition<\/a> (le repentir)<\/li>\n<\/ul>\n\n\n\n<figure class=\"wp-block-image aligncenter size-full is-resized is-style-rounded is-style-rounded--4\"><a href=\"https:\/\/aumonerie-catholique-chu.fr\/index.php\/la-contrition-cure-dars\/\"><img loading=\"lazy\" decoding=\"async\" width=\"1024\" height=\"1024\" src=\"https:\/\/aumonerie-catholique-chu.fr\/wp-content\/uploads\/2025\/10\/Le-Retour-du-Fils-Prodigue.jpg\" alt=\"\" class=\"wp-image-688\" style=\"box-shadow:var(--wp--preset--shadow--natural);width:190px\" srcset=\"https:\/\/aumonerie-catholique-chu.fr\/wp-content\/uploads\/2025\/10\/Le-Retour-du-Fils-Prodigue.jpg 1024w, https:\/\/aumonerie-catholique-chu.fr\/wp-content\/uploads\/2025\/10\/Le-Retour-du-Fils-Prodigue-300x300.jpg 300w, https:\/\/aumonerie-catholique-chu.fr\/wp-content\/uploads\/2025\/10\/Le-Retour-du-Fils-Prodigue-150x150.jpg 150w, https:\/\/aumonerie-catholique-chu.fr\/wp-content\/uploads\/2025\/10\/Le-Retour-du-Fils-Prodigue-768x768.jpg 768w\" sizes=\"auto, (max-width: 1024px) 100vw, 1024px\" \/><\/a><\/figure>\n\n\n\n<p class=\"has-small-font-size\">Cette \u00e9tape est cruciale, si l&rsquo;on d\u00e9sire changer de vie. Il ne s&rsquo;agit pas de pleurer sur soi-m\u00eame, mais de se situer au niveau de la Victime de nos p\u00e9ch\u00e9s, car tout p\u00e9ch\u00e9 blesse une victime, et la premi\u00e8re d&rsquo;entre elles, c&rsquo;est le Seigneur J\u00e9sus. Il s&rsquo;agit ici de consoler, c&rsquo;est-\u00e0-dire de pleurer avec la personne qui a \u00e9t\u00e9 offens\u00e9e. Ce sont des larmes qui lavent l&rsquo;\u00e2me car elles r\u00e9tablissent une relation d&rsquo;amour bless\u00e9e ou d\u00e9truite. Cela prend du temps, c&rsquo;est un temps b\u00e9ni de restauration.<\/p>\n\n\n\n<div style=\"height:30px\" aria-hidden=\"true\" class=\"wp-block-spacer\"><\/div>\n\n\n\n<ul class=\"wp-block-list\">\n<li class=\"has-small-font-size\">La <a href=\"https:\/\/aumonerie-catholique-chu.fr\/index.php\/la-confession\/\" data-type=\"page\" data-id=\"705\">confession<\/a><\/li>\n<\/ul>\n\n\n\n<figure class=\"wp-block-image aligncenter size-full is-resized is-style-rounded is-style-rounded--5\"><a href=\"https:\/\/aumonerie-catholique-chu.fr\/index.php\/petit-rituel-pour-se-confesse\/\"><img loading=\"lazy\" decoding=\"async\" width=\"1024\" height=\"1024\" src=\"https:\/\/aumonerie-catholique-chu.fr\/wp-content\/uploads\/2025\/10\/Icone-byzantine-_-pere-et-fils-a-table.jpg\" alt=\"\" class=\"wp-image-700\" style=\"box-shadow:var(--wp--preset--shadow--natural);width:190px\" srcset=\"https:\/\/aumonerie-catholique-chu.fr\/wp-content\/uploads\/2025\/10\/Icone-byzantine-_-pere-et-fils-a-table.jpg 1024w, https:\/\/aumonerie-catholique-chu.fr\/wp-content\/uploads\/2025\/10\/Icone-byzantine-_-pere-et-fils-a-table-300x300.jpg 300w, https:\/\/aumonerie-catholique-chu.fr\/wp-content\/uploads\/2025\/10\/Icone-byzantine-_-pere-et-fils-a-table-150x150.jpg 150w, https:\/\/aumonerie-catholique-chu.fr\/wp-content\/uploads\/2025\/10\/Icone-byzantine-_-pere-et-fils-a-table-768x768.jpg 768w\" sizes=\"auto, (max-width: 1024px) 100vw, 1024px\" \/><\/a><\/figure>\n\n\n\n<p class=\"has-small-font-size\" style=\"font-style:italic;font-weight:400\">\u00ab\u00a0C\u2019est J\u00e9sus qui dit \u00e0 ses ap\u00f4tres : \u00ab&nbsp;Ceux \u00e0 qui vous pardonnerez leurs p\u00e9ch\u00e9s seront pardonn\u00e9s ; ceux \u00e0 qui vous ne les pardonnerez pas ne seront pas pardonn\u00e9s&nbsp;\u00bb (Jn, XX, 19-23). Les ap\u00f4tres et leurs successeurs \u2013 les \u00e9v\u00eaques et les pr\u00eatres, leurs collaborateurs \u2013 deviennent des instruments de la&nbsp;mis\u00e9ricorde&nbsp;divine.(&#8230;)<\/p>\n\n\n\n<p class=\"has-small-font-size\" style=\"font-style:italic;font-weight:400\">Si tu n\u2019es pas capable de parler de tes erreurs avec ton fr\u00e8re, tu peux \u00eatre s\u00fbr que tu seras incapable d\u2019en parler, m\u00eame avec Dieu ; et tu finis par te confesser devant ton miroir, devant toi-m\u00eame. [\u2026]<\/p>\n\n\n\n<p class=\"has-small-font-size\" style=\"font-style:italic;font-weight:400\">Se confesser devant un&nbsp;pr\u00eatre&nbsp;est une fa\u00e7on de remettre ma vie entre les mains et le c\u0153ur d\u2019un autre, qui , \u00e0 cet instant, agit au nom et pour le compte de J\u00e9sus. [\u2026]<\/p>\n\n\n\n<p class=\"has-small-font-size\" style=\"font-style:italic;font-weight:400\">C\u2019est la rencontre avec la&nbsp;mis\u00e9ricorde.\u00a0\u00bb<\/p>\n\n\n\n<p class=\"has-text-align-right has-small-font-size\">Pape Fran\u00e7ois \u00ab&nbsp;Le nom de Dieu est&nbsp;Mis\u00e9ricorde&nbsp;\u00bb<\/p>\n\n\n\n<div style=\"height:20px\" aria-hidden=\"true\" class=\"wp-block-spacer\"><\/div>\n\n\n\n<hr class=\"wp-block-separator has-alpha-channel-opacity\"\/>\n\n\n\n<p class=\"has-text-align-center has-heading-font-family has-large-font-size\">La joie de l&rsquo;absolution, c&rsquo;est la paix du c\u0153ur enfin retrouv\u00e9e !<\/p>\n\n\n\n<figure class=\"wp-block-image aligncenter size-large is-resized is-style-rounded is-style-rounded--6\"><img loading=\"lazy\" decoding=\"async\" width=\"683\" height=\"1024\" src=\"https:\/\/aumonerie-catholique-chu.fr\/wp-content\/uploads\/2025\/10\/ChatGPT-Image-25-oct.-2025-19_39_04-683x1024.jpg\" alt=\"\" class=\"wp-image-770\" style=\"box-shadow:var(--wp--preset--shadow--natural);width:190px\" srcset=\"https:\/\/aumonerie-catholique-chu.fr\/wp-content\/uploads\/2025\/10\/ChatGPT-Image-25-oct.-2025-19_39_04-683x1024.jpg 683w, https:\/\/aumonerie-catholique-chu.fr\/wp-content\/uploads\/2025\/10\/ChatGPT-Image-25-oct.-2025-19_39_04-200x300.jpg 200w, https:\/\/aumonerie-catholique-chu.fr\/wp-content\/uploads\/2025\/10\/ChatGPT-Image-25-oct.-2025-19_39_04-768x1152.jpg 768w, https:\/\/aumonerie-catholique-chu.fr\/wp-content\/uploads\/2025\/10\/ChatGPT-Image-25-oct.-2025-19_39_04.jpg 1024w\" sizes=\"auto, (max-width: 683px) 100vw, 683px\" \/><\/figure>\n\n\n\n<div style=\"height:20px\" aria-hidden=\"true\" class=\"wp-block-spacer\"><\/div>\n\n\n\n<blockquote class=\"wp-block-quote is-layout-flow wp-block-quote-is-layout-flow\">\n<p>\u00ab Que nul ne d\u00e9sesp\u00e8re : apr\u00e8s la chute, le pardon est possible ; apr\u00e8s la souillure, la purification ; apr\u00e8s la blessure, la gu\u00e9rison. \u00bb (Saint Augustin, Sermon 351, 6)<\/p>\n<\/blockquote>\n\n\n\n<hr class=\"wp-block-separator has-alpha-channel-opacity\"\/>\n\n\n\n<div style=\"height:20px\" aria-hidden=\"true\" class=\"wp-block-spacer\"><\/div>\n\n\n\n<p class=\"has-heading-font-family\">Et apr\u00e8s&#8230;<\/p>\n\n\n\n<p class=\"has-small-font-size\">Une fois la gu\u00e9rison du c\u0153ur re\u00e7ue par l&rsquo;absolution sacramentelle, il y a le temps de la convalescence qu&rsquo;on appelle la <a href=\"https:\/\/aumonerie-catholique-chu.fr\/index.php\/la-satisfaction\/\" data-type=\"page\" data-id=\"702\">satisfaction <\/a>(la r\u00e9paration).<\/p>\n\n\n\n<figure class=\"wp-block-image aligncenter size-full is-resized is-style-rounded is-style-rounded--7\"><a href=\"https:\/\/aumonerie-catholique-chu.fr\/index.php\/les-oeuvres-de-misericorde-chemin-de-reparation\/\"><img loading=\"lazy\" decoding=\"async\" width=\"1024\" height=\"1024\" src=\"https:\/\/aumonerie-catholique-chu.fr\/wp-content\/uploads\/2025\/10\/Reparation-du-globe-sacre.jpg\" alt=\"\" class=\"wp-image-735\" style=\"box-shadow:var(--wp--preset--shadow--natural);width:190px\" srcset=\"https:\/\/aumonerie-catholique-chu.fr\/wp-content\/uploads\/2025\/10\/Reparation-du-globe-sacre.jpg 1024w, https:\/\/aumonerie-catholique-chu.fr\/wp-content\/uploads\/2025\/10\/Reparation-du-globe-sacre-300x300.jpg 300w, https:\/\/aumonerie-catholique-chu.fr\/wp-content\/uploads\/2025\/10\/Reparation-du-globe-sacre-150x150.jpg 150w, https:\/\/aumonerie-catholique-chu.fr\/wp-content\/uploads\/2025\/10\/Reparation-du-globe-sacre-768x768.jpg 768w\" sizes=\"auto, (max-width: 1024px) 100vw, 1024px\" \/><\/a><\/figure>\n\n\n\n<div style=\"height:20px\" aria-hidden=\"true\" class=\"wp-block-spacer\"><\/div>\n\n\n\n<p class=\"has-small-font-size\">Pour que la Mis\u00e9ricorde de Dieu se r\u00e9alise parfaitement, en toute justice, dans le c\u0153ur de celui qui vient de demander pardon, le p\u00e9nitent est invit\u00e9 \u00e0 r\u00e9parer le mal commis caus\u00e9 par ses p\u00e9ch\u00e9s, en accomplissant les actes de p\u00e9nitence que le confesseur lui aura demand\u00e9.<\/p>\n\n\n\n<div class=\"wp-block-buttons is-layout-flex wp-block-buttons-is-layout-flex\">\n<div class=\"wp-block-button\"><a class=\"wp-block-button__link wp-element-button\" href=\"https:\/\/aumonerie-catholique-chu.fr\/index.php\/sacrements\/\" style=\"box-shadow:var(--wp--preset--shadow--natural)\">Retour<\/a><\/div>\n<\/div>\n","protected":false},"excerpt":{"rendered":"<p>Evangile de J\u00e9sus-Christ selon saint Luc (15,1-7) \u00ab\u00a0Les publicains et les p\u00e9cheurs venaient tous \u00e0 J\u00e9sus pour l\u2019\u00e9couter. Les pharisiens et les scribes r\u00e9criminaient contre lui&nbsp;: \u00ab&nbsp;Cet homme fait bon accueil aux p\u00e9cheurs, et il mange avec eux&nbsp;!&nbsp;\u00bb&nbsp;Alors J\u00e9sus leur dit cette parabole&nbsp;:&nbsp;\u00ab&nbsp;Si l\u2019un de vous a cent brebis et qu\u2019il en perd une, n\u2019abandonne-t-il [&hellip;]<\/p>\n","protected":false},"author":1,"featured_media":0,"parent":0,"menu_order":0,"comment_status":"closed","ping_status":"closed","template":"","meta":{"footnotes":""},"class_list":["post-675","page","type-page","status-publish","hentry"],"_links":{"self":[{"href":"https:\/\/aumonerie-catholique-chu.fr\/index.php\/wp-json\/wp\/v2\/pages\/675","targetHints":{"allow":["GET"]}}],"collection":[{"href":"https:\/\/aumonerie-catholique-chu.fr\/index.php\/wp-json\/wp\/v2\/pages"}],"about":[{"href":"https:\/\/aumonerie-catholique-chu.fr\/index.php\/wp-json\/wp\/v2\/types\/page"}],"author":[{"embeddable":true,"href":"https:\/\/aumonerie-catholique-chu.fr\/index.php\/wp-json\/wp\/v2\/users\/1"}],"replies":[{"embeddable":true,"href":"https:\/\/aumonerie-catholique-chu.fr\/index.php\/wp-json\/wp\/v2\/comments?post=675"}],"version-history":[{"count":48,"href":"https:\/\/aumonerie-catholique-chu.fr\/index.php\/wp-json\/wp\/v2\/pages\/675\/revisions"}],"predecessor-version":[{"id":783,"href":"https:\/\/aumonerie-catholique-chu.fr\/index.php\/wp-json\/wp\/v2\/pages\/675\/revisions\/783"}],"wp:attachment":[{"href":"https:\/\/aumonerie-catholique-chu.fr\/index.php\/wp-json\/wp\/v2\/media?parent=675"}],"curies":[{"name":"wp","href":"https:\/\/api.w.org\/{rel}","templated":true}]}}