{"id":708,"date":"2025-10-25T08:30:36","date_gmt":"2025-10-25T08:30:36","guid":{"rendered":"https:\/\/aumonerie-catholique-chu.fr\/?page_id=708"},"modified":"2025-10-25T08:30:36","modified_gmt":"2025-10-25T08:30:36","slug":"la-contrition","status":"publish","type":"page","link":"https:\/\/aumonerie-catholique-chu.fr\/index.php\/la-contrition\/","title":{"rendered":"la contrition"},"content":{"rendered":"\n<p class=\"has-small-font-size\">1451 Parmi les actes du p\u00e9nitent, la contrition vient en premier lieu. Elle est \u00a0\u00bb\u00a0une douleur de l\u2019\u00e2me et une d\u00e9testation du p\u00e9ch\u00e9 commis avec la r\u00e9solution de ne plus p\u00e9cher \u00e0 l\u2019avenir\u00a0\u00a0\u00bb (Cc. Trente\u00a0: DS 1676).<\/p>\n\n\n\n<p class=\"has-small-font-size\">1452 Quand elle provient de l\u2019amour de Dieu aim\u00e9 plus que tout, la contrition est appel\u00e9e \u00a0\u00bb\u00a0parfaite\u00a0\u00a0\u00bb (contrition de charit\u00e9). Une telle contrition remet les fautes v\u00e9nielles\u00a0; elle obtient aussi le pardon des p\u00e9ch\u00e9s mortels, si elle comporte la ferme r\u00e9solution de recourir d\u00e8s que possible \u00e0 la confession sacramentelle (cf. Cc. Trente\u00a0: DS 1677)<\/p>\n\n\n\n<p class=\"has-small-font-size\">1453 La contrition dite \u00a0\u00bb\u00a0imparfaite\u00a0\u00a0\u00bb (ou \u00a0\u00bb\u00a0attrition\u00a0\u00ab\u00a0) est, elle aussi, un don de Dieu, une impulsion de l\u2019Esprit Saint. Elle na\u00eet de la consid\u00e9ration de la laideur du p\u00e9ch\u00e9 ou de la crainte de la damnation \u00e9ternelle et des autres peines dont est menac\u00e9 le p\u00e9cheur (contrition par crainte). Un tel \u00e9branlement de la conscience peut amorcer une \u00e9volution int\u00e9rieure qui sera parachev\u00e9e sous l\u2019action de la gr\u00e2ce, par l\u2019absolution sacramentelle. Par elle-m\u00eame, cependant, la contrition imparfaite n\u2019obtient pas le pardon des p\u00e9ch\u00e9s graves, mais elle dispose \u00e0 l\u2019obtenir dans le sacrement de la P\u00e9nitence (cf. Cc. Trente\u00a0: DS 1678\u00a0; 1705).<\/p>\n\n\n\n<p class=\"has-small-font-size\">1454 Il convient de pr\u00e9parer la r\u00e9ception de ce sacrement par un\u00a0<em>examen de conscience<\/em>\u00a0fait \u00e0 la lumi\u00e8re de la Parole de Dieu. Les textes les plus adapt\u00e9s \u00e0 cet effet sont \u00e0 chercher dans le D\u00e9calogue et dans la cat\u00e9ch\u00e8se morale des \u00c9vangiles et des lettres apostoliques\u00a0: Sermon sur la montagne, les enseignements apostoliques (cf. Rm 12-15\u00a0; 1 Co 12-13\u00a0; Ga 5\u00a0; Ep 4-6).<\/p>\n","protected":false},"excerpt":{"rendered":"<p>1451 Parmi les actes du p\u00e9nitent, la contrition vient en premier lieu. Elle est \u00a0\u00bb\u00a0une douleur de l\u2019\u00e2me et une d\u00e9testation du p\u00e9ch\u00e9 commis avec la r\u00e9solution de ne plus p\u00e9cher \u00e0 l\u2019avenir\u00a0\u00a0\u00bb (Cc. Trente\u00a0: DS 1676). 1452 Quand elle provient de l\u2019amour de Dieu aim\u00e9 plus que tout, la contrition est appel\u00e9e \u00a0\u00bb\u00a0parfaite\u00a0\u00a0\u00bb (contrition [&hellip;]<\/p>\n","protected":false},"author":1,"featured_media":0,"parent":0,"menu_order":0,"comment_status":"closed","ping_status":"closed","template":"","meta":{"footnotes":""},"class_list":["post-708","page","type-page","status-publish","hentry"],"_links":{"self":[{"href":"https:\/\/aumonerie-catholique-chu.fr\/index.php\/wp-json\/wp\/v2\/pages\/708","targetHints":{"allow":["GET"]}}],"collection":[{"href":"https:\/\/aumonerie-catholique-chu.fr\/index.php\/wp-json\/wp\/v2\/pages"}],"about":[{"href":"https:\/\/aumonerie-catholique-chu.fr\/index.php\/wp-json\/wp\/v2\/types\/page"}],"author":[{"embeddable":true,"href":"https:\/\/aumonerie-catholique-chu.fr\/index.php\/wp-json\/wp\/v2\/users\/1"}],"replies":[{"embeddable":true,"href":"https:\/\/aumonerie-catholique-chu.fr\/index.php\/wp-json\/wp\/v2\/comments?post=708"}],"version-history":[{"count":1,"href":"https:\/\/aumonerie-catholique-chu.fr\/index.php\/wp-json\/wp\/v2\/pages\/708\/revisions"}],"predecessor-version":[{"id":710,"href":"https:\/\/aumonerie-catholique-chu.fr\/index.php\/wp-json\/wp\/v2\/pages\/708\/revisions\/710"}],"wp:attachment":[{"href":"https:\/\/aumonerie-catholique-chu.fr\/index.php\/wp-json\/wp\/v2\/media?parent=708"}],"curies":[{"name":"wp","href":"https:\/\/api.w.org\/{rel}","templated":true}]}}