{"id":714,"date":"2025-10-25T08:39:38","date_gmt":"2025-10-25T08:39:38","guid":{"rendered":"https:\/\/aumonerie-catholique-chu.fr\/?page_id=714"},"modified":"2025-10-25T08:50:01","modified_gmt":"2025-10-25T08:50:01","slug":"petit-rituel-pour-se-confesse","status":"publish","type":"page","link":"https:\/\/aumonerie-catholique-chu.fr\/index.php\/petit-rituel-pour-se-confesse\/","title":{"rendered":"Petit rituel pour se confesser"},"content":{"rendered":"\n<p class=\"has-small-font-size\">Le sch\u00e9ma \u00ab pratique \u00bb de confession est le suivant :<\/p>\n\n\n\n<ul class=\"wp-block-list\">\n<li class=\"has-small-font-size\">Le p\u00e9nitent dit : \u00ab B\u00e9nissez-moi, mon p\u00e8re, parce que j\u2019ai\u00a0p\u00e9ch\u00e9\u00a0\u00bb. Le\u00a0pr\u00eatre\u00a0b\u00e9nit alors le fid\u00e8le et l\u2019invite \u00e0 entrer dans la confiance pour cette confession.<\/li>\n\n\n\n<li class=\"has-small-font-size\">Le p\u00e9nitent peut dire depuis combien de temps il ne s\u2019est pas confess\u00e9 et pr\u00e9senter bri\u00e8vement son \u00e9tat de vie.<\/li>\n\n\n\n<li class=\"has-small-font-size\">Puis vient le temps de l\u2019aveu des p\u00e9ch\u00e9s reconnu \u00e0 la lumi\u00e8re de l\u2019amour infini de Dieu. Je reconnais avec simplicit\u00e9 mon\u00a0p\u00e9ch\u00e9, sans me justifier. On peut examiner les manquements\u2026<br>\u2013 envers Dieu<br>\u2013 envers mon prochain<br>\u2013 envers moi-m\u00eame<\/li>\n\n\n\n<li class=\"has-small-font-size\">\u00ab De tous ces p\u00e9ch\u00e9s, j\u2019en demande pardon \u00e0 Dieu, et \u00e0 vous mon p\u00e8re,\u00a0p\u00e9nitence\u00a0et absolution \u00bb.<\/li>\n\n\n\n<li class=\"has-small-font-size\">Ensuite le\u00a0pr\u00eatre, t\u00e9moin de la\u00a0mis\u00e9ricorde, rel\u00e8ve, encourage, fortifie dans la foi celui qui reconna\u00eet ses fautes avec contrition.<br>\u2013\u00a0Il peut \u00e9ventuellement essayer d\u2019aider le p\u00e9nitent par telle ou telle parole de conseil et de consolation,<br>\u2013\u00a0Il peut proposer une\u00a0p\u00e9nitence, qui sera le plus souvent une pri\u00e8re ou une m\u00e9ditation d\u2019un passage de l\u2019\u00c9vangile ou un signe concret de conversion. La\u00a0p\u00e9nitence\u00a0est une mani\u00e8re de v\u00e9rifier notre d\u00e9sir de vie nouvelle et de rendre gr\u00e2ce \u00e0 Dieu en toute chose.<br>\u2013\u00a0Il invite \u00e0 formuler un acte de contrition,<br>\u2013\u00a0Il prononce la formule d\u2019absolution,<br>\u2013 Il invite \u00e0 repartir dans la paix.<em>\u00a0 \u00a0 \u00a0 \u00a0 \u00a0 \u00a0 \u00a0 \u00a0 \u00a0 \u00a0 \u00a0 \u00a0 \u00a0 \u00a0 \u00a0 \u00a0 \u00a0 \u00a0 \u00a0 \u00a0 \u00a0 \u00a0 \u00a0 \u00a0 \u00a0 \u00a0 \u00a0 \u00a0 \u00a0 \u00a0 \u00a0 \u00a0 \u00a0 \u00a0 \u00a0 \u00a0 \u00a0 \u00a0 \u00a0 \u00a0 \u00a0 \u00a0 \u00a0 \u00a0 \u00a0 \u00a0 \u00a0 \u00a0 \u00a0 \u00a0 \u00a0 \u00a0<\/em><\/li>\n<\/ul>\n\n\n\n<h4 class=\"wp-block-heading\">Acte de contrition<\/h4>\n\n\n\n<p class=\"has-small-font-size\"><em>\u00ab P\u00e8re, j\u2019ai p\u00e9ch\u00e9 contre Toi et contre mes fr\u00e8res. Mais pr\u00e8s de Toi se trouve le pardon. Accueille mon repentir, et donne-moi la force de vivre selon ton amour. Amen \u00bb<\/em><\/p>\n\n\n\n<p class=\"has-small-font-size\">ou bien :<\/p>\n\n\n\n<p class=\"has-small-font-size\"><em>Mon Dieu, j\u2019ai un tr\u00e8s grand regret de vous avoir offens\u00e9, car vous \u00eates infiniment bon et infiniment aimable ; et parce que le p\u00e9ch\u00e9 vous d\u00e9pla\u00eet. Je prends la ferme r\u00e9solution, avec le secours de votre sainte gr\u00e2ce, de ne plus vous offenser et de faire p\u00e9nitence. Amen. \u00bb<\/em><\/p>\n","protected":false},"excerpt":{"rendered":"<p>Le sch\u00e9ma \u00ab pratique \u00bb de confession est le suivant : Acte de contrition \u00ab P\u00e8re, j\u2019ai p\u00e9ch\u00e9 contre Toi et contre mes fr\u00e8res. Mais pr\u00e8s de Toi se trouve le pardon. Accueille mon repentir, et donne-moi la force de vivre selon ton amour. Amen \u00bb ou bien : Mon Dieu, j\u2019ai un tr\u00e8s grand [&hellip;]<\/p>\n","protected":false},"author":1,"featured_media":0,"parent":0,"menu_order":0,"comment_status":"closed","ping_status":"closed","template":"","meta":{"footnotes":""},"class_list":["post-714","page","type-page","status-publish","hentry"],"_links":{"self":[{"href":"https:\/\/aumonerie-catholique-chu.fr\/index.php\/wp-json\/wp\/v2\/pages\/714","targetHints":{"allow":["GET"]}}],"collection":[{"href":"https:\/\/aumonerie-catholique-chu.fr\/index.php\/wp-json\/wp\/v2\/pages"}],"about":[{"href":"https:\/\/aumonerie-catholique-chu.fr\/index.php\/wp-json\/wp\/v2\/types\/page"}],"author":[{"embeddable":true,"href":"https:\/\/aumonerie-catholique-chu.fr\/index.php\/wp-json\/wp\/v2\/users\/1"}],"replies":[{"embeddable":true,"href":"https:\/\/aumonerie-catholique-chu.fr\/index.php\/wp-json\/wp\/v2\/comments?post=714"}],"version-history":[{"count":3,"href":"https:\/\/aumonerie-catholique-chu.fr\/index.php\/wp-json\/wp\/v2\/pages\/714\/revisions"}],"predecessor-version":[{"id":721,"href":"https:\/\/aumonerie-catholique-chu.fr\/index.php\/wp-json\/wp\/v2\/pages\/714\/revisions\/721"}],"wp:attachment":[{"href":"https:\/\/aumonerie-catholique-chu.fr\/index.php\/wp-json\/wp\/v2\/media?parent=714"}],"curies":[{"name":"wp","href":"https:\/\/api.w.org\/{rel}","templated":true}]}}