{"id":72,"date":"2025-10-11T20:54:06","date_gmt":"2025-10-11T20:54:06","guid":{"rendered":"https:\/\/aumonerie-catholique-chu.fr\/?page_id=72"},"modified":"2025-10-23T18:32:11","modified_gmt":"2025-10-23T18:32:11","slug":"demandez-une-visite","status":"publish","type":"page","link":"https:\/\/aumonerie-catholique-chu.fr\/index.php\/demandez-une-visite\/","title":{"rendered":"Demandez une visite"},"content":{"rendered":"\n<div style=\"height:30px\" aria-hidden=\"true\" class=\"wp-block-spacer\"><\/div>\n\n\n\n<p class=\"has-small-font-size\">Votre demande de visite est pr\u00e9cieuse et pleinement entendue. <\/p>\n\n\n\n<p class=\"has-small-font-size\">Vous n\u2019\u00eates pas seul : un des membres de notre \u00e9quipe va venir \u00e0 votre rencontre, simplement pour partager un moment d\u2019\u00e9coute, de pri\u00e8re ou de paix. <\/p>\n\n\n\n<p class=\"has-small-font-size\">Si vous le souhaitez, nous pouvons aussi vous apporter un chapelet, une pri\u00e8re ou une Parole de Dieu. <\/p>\n\n\n\n<p class=\"has-small-font-size\">Vous pouvez nous appeler :<\/p>\n\n\n\n<p class=\"has-base-2-color has-contrast-background-color has-text-color has-background has-link-color has-small-font-size wp-elements-39cb7c4aefc9911a985f836edb866675\" style=\"border-style:none;border-width:0px;border-radius:6px;padding-top:10px;padding-right:3rem;padding-bottom:10px;padding-left:3rem\"><a href=\"tel:+33557656175\">J&rsquo;appelle l&rsquo;aum\u00f4nerie<\/a><\/p>\n\n\n\n<div style=\"height:20px\" aria-hidden=\"true\" class=\"wp-block-spacer\"><\/div>\n\n\n\n<p class=\"has-small-font-size\" style=\"margin-top:0;margin-bottom:0\">ou bien cliquez sur le bouton ci-dessous et remplissez le formulaire suivant. Nous vous r\u00e9pondrons le plus rapidement possible.<\/p>\n\n\n\n<div class=\"wp-block-buttons is-layout-flex wp-block-buttons-is-layout-flex\" style=\"padding-right:0;padding-left:0\">\n<div class=\"wp-block-button\"><a class=\"wp-block-button__link wp-element-button\" href=\"https:\/\/docs.google.com\/forms\/d\/e\/1FAIpQLScxMjO_huBRxYlkQoFDRFd_WD2fDqe4cTzRIX49xg__Vpw-8Q\/viewform?usp=header\" style=\"box-shadow:var(--wp--preset--shadow--natural)\">Je remplis le formulaire<\/a><\/div>\n<\/div>\n","protected":false},"excerpt":{"rendered":"<p>Votre demande de visite est pr\u00e9cieuse et pleinement entendue. Vous n\u2019\u00eates pas seul : un des membres de notre \u00e9quipe va venir \u00e0 votre rencontre, simplement pour partager un moment d\u2019\u00e9coute, de pri\u00e8re ou de paix. Si vous le souhaitez, nous pouvons aussi vous apporter un chapelet, une pri\u00e8re ou une Parole de Dieu. Vous [&hellip;]<\/p>\n","protected":false},"author":1,"featured_media":0,"parent":0,"menu_order":0,"comment_status":"closed","ping_status":"closed","template":"","meta":{"footnotes":""},"class_list":["post-72","page","type-page","status-publish","hentry"],"_links":{"self":[{"href":"https:\/\/aumonerie-catholique-chu.fr\/index.php\/wp-json\/wp\/v2\/pages\/72","targetHints":{"allow":["GET"]}}],"collection":[{"href":"https:\/\/aumonerie-catholique-chu.fr\/index.php\/wp-json\/wp\/v2\/pages"}],"about":[{"href":"https:\/\/aumonerie-catholique-chu.fr\/index.php\/wp-json\/wp\/v2\/types\/page"}],"author":[{"embeddable":true,"href":"https:\/\/aumonerie-catholique-chu.fr\/index.php\/wp-json\/wp\/v2\/users\/1"}],"replies":[{"embeddable":true,"href":"https:\/\/aumonerie-catholique-chu.fr\/index.php\/wp-json\/wp\/v2\/comments?post=72"}],"version-history":[{"count":19,"href":"https:\/\/aumonerie-catholique-chu.fr\/index.php\/wp-json\/wp\/v2\/pages\/72\/revisions"}],"predecessor-version":[{"id":659,"href":"https:\/\/aumonerie-catholique-chu.fr\/index.php\/wp-json\/wp\/v2\/pages\/72\/revisions\/659"}],"wp:attachment":[{"href":"https:\/\/aumonerie-catholique-chu.fr\/index.php\/wp-json\/wp\/v2\/media?parent=72"}],"curies":[{"name":"wp","href":"https:\/\/api.w.org\/{rel}","templated":true}]}}