{"id":74,"date":"2025-10-11T20:54:32","date_gmt":"2025-10-11T20:54:32","guid":{"rendered":"https:\/\/aumonerie-catholique-chu.fr\/?page_id=74"},"modified":"2025-10-23T18:20:29","modified_gmt":"2025-10-23T18:20:29","slug":"confiez-une-intention","status":"publish","type":"page","link":"https:\/\/aumonerie-catholique-chu.fr\/index.php\/confiez-une-intention\/","title":{"rendered":"Vous pouvez nous confier une intention de pri\u00e8re"},"content":{"rendered":"\n<div style=\"height:30px\" aria-hidden=\"true\" class=\"wp-block-spacer\"><\/div>\n\n\n\n<figure class=\"wp-block-image aligncenter size-large is-resized is-style-rounded is-style-rounded--1\"><img loading=\"lazy\" decoding=\"async\" width=\"683\" height=\"1024\" src=\"https:\/\/aumonerie-catholique-chu.fr\/wp-content\/uploads\/2025\/10\/ChatGPT-Image-18-oct.-2025-14_02_26-683x1024.jpg\" alt=\"\" class=\"wp-image-433\" style=\"box-shadow:var(--wp--preset--shadow--natural);width:190px\" srcset=\"https:\/\/aumonerie-catholique-chu.fr\/wp-content\/uploads\/2025\/10\/ChatGPT-Image-18-oct.-2025-14_02_26-683x1024.jpg 683w, https:\/\/aumonerie-catholique-chu.fr\/wp-content\/uploads\/2025\/10\/ChatGPT-Image-18-oct.-2025-14_02_26-200x300.jpg 200w, https:\/\/aumonerie-catholique-chu.fr\/wp-content\/uploads\/2025\/10\/ChatGPT-Image-18-oct.-2025-14_02_26-768x1152.jpg 768w, https:\/\/aumonerie-catholique-chu.fr\/wp-content\/uploads\/2025\/10\/ChatGPT-Image-18-oct.-2025-14_02_26.jpg 1024w\" sizes=\"auto, (max-width: 683px) 100vw, 683px\" \/><\/figure>\n\n\n\n<div style=\"height:10px\" aria-hidden=\"true\" class=\"wp-block-spacer\"><\/div>\n\n\n\n<blockquote class=\"wp-block-quote is-layout-flow wp-block-quote-is-layout-flow\">\n<p>\u00ab\u00a0Priez les uns pour les autres afin d\u2019\u00eatre gu\u00e9ris. La supplication du juste agit avec beaucoup de force.\u00a0\u00bb (Jc 5,16)<\/p>\n<\/blockquote>\n\n\n\n<div style=\"height:10px\" aria-hidden=\"true\" class=\"wp-block-spacer\"><\/div>\n\n\n\n<p class=\"has-small-font-size\">Notre \u00e9quipe d&rsquo;aum\u00f4nerie, des personnes qui s&rsquo;unissent \u00e0 notre pri\u00e8re, ainsi que le monast\u00e8re des carm\u00e9lites de Talence prions \u00e0 toutes vos intentions. Chaque nom, message, personne, famille ou situation qui nous sont confi\u00e9s sont pr\u00e9sent\u00e9s au Seigneur et \u00e0 Notre Dame. Bien simplement, n&rsquo;h\u00e9sitez pas \u00e0 nous en faire part. <\/p>\n\n\n\n<p class=\"has-small-font-size\">Vous pouvez nous appeler :<\/p>\n\n\n\n<p class=\"has-base-2-color has-contrast-background-color has-text-color has-background has-link-color has-small-font-size wp-elements-39cb7c4aefc9911a985f836edb866675\" style=\"border-style:none;border-width:0px;border-radius:6px;padding-top:10px;padding-right:3rem;padding-bottom:10px;padding-left:3rem\"><a href=\"tel:+33557656175\">J&rsquo;appelle l&rsquo;aum\u00f4nerie<\/a><\/p>\n\n\n\n<div style=\"height:10px\" aria-hidden=\"true\" class=\"wp-block-spacer\"><\/div>\n\n\n\n<p class=\"has-small-font-size\">Vous pouvez aussi cliquer sur le bouton ci-dessous et remplir le formulaire suivant. Nous vous r\u00e9pondrons le plus rapidement possible.<\/p>\n\n\n\n<div class=\"wp-block-buttons is-layout-flex wp-block-buttons-is-layout-flex\">\n<div class=\"wp-block-button\"><a class=\"wp-block-button__link wp-element-button\" href=\"https:\/\/docs.google.com\/forms\/d\/e\/1FAIpQLSdeEFlfTvQ8VLPJIzWjTCvXkqldDNdnFF0w9WobIM0tdex2_A\/viewform?usp=header\" style=\"box-shadow:var(--wp--preset--shadow--natural)\">Vous pouvez ici nous confier votre intention<\/a><\/div>\n<\/div>\n","protected":false},"excerpt":{"rendered":"<p>\u00ab\u00a0Priez les uns pour les autres afin d\u2019\u00eatre gu\u00e9ris. La supplication du juste agit avec beaucoup de force.\u00a0\u00bb (Jc 5,16) Notre \u00e9quipe d&rsquo;aum\u00f4nerie, des personnes qui s&rsquo;unissent \u00e0 notre pri\u00e8re, ainsi que le monast\u00e8re des carm\u00e9lites de Talence prions \u00e0 toutes vos intentions. Chaque nom, message, personne, famille ou situation qui nous sont confi\u00e9s sont [&hellip;]<\/p>\n","protected":false},"author":1,"featured_media":0,"parent":0,"menu_order":0,"comment_status":"closed","ping_status":"closed","template":"","meta":{"footnotes":""},"class_list":["post-74","page","type-page","status-publish","hentry"],"_links":{"self":[{"href":"https:\/\/aumonerie-catholique-chu.fr\/index.php\/wp-json\/wp\/v2\/pages\/74","targetHints":{"allow":["GET"]}}],"collection":[{"href":"https:\/\/aumonerie-catholique-chu.fr\/index.php\/wp-json\/wp\/v2\/pages"}],"about":[{"href":"https:\/\/aumonerie-catholique-chu.fr\/index.php\/wp-json\/wp\/v2\/types\/page"}],"author":[{"embeddable":true,"href":"https:\/\/aumonerie-catholique-chu.fr\/index.php\/wp-json\/wp\/v2\/users\/1"}],"replies":[{"embeddable":true,"href":"https:\/\/aumonerie-catholique-chu.fr\/index.php\/wp-json\/wp\/v2\/comments?post=74"}],"version-history":[{"count":11,"href":"https:\/\/aumonerie-catholique-chu.fr\/index.php\/wp-json\/wp\/v2\/pages\/74\/revisions"}],"predecessor-version":[{"id":656,"href":"https:\/\/aumonerie-catholique-chu.fr\/index.php\/wp-json\/wp\/v2\/pages\/74\/revisions\/656"}],"wp:attachment":[{"href":"https:\/\/aumonerie-catholique-chu.fr\/index.php\/wp-json\/wp\/v2\/media?parent=74"}],"curies":[{"name":"wp","href":"https:\/\/api.w.org\/{rel}","templated":true}]}}