{"id":778,"date":"2025-10-25T17:54:23","date_gmt":"2025-10-25T17:54:23","guid":{"rendered":"https:\/\/aumonerie-catholique-chu.fr\/?page_id=778"},"modified":"2025-10-25T20:54:44","modified_gmt":"2025-10-25T20:54:44","slug":"les-oeuvres-de-misericorde-chemin-de-reparation","status":"publish","type":"page","link":"https:\/\/aumonerie-catholique-chu.fr\/index.php\/les-oeuvres-de-misericorde-chemin-de-reparation\/","title":{"rendered":"Les oeuvres de Mis\u00e9ricorde, chemin de r\u00e9paration"},"content":{"rendered":"\n<p class=\"has-small-font-size\">Les \u0153uvres de&nbsp;mis\u00e9ricorde&nbsp;sont les actions charitables par lesquelles nous venons en aide \u00e0 notre prochain dans ses besoins corporels et spirituels.<\/p>\n\n\n\n<ul class=\"wp-block-list\">\n<li class=\"has-small-font-size\">Les \u0153uvres de\u00a0mis\u00e9ricorde\u00a0\u00ab corporelles \u00bb sont issues de la\u00a0parabole\u00a0du Jugement dernier (Mt 25,31 ss) :\u00a0<em>\u00ab\u00a0Car j\u2019avais faim, et vous m\u2019avez donn\u00e9 \u00e0 manger ; j\u2019avais soif, et vous m\u2019avez donn\u00e9 \u00e0 boire ; j\u2019\u00e9tais un \u00e9tranger, et vous m\u2019avez accueilli ;\u00a0j\u2019\u00e9tais nu, et vous m\u2019avez habill\u00e9 ; j\u2019\u00e9tais malade, et vous m\u2019avez visit\u00e9 ; j\u2019\u00e9tais en prison, et vous \u00eates venus jusqu\u2019\u00e0 moi !\u00a0\u00bb<\/em><\/li>\n<\/ul>\n\n\n\n<figure class=\"wp-block-image aligncenter is-style-rounded is-style-rounded--1\"><img decoding=\"async\" src=\"https:\/\/eglise.catholique.fr\/wp-content\/uploads\/sites\/2\/2015\/12\/oeuvres-de-mis%C3%A9ricorde-corporelles-300x221.jpg\" alt=\"oeuvres de mis\u00e9ricorde corporelles\" class=\"wp-image-411578\" style=\"box-shadow:var(--wp--preset--shadow--natural)\"\/><\/figure>\n\n\n\n<div style=\"height:30px\" aria-hidden=\"true\" class=\"wp-block-spacer\"><\/div>\n\n\n\n<ul class=\"wp-block-list\">\n<li class=\"has-small-font-size\">Les \u0153uvres de\u00a0mis\u00e9ricorde\u00a0\u00ab spirituelles \u00bb nous ont \u00e9t\u00e9 transmises par une tradition qui trouve son origine dans les \u00e9crits des P\u00e8res de l\u2019Eglise et qui devient probablement d\u00e9finitive au cours du XIIe si\u00e8cle.<\/li>\n<\/ul>\n\n\n\n<figure class=\"wp-block-image aligncenter has-custom-border is-style-rounded is-style-rounded--2\" style=\"margin-top:var(--wp--preset--spacing--60);margin-bottom:var(--wp--preset--spacing--60)\"><img decoding=\"async\" src=\"https:\/\/eglise.catholique.fr\/wp-content\/uploads\/sites\/2\/2015\/12\/Donner-%C3%A0-manger-%C3%A0-ceux-qui-ont-faim-300x225.jpg\" alt=\"Donner \u00e0 manger \u00e0 ceux qui ont faim\" class=\"wp-image-411591\" style=\"border-style:none;border-width:0px;box-shadow:var(--wp--preset--shadow--natural)\"\/><\/figure>\n\n\n\n<div style=\"height:30px\" aria-hidden=\"true\" class=\"wp-block-spacer\"><\/div>\n\n\n\n<p>Ce que nous en dit le pape Fran\u00e7ois :<\/p>\n\n\n\n<p class=\"has-small-font-size\"><em>\u00ab J\u2019ai un grand d\u00e9sir que le peuple chr\u00e9tien r\u00e9fl\u00e9chisse durant le Jubil\u00e9 sur les \u0153uvres de&nbsp;mis\u00e9ricorde&nbsp;corporelles et spirituelles. Ce sera une fa\u00e7on de r\u00e9veiller notre conscience souvent endormie face au drame de la pauvret\u00e9, et de p\u00e9n\u00e9trer toujours davantage le coeur de l\u2019Evangile, o\u00f9 les pauvres sont les destinataires privil\u00e9gi\u00e9s de la&nbsp;mis\u00e9ricorde&nbsp;divine. La pr\u00e9dication de J\u00e9sus nous dresse le tableau de ces oeuvres de&nbsp;mis\u00e9ricorde, pour que nous puissions comprendre si nous vivons, oui ou non, comme ses disciples. Red\u00e9couvrons les oeuvres de&nbsp;mis\u00e9ricorde&nbsp;corporelles : donner \u00e0 manger aux affam\u00e9s, donner \u00e0 boire \u00e0 ceux qui ont soif, v\u00eatir ceux qui sont nus, accueillir les \u00e9trangers, assister les malades, visiter les prisonniers, ensevelir les morts. Et n\u2019oublions pas les oeuvres de&nbsp;mis\u00e9ricorde&nbsp;spirituelles : conseiller ceux qui sont dans le doute, enseigner les ignorants, avertir les p\u00e9cheurs, consoler les afflig\u00e9s, pardonner les offenses, supporter patiemment les personnes ennuyeuses, prier Dieu pour les vivants et pour les morts. \u00bb<\/em>&nbsp;<\/p>\n\n\n\n<p class=\"has-text-align-right has-small-font-size\">Pape Fran\u00e7ois, Bulle d\u2019indiction N\u00b015<\/p>\n\n\n\n<div class=\"wp-block-buttons is-layout-flex wp-block-buttons-is-layout-flex\">\n<div class=\"wp-block-button\"><a class=\"wp-block-button__link wp-element-button\" href=\"https:\/\/aumonerie-catholique-chu.fr\/index.php\/se-preparer-a-recevoir-labsolution\/\">retour<\/a><\/div>\n<\/div>\n","protected":false},"excerpt":{"rendered":"<p>Les \u0153uvres de&nbsp;mis\u00e9ricorde&nbsp;sont les actions charitables par lesquelles nous venons en aide \u00e0 notre prochain dans ses besoins corporels et spirituels. Ce que nous en dit le pape Fran\u00e7ois : \u00ab J\u2019ai un grand d\u00e9sir que le peuple chr\u00e9tien r\u00e9fl\u00e9chisse durant le Jubil\u00e9 sur les \u0153uvres de&nbsp;mis\u00e9ricorde&nbsp;corporelles et spirituelles. Ce sera une fa\u00e7on de r\u00e9veiller [&hellip;]<\/p>\n","protected":false},"author":1,"featured_media":0,"parent":0,"menu_order":0,"comment_status":"closed","ping_status":"closed","template":"","meta":{"footnotes":""},"class_list":["post-778","page","type-page","status-publish","hentry"],"_links":{"self":[{"href":"https:\/\/aumonerie-catholique-chu.fr\/index.php\/wp-json\/wp\/v2\/pages\/778","targetHints":{"allow":["GET"]}}],"collection":[{"href":"https:\/\/aumonerie-catholique-chu.fr\/index.php\/wp-json\/wp\/v2\/pages"}],"about":[{"href":"https:\/\/aumonerie-catholique-chu.fr\/index.php\/wp-json\/wp\/v2\/types\/page"}],"author":[{"embeddable":true,"href":"https:\/\/aumonerie-catholique-chu.fr\/index.php\/wp-json\/wp\/v2\/users\/1"}],"replies":[{"embeddable":true,"href":"https:\/\/aumonerie-catholique-chu.fr\/index.php\/wp-json\/wp\/v2\/comments?post=778"}],"version-history":[{"count":14,"href":"https:\/\/aumonerie-catholique-chu.fr\/index.php\/wp-json\/wp\/v2\/pages\/778\/revisions"}],"predecessor-version":[{"id":799,"href":"https:\/\/aumonerie-catholique-chu.fr\/index.php\/wp-json\/wp\/v2\/pages\/778\/revisions\/799"}],"wp:attachment":[{"href":"https:\/\/aumonerie-catholique-chu.fr\/index.php\/wp-json\/wp\/v2\/media?parent=778"}],"curies":[{"name":"wp","href":"https:\/\/api.w.org\/{rel}","templated":true}]}}