{"id":89,"date":"2025-10-12T14:17:43","date_gmt":"2025-10-12T14:17:43","guid":{"rendered":"https:\/\/aumonerie-catholique-chu.fr\/?page_id=89"},"modified":"2025-10-22T19:47:55","modified_gmt":"2025-10-22T19:47:55","slug":"prieres-fondamentales","status":"publish","type":"page","link":"https:\/\/aumonerie-catholique-chu.fr\/index.php\/prieres-fondamentales\/","title":{"rendered":"Pri\u00e8res fondamentales"},"content":{"rendered":"\n<div style=\"height:11px\" aria-hidden=\"true\" class=\"wp-block-spacer\"><\/div>\n\n\n\n<figure class=\"wp-block-image aligncenter size-full is-resized is-style-rounded is-style-rounded--1\"><img loading=\"lazy\" decoding=\"async\" width=\"1024\" height=\"1024\" src=\"https:\/\/aumonerie-catholique-chu.fr\/wp-content\/uploads\/2025\/10\/ChatGPT-Image-15-oct.-2025-10_18_45.jpg\" alt=\"\" class=\"wp-image-248\" style=\"box-shadow:var(--wp--preset--shadow--natural);width:190px\" srcset=\"https:\/\/aumonerie-catholique-chu.fr\/wp-content\/uploads\/2025\/10\/ChatGPT-Image-15-oct.-2025-10_18_45.jpg 1024w, https:\/\/aumonerie-catholique-chu.fr\/wp-content\/uploads\/2025\/10\/ChatGPT-Image-15-oct.-2025-10_18_45-300x300.jpg 300w, https:\/\/aumonerie-catholique-chu.fr\/wp-content\/uploads\/2025\/10\/ChatGPT-Image-15-oct.-2025-10_18_45-150x150.jpg 150w, https:\/\/aumonerie-catholique-chu.fr\/wp-content\/uploads\/2025\/10\/ChatGPT-Image-15-oct.-2025-10_18_45-768x768.jpg 768w\" sizes=\"auto, (max-width: 1024px) 100vw, 1024px\" \/><\/figure>\n\n\n\n<p class=\"has-text-align-center has-medium-font-size\"><em>Au nom du P\u00e8re, et du Fils, et du Saint Esprit. Amen.<\/em><\/p>\n\n\n\n<hr class=\"wp-block-separator has-alpha-channel-opacity\"\/>\n\n\n\n<div style=\"height:20px\" aria-hidden=\"true\" class=\"wp-block-spacer\"><\/div>\n\n\n\n<figure class=\"wp-block-image aligncenter size-large is-resized is-style-rounded is-style-rounded--2\"><img loading=\"lazy\" decoding=\"async\" width=\"683\" height=\"1024\" src=\"https:\/\/aumonerie-catholique-chu.fr\/wp-content\/uploads\/2025\/10\/Icone-religieuse_-Jesus-Christ-en-benediction-683x1024.jpg\" alt=\"\" class=\"wp-image-253\" style=\"box-shadow:var(--wp--preset--shadow--natural);width:190px\" srcset=\"https:\/\/aumonerie-catholique-chu.fr\/wp-content\/uploads\/2025\/10\/Icone-religieuse_-Jesus-Christ-en-benediction-683x1024.jpg 683w, https:\/\/aumonerie-catholique-chu.fr\/wp-content\/uploads\/2025\/10\/Icone-religieuse_-Jesus-Christ-en-benediction-200x300.jpg 200w, https:\/\/aumonerie-catholique-chu.fr\/wp-content\/uploads\/2025\/10\/Icone-religieuse_-Jesus-Christ-en-benediction-768x1152.jpg 768w, https:\/\/aumonerie-catholique-chu.fr\/wp-content\/uploads\/2025\/10\/Icone-religieuse_-Jesus-Christ-en-benediction.jpg 1024w\" sizes=\"auto, (max-width: 683px) 100vw, 683px\" \/><\/figure>\n\n\n\n<p class=\"has-text-align-center has-small-font-size\"><strong><a href=\"https:\/\/www.vatican.va\/archive\/FRA0013\/__P9X.HTM\">Notre<\/a> <a href=\"https:\/\/www.vatican.va\/archive\/FRA0013\/__P9W.HTM\">P\u00e8re<\/a>,<\/strong> <a href=\"https:\/\/www.vatican.va\/archive\/FRA0013\/__P9Y.HTM\">qui es aux cieux<\/a>,<br><a href=\"https:\/\/www.vatican.va\/archive\/FRA0013\/__PA1.HTM\">que ton nom soit sanctifi\u00e9<\/a>,<br><a href=\"https:\/\/www.vatican.va\/archive\/FRA0013\/__PA2.HTM\">que ton r\u00e8gne vienne<\/a>,<br><a href=\"https:\/\/www.vatican.va\/archive\/FRA0013\/__PA3.HTM\">que ta volont\u00e9 soit faite sur la terre comme au ciel.<\/a><br><a href=\"https:\/\/www.vatican.va\/archive\/FRA0013\/__PA4.HTM\">Donne-nous aujourd\u2019hui notre pain de ce jour<\/a>.<br><a href=\"https:\/\/www.vatican.va\/archive\/FRA0013\/__PA5.HTM\">Pardonne-nous nos offenses<\/a>,<br>comme nous pardonnons aussi \u00e0 ceux qui nous ont offens\u00e9s.<br><a href=\"https:\/\/www.vatican.va\/archive\/FRA0013\/__PA6.HTM\">Et ne nous laisse pas entrer en tentation<\/a><br><a href=\"https:\/\/www.vatican.va\/archive\/FRA0013\/__PA7.HTM\">mais d\u00e9livre-nous du Mal<\/a>.<\/p>\n\n\n\n<p class=\"has-text-align-center has-small-font-size\"><a href=\"https:\/\/www.vatican.va\/archive\/FRA0013\/__P2N.HTM\">Amen.<\/a><\/p>\n\n\n\n<hr class=\"wp-block-separator has-alpha-channel-opacity\"\/>\n\n\n\n<div style=\"height:20px\" aria-hidden=\"true\" class=\"wp-block-spacer\"><\/div>\n\n\n\n<figure class=\"wp-block-image aligncenter size-full is-resized is-style-rounded is-style-rounded--3\"><img loading=\"lazy\" decoding=\"async\" width=\"1024\" height=\"1024\" src=\"https:\/\/aumonerie-catholique-chu.fr\/wp-content\/uploads\/2025\/10\/ChatGPT-Image-14-oct.-2025-23_04_02.jpg\" alt=\"\" class=\"wp-image-242\" style=\"box-shadow:var(--wp--preset--shadow--natural);width:190px\" srcset=\"https:\/\/aumonerie-catholique-chu.fr\/wp-content\/uploads\/2025\/10\/ChatGPT-Image-14-oct.-2025-23_04_02.jpg 1024w, https:\/\/aumonerie-catholique-chu.fr\/wp-content\/uploads\/2025\/10\/ChatGPT-Image-14-oct.-2025-23_04_02-300x300.jpg 300w, https:\/\/aumonerie-catholique-chu.fr\/wp-content\/uploads\/2025\/10\/ChatGPT-Image-14-oct.-2025-23_04_02-150x150.jpg 150w, https:\/\/aumonerie-catholique-chu.fr\/wp-content\/uploads\/2025\/10\/ChatGPT-Image-14-oct.-2025-23_04_02-768x768.jpg 768w\" sizes=\"auto, (max-width: 1024px) 100vw, 1024px\" \/><\/figure>\n\n\n\n<p class=\"has-text-align-center has-small-font-size\"><strong>Je vous salue Marie,<\/strong> pleine de gr\u00e2ce ;<br>Le Seigneur est avec vous.<br>Vous \u00eates b\u00e9nie entre toutes les femmes<br>Et J\u00e9sus, le fruit de vos entrailles, est b\u00e9ni.<br>Sainte Marie, M\u00e8re de Dieu,<br>Priez pour nous pauvres p\u00e9cheurs,<br>Maintenant et \u00e0 l\u2019heure de notre mort.<\/p>\n\n\n\n<p class=\"has-text-align-center has-small-font-size\"><a href=\"https:\/\/www.vatican.va\/archive\/FRA0013\/__P2N.HTM\">Amen.<\/a><\/p>\n\n\n\n<hr class=\"wp-block-separator has-alpha-channel-opacity\"\/>\n\n\n\n<div style=\"height:20px\" aria-hidden=\"true\" class=\"wp-block-spacer\"><\/div>\n\n\n\n<figure class=\"wp-block-image aligncenter size-large is-resized is-style-rounded is-style-rounded--4\"><img loading=\"lazy\" decoding=\"async\" width=\"683\" height=\"1024\" src=\"https:\/\/aumonerie-catholique-chu.fr\/wp-content\/uploads\/2025\/10\/ChatGPT-Image-15-oct.-2025-10_31_48-683x1024.jpg\" alt=\"\" class=\"wp-image-250\" style=\"box-shadow:var(--wp--preset--shadow--natural);width:190px\" srcset=\"https:\/\/aumonerie-catholique-chu.fr\/wp-content\/uploads\/2025\/10\/ChatGPT-Image-15-oct.-2025-10_31_48-683x1024.jpg 683w, https:\/\/aumonerie-catholique-chu.fr\/wp-content\/uploads\/2025\/10\/ChatGPT-Image-15-oct.-2025-10_31_48-200x300.jpg 200w, https:\/\/aumonerie-catholique-chu.fr\/wp-content\/uploads\/2025\/10\/ChatGPT-Image-15-oct.-2025-10_31_48-768x1152.jpg 768w, https:\/\/aumonerie-catholique-chu.fr\/wp-content\/uploads\/2025\/10\/ChatGPT-Image-15-oct.-2025-10_31_48.jpg 1024w\" sizes=\"auto, (max-width: 683px) 100vw, 683px\" \/><\/figure>\n\n\n\n<p class=\"has-text-align-center has-small-font-size\"><strong><a href=\"https:\/\/www.vatican.va\/archive\/FRA0013\/__P17.HTM\">Je crois en Dieu,<\/a><\/strong> <a href=\"https:\/\/www.vatican.va\/archive\/FRA0013\/__P18.HTM\">le P\u00e8re<\/a> <a href=\"https:\/\/www.vatican.va\/archive\/FRA0013\/__P19.HTM\">tout-puissant<\/a>,<br><a href=\"https:\/\/www.vatican.va\/archive\/FRA0013\/__P1A.HTM\">Cr\u00e9ateur<\/a> <a href=\"https:\/\/www.vatican.va\/archive\/FRA0013\/__P1B.HTM\">du ciel et de la terre<\/a>.<br><a href=\"https:\/\/www.vatican.va\/archive\/FRA0013\/__P1F.HTM\">Et en J\u00e9sus Christ, son Fils unique, notre Seigneur<\/a> ;<br><a href=\"https:\/\/www.vatican.va\/archive\/FRA0013\/__P1G.HTM\">qui a \u00e9t\u00e9 con\u00e7u du Saint Esprit, est n\u00e9 de la Vierge Marie<\/a>,<br><a href=\"https:\/\/www.vatican.va\/archive\/FRA0013\/__P1J.HTM\">a souffert sous Ponce Pilate, a \u00e9t\u00e9 crucifi\u00e9<\/a>,<br><a href=\"https:\/\/www.vatican.va\/archive\/FRA0013\/__P1L.HTM\">est mort<\/a> et<a href=\"https:\/\/www.vatican.va\/archive\/FRA0013\/__P1M.HTM\"> a \u00e9t\u00e9 enseveli<\/a>, <a href=\"https:\/\/www.vatican.va\/archive\/FRA0013\/__P1O.HTM\">est descendu aux enfers<\/a> ;<br><a href=\"https:\/\/www.vatican.va\/archive\/FRA0013\/__P1P.HTM\">le troisi\u00e8me jour est ressuscit\u00e9 des morts<\/a>,<br><a href=\"https:\/\/www.vatican.va\/archive\/FRA0013\/__P1Q.HTM\">est mont\u00e9 aux cieux, est assis \u00e0 la droite de Dieu le P\u00e8re tout-puissant<\/a>,<br><a href=\"https:\/\/www.vatican.va\/archive\/FRA0013\/__P1R.HTM\">d\u2019o\u00f9 il viendra juger les vivants et les morts<\/a>.<br><a href=\"https:\/\/www.vatican.va\/archive\/FRA0013\/__P1S.HTM\">Je crois en l\u2019Esprit Saint<\/a>,<a href=\"https:\/\/www.vatican.va\/archive\/FRA0013\/__P20.HTM\"> \u00e0 la sainte \u00c9glise catholique<\/a>, <a href=\"https:\/\/www.vatican.va\/archive\/FRA0013\/__P25.HTM\">\u00e0 la communion des saints<\/a>,<br><a href=\"https:\/\/www.vatican.va\/archive\/FRA0013\/__P28.HTM\">\u00e0 la r\u00e9mission des p\u00e9ch\u00e9s<\/a>, <a href=\"https:\/\/www.vatican.va\/archive\/FRA0013\/__P28.HTM\">\u00e0 la&nbsp;r\u00e9surrection&nbsp;de la chair,<\/a> <a href=\"https:\/\/www.vatican.va\/archive\/FRA0013\/__P2F.HTM\">\u00e0 la vie \u00e9ternelle<\/a>.<\/p>\n\n\n\n<p class=\"has-text-align-center has-small-font-size\"><a href=\"https:\/\/www.vatican.va\/archive\/FRA0013\/__P2N.HTM\">Amen.<\/a><\/p>\n\n\n\n<hr class=\"wp-block-separator has-alpha-channel-opacity\"\/>\n\n\n\n<div style=\"height:20px\" aria-hidden=\"true\" class=\"wp-block-spacer\"><\/div>\n\n\n\n<figure class=\"wp-block-image aligncenter size-full is-resized is-style-rounded is-style-rounded--5\"><img loading=\"lazy\" decoding=\"async\" width=\"1024\" height=\"1024\" src=\"https:\/\/aumonerie-catholique-chu.fr\/wp-content\/uploads\/2025\/10\/Lange-et-lenfant-guides.jpg\" alt=\"\" class=\"wp-image-239\" style=\"box-shadow:var(--wp--preset--shadow--natural);width:190px\" srcset=\"https:\/\/aumonerie-catholique-chu.fr\/wp-content\/uploads\/2025\/10\/Lange-et-lenfant-guides.jpg 1024w, https:\/\/aumonerie-catholique-chu.fr\/wp-content\/uploads\/2025\/10\/Lange-et-lenfant-guides-300x300.jpg 300w, https:\/\/aumonerie-catholique-chu.fr\/wp-content\/uploads\/2025\/10\/Lange-et-lenfant-guides-150x150.jpg 150w, https:\/\/aumonerie-catholique-chu.fr\/wp-content\/uploads\/2025\/10\/Lange-et-lenfant-guides-768x768.jpg 768w\" sizes=\"auto, (max-width: 1024px) 100vw, 1024px\" \/><\/figure>\n\n\n\n<p class=\"has-text-align-center has-small-font-size\" style=\"line-height:1.5\"><strong><a href=\"https:\/\/aumonerie-catholique-chu.fr\/index.php\/anges\/\" data-type=\"page\" data-id=\"235\">Ange de Dieu<\/a><\/strong> qui est mon gardien, et \u00e0 qui j&rsquo;ai \u00e9t\u00e9 confi\u00e9 par la Bont\u00e9 divine, \u00e9claire-moi, d\u00e9fends-moi, conduis-moi et dirige-moi. <a href=\"https:\/\/www.vatican.va\/archive\/FRA0013\/__P2N.HTM\">Amen.<\/a><\/p>\n\n\n\n<div class=\"wp-block-buttons is-layout-flex wp-block-buttons-is-layout-flex\">\n<div class=\"wp-block-button\"><a class=\"wp-block-button__link wp-element-button\" href=\"https:\/\/aumonerie-catholique-chu.fr\/index.php\/la-bonne-priere\/\">Retour<\/a><\/div>\n<\/div>\n","protected":false},"excerpt":{"rendered":"<p>Au nom du P\u00e8re, et du Fils, et du Saint Esprit. Amen. Notre P\u00e8re, qui es aux cieux,que ton nom soit sanctifi\u00e9,que ton r\u00e8gne vienne,que ta volont\u00e9 soit faite sur la terre comme au ciel.Donne-nous aujourd\u2019hui notre pain de ce jour.Pardonne-nous nos offenses,comme nous pardonnons aussi \u00e0 ceux qui nous ont offens\u00e9s.Et ne nous laisse [&hellip;]<\/p>\n","protected":false},"author":1,"featured_media":0,"parent":0,"menu_order":0,"comment_status":"closed","ping_status":"closed","template":"","meta":{"footnotes":""},"class_list":["post-89","page","type-page","status-publish","hentry"],"_links":{"self":[{"href":"https:\/\/aumonerie-catholique-chu.fr\/index.php\/wp-json\/wp\/v2\/pages\/89","targetHints":{"allow":["GET"]}}],"collection":[{"href":"https:\/\/aumonerie-catholique-chu.fr\/index.php\/wp-json\/wp\/v2\/pages"}],"about":[{"href":"https:\/\/aumonerie-catholique-chu.fr\/index.php\/wp-json\/wp\/v2\/types\/page"}],"author":[{"embeddable":true,"href":"https:\/\/aumonerie-catholique-chu.fr\/index.php\/wp-json\/wp\/v2\/users\/1"}],"replies":[{"embeddable":true,"href":"https:\/\/aumonerie-catholique-chu.fr\/index.php\/wp-json\/wp\/v2\/comments?post=89"}],"version-history":[{"count":24,"href":"https:\/\/aumonerie-catholique-chu.fr\/index.php\/wp-json\/wp\/v2\/pages\/89\/revisions"}],"predecessor-version":[{"id":588,"href":"https:\/\/aumonerie-catholique-chu.fr\/index.php\/wp-json\/wp\/v2\/pages\/89\/revisions\/588"}],"wp:attachment":[{"href":"https:\/\/aumonerie-catholique-chu.fr\/index.php\/wp-json\/wp\/v2\/media?parent=89"}],"curies":[{"name":"wp","href":"https:\/\/api.w.org\/{rel}","templated":true}]}}