{"id":90,"date":"2025-10-12T14:17:31","date_gmt":"2025-10-12T14:17:31","guid":{"rendered":"https:\/\/aumonerie-catholique-chu.fr\/?page_id=90"},"modified":"2025-10-22T19:45:20","modified_gmt":"2025-10-22T19:45:20","slug":"priere-pour-les-malades","status":"publish","type":"page","link":"https:\/\/aumonerie-catholique-chu.fr\/index.php\/priere-pour-les-malades\/","title":{"rendered":"Pri\u00e8re pour les malades"},"content":{"rendered":"\n<div style=\"height:20px\" aria-hidden=\"true\" class=\"wp-block-spacer\"><\/div>\n\n\n\n<figure class=\"wp-block-image aligncenter size-large is-resized is-style-rounded is-style-rounded--1\"><a href=\"https:\/\/www.lourdes-france.com\/lourdesplus\/#\"><img loading=\"lazy\" decoding=\"async\" width=\"683\" height=\"1024\" src=\"https:\/\/aumonerie-catholique-chu.fr\/wp-content\/uploads\/2025\/10\/ChatGPT-Image-17-oct.-2025-13_49_03-683x1024.jpg\" alt=\"\" class=\"wp-image-309\" style=\"box-shadow:var(--wp--preset--shadow--natural);width:190px\" srcset=\"https:\/\/aumonerie-catholique-chu.fr\/wp-content\/uploads\/2025\/10\/ChatGPT-Image-17-oct.-2025-13_49_03-683x1024.jpg 683w, https:\/\/aumonerie-catholique-chu.fr\/wp-content\/uploads\/2025\/10\/ChatGPT-Image-17-oct.-2025-13_49_03-200x300.jpg 200w, https:\/\/aumonerie-catholique-chu.fr\/wp-content\/uploads\/2025\/10\/ChatGPT-Image-17-oct.-2025-13_49_03-768x1152.jpg 768w, https:\/\/aumonerie-catholique-chu.fr\/wp-content\/uploads\/2025\/10\/ChatGPT-Image-17-oct.-2025-13_49_03.jpg 1024w\" sizes=\"auto, (max-width: 683px) 100vw, 683px\" \/><\/a><\/figure>\n\n\n\n<div style=\"height:30px\" aria-hidden=\"true\" class=\"wp-block-spacer\"><\/div>\n\n\n\n<p class=\"has-text-align-center has-medium-font-size\" style=\"line-height:0.5\">Vierge Marie,<\/p>\n\n\n\n<p class=\"has-text-align-center has-medium-font-size\" style=\"line-height:0.5\">M\u00e8re de Mis\u00e9ricorde,<\/p>\n\n\n\n<p class=\"has-text-align-center has-medium-font-size\" style=\"line-height:0.5\">c\u2019est avec confiance <\/p>\n\n\n\n<p class=\"has-text-align-center has-medium-font-size\" style=\"line-height:0.5\">que je tourne<\/p>\n\n\n\n<p class=\"has-text-align-center has-medium-font-size\" style=\"line-height:0.5\">vers Vous mon regard filial.<\/p>\n\n\n\n<p class=\"has-text-align-center has-medium-font-size\" style=\"line-height:0.5\">Je sais et je crois<\/p>\n\n\n\n<p class=\"has-text-align-center has-medium-font-size\" style=\"line-height:0.5\">que vous m\u2019accompagnez<\/p>\n\n\n\n<p class=\"has-text-align-center has-medium-font-size\" style=\"line-height:0.5\">dans mon \u00e9preuve,<\/p>\n\n\n\n<p class=\"has-text-align-center has-medium-font-size\" style=\"line-height:0.5\">comme vous l\u2019avez fait<\/p>\n\n\n\n<p class=\"has-text-align-center has-medium-font-size\" style=\"line-height:0.5\">pour J\u00e9sus, votre Fils,<\/p>\n\n\n\n<p class=\"has-text-align-center has-medium-font-size\" style=\"line-height:0.5\">sur le chemin du calvaire.<\/p>\n\n\n\n<p class=\"has-text-align-center has-medium-font-size\" style=\"line-height:0.5\">Quand ma croix sera trop lourde,<\/p>\n\n\n\n<p class=\"has-text-align-center has-medium-font-size\" style=\"line-height:0.5\">aidez-moi \u00e0 la porter<\/p>\n\n\n\n<p class=\"has-text-align-center has-medium-font-size\" style=\"line-height:0.5\">et \u00e0 ne pas perdre courage.<\/p>\n\n\n\n<p class=\"has-text-align-center has-medium-font-size\" style=\"line-height:0.5\">Vierge Marie, notre M\u00e8re<\/p>\n\n\n\n<p class=\"has-text-align-center has-medium-font-size\" style=\"line-height:0.5\">priez pour moi<\/p>\n\n\n\n<p class=\"has-text-align-center has-medium-font-size\" style=\"line-height:0.5\">ainsi que pour tous ceux<\/p>\n\n\n\n<p class=\"has-text-align-center has-medium-font-size\" style=\"line-height:0.5\">qui me manifestent leur affection.<\/p>\n\n\n\n<p class=\"has-text-align-center has-medium-font-size\" style=\"line-height:0.5\">Que par votre intercession,<\/p>\n\n\n\n<p class=\"has-text-align-center has-medium-font-size\" style=\"line-height:0.5\">J\u00e9sus votre Fils<\/p>\n\n\n\n<p class=\"has-text-align-center has-medium-font-size\" style=\"line-height:0.5\">nous comble de sa Paix<\/p>\n\n\n\n<p class=\"has-text-align-center has-medium-font-size\" style=\"line-height:0.5\">et nous garde dans l\u2019Esp\u00e9rance.<\/p>\n\n\n\n<p class=\"has-text-align-center has-medium-font-size\" style=\"line-height:0.5\">Amen.<\/p>\n\n\n\n<div class=\"wp-block-buttons is-layout-flex wp-block-buttons-is-layout-flex\">\n<div class=\"wp-block-button\"><a class=\"wp-block-button__link wp-element-button\" href=\"https:\/\/aumonerie-catholique-chu.fr\/index.php\/la-bonne-priere\/\">Retour<\/a><\/div>\n<\/div>\n","protected":false},"excerpt":{"rendered":"<p>Vierge Marie, M\u00e8re de Mis\u00e9ricorde, c\u2019est avec confiance que je tourne vers Vous mon regard filial. Je sais et je crois que vous m\u2019accompagnez dans mon \u00e9preuve, comme vous l\u2019avez fait pour J\u00e9sus, votre Fils, sur le chemin du calvaire. Quand ma croix sera trop lourde, aidez-moi \u00e0 la porter et \u00e0 ne pas perdre [&hellip;]<\/p>\n","protected":false},"author":1,"featured_media":0,"parent":0,"menu_order":0,"comment_status":"closed","ping_status":"closed","template":"","meta":{"footnotes":""},"class_list":["post-90","page","type-page","status-publish","hentry"],"_links":{"self":[{"href":"https:\/\/aumonerie-catholique-chu.fr\/index.php\/wp-json\/wp\/v2\/pages\/90","targetHints":{"allow":["GET"]}}],"collection":[{"href":"https:\/\/aumonerie-catholique-chu.fr\/index.php\/wp-json\/wp\/v2\/pages"}],"about":[{"href":"https:\/\/aumonerie-catholique-chu.fr\/index.php\/wp-json\/wp\/v2\/types\/page"}],"author":[{"embeddable":true,"href":"https:\/\/aumonerie-catholique-chu.fr\/index.php\/wp-json\/wp\/v2\/users\/1"}],"replies":[{"embeddable":true,"href":"https:\/\/aumonerie-catholique-chu.fr\/index.php\/wp-json\/wp\/v2\/comments?post=90"}],"version-history":[{"count":10,"href":"https:\/\/aumonerie-catholique-chu.fr\/index.php\/wp-json\/wp\/v2\/pages\/90\/revisions"}],"predecessor-version":[{"id":586,"href":"https:\/\/aumonerie-catholique-chu.fr\/index.php\/wp-json\/wp\/v2\/pages\/90\/revisions\/586"}],"wp:attachment":[{"href":"https:\/\/aumonerie-catholique-chu.fr\/index.php\/wp-json\/wp\/v2\/media?parent=90"}],"curies":[{"name":"wp","href":"https:\/\/api.w.org\/{rel}","templated":true}]}}