{"id":91,"date":"2025-10-12T14:16:33","date_gmt":"2025-10-12T14:16:33","guid":{"rendered":"https:\/\/aumonerie-catholique-chu.fr\/?page_id=91"},"modified":"2025-10-22T19:42:01","modified_gmt":"2025-10-22T19:42:01","slug":"priere-de-consolation","status":"publish","type":"page","link":"https:\/\/aumonerie-catholique-chu.fr\/index.php\/priere-de-consolation\/","title":{"rendered":"Pri\u00e8re de consolation"},"content":{"rendered":"\n<div style=\"height:30px\" aria-hidden=\"true\" class=\"wp-block-spacer\"><\/div>\n\n\n\n<figure class=\"wp-block-image aligncenter size-large is-resized is-style-rounded is-style-rounded--1\"><a href=\"https:\/\/www.vocedipadrepio.com\/fr\/#\"><img loading=\"lazy\" decoding=\"async\" width=\"683\" height=\"1024\" src=\"https:\/\/aumonerie-catholique-chu.fr\/wp-content\/uploads\/2025\/10\/Icone-moderne-de-Saint-Padre-Pio-683x1024.jpg\" alt=\"\" class=\"wp-image-563\" style=\"box-shadow:var(--wp--preset--shadow--natural);width:190px\" srcset=\"https:\/\/aumonerie-catholique-chu.fr\/wp-content\/uploads\/2025\/10\/Icone-moderne-de-Saint-Padre-Pio-683x1024.jpg 683w, https:\/\/aumonerie-catholique-chu.fr\/wp-content\/uploads\/2025\/10\/Icone-moderne-de-Saint-Padre-Pio-200x300.jpg 200w, https:\/\/aumonerie-catholique-chu.fr\/wp-content\/uploads\/2025\/10\/Icone-moderne-de-Saint-Padre-Pio-768x1152.jpg 768w, https:\/\/aumonerie-catholique-chu.fr\/wp-content\/uploads\/2025\/10\/Icone-moderne-de-Saint-Padre-Pio.jpg 1024w\" sizes=\"auto, (max-width: 683px) 100vw, 683px\" \/><\/a><\/figure>\n\n\n\n<div style=\"height:30px\" aria-hidden=\"true\" class=\"wp-block-spacer\"><\/div>\n\n\n\n<p class=\"has-text-align-center has-heading-font-family has-large-font-size\">Reste avec moi, Seigneur J\u00e9sus !<\/p>\n\n\n\n<p class=\"has-small-font-size\">Reste avec moi, Seigneur, car j\u2019ai besoin de te savoir pr\u00e9sent pour ne pas t\u2019 oublier. Tu sais avec quelle facilit\u00e9 je t\u2019abandonne.<\/p>\n\n\n\n<p class=\"has-small-font-size\">Reste avec moi, Seigneur, parce que je suis faible et j\u2019ai besoin de ta force pour ne pas tomber si souvent.<\/p>\n\n\n\n<p class=\"has-small-font-size\">Reste avec moi, Seigneur, parce que tu es toute ma vie, et, sans Toi, je suis sans ferveur.<\/p>\n\n\n\n<p class=\"has-small-font-size\">Reste avec moi, Seigneur, parce que tu es ma lumi\u00e8re, et, sans Toi, je suis dans les t\u00e9n\u00e8bres.<\/p>\n\n\n\n<p class=\"has-small-font-size\">Reste avec moi, Seigneur, pour faire conna\u00eetre ta volont\u00e9.<\/p>\n\n\n\n<p class=\"has-small-font-size\">Reste avec moi, Seigneur, pour que puisse entendre ta voix et te suivre.<\/p>\n\n\n\n<p class=\"has-small-font-size\">Reste avec moi, Seigneur, parce que je d\u00e9sire t\u2019aimer davantage et \u00eatre toujours en ta pr\u00e9sence.<\/p>\n\n\n\n<p class=\"has-small-font-size\">Reste avec moi, Seigneur, si tu veux bien que je te sois toujours fid\u00e8le.<\/p>\n\n\n\n<p class=\"has-small-font-size\">Reste avec moi, Seigneur, parce que, si pauvre que soit mon \u00e2me, elle d\u00e9sire \u00eatre pour Toi un lieu de consolation, un nid d\u2019amour.<\/p>\n\n\n\n<p class=\"has-small-font-size\">Reste avec moi, Seigneur J\u00e9sus, parce qu\u2019il se fait tard et que le jour d\u00e9cline&#8230; c\u2019est \u00e0 dire que la vie passe, la mort, le jugement, l\u2019\u00e9ternit\u00e9 approchent et il est n\u00e9cessaire de refaire mes forces pour ne pas m\u2019arr\u00eater en chemin et, pour cela, j\u2019ai besoin de Toi. Il se fait tard et la mort approche. Je crains les t\u00e9n\u00e8bres, les tentations, les s\u00e9cheresses, les croix, les peines, et combien j\u2019ai besoin de Toi, mon J\u00e9sus, dans cette nuit de l\u2019exil.<\/p>\n\n\n\n<p class=\"has-small-font-size\">Reste avec moi, Seigneur, parce que, dans la nuit de cette vie et de ses dangers, j\u2019ai besoin de Toi. Fais que je puisse te reconna\u00eetre comme tes disciples \u00e0 la fraction du pain. Que la communion eucharistique soit la lumi\u00e8re qui dissipe les t\u00e9n\u00e8bres, la force qui me soutienne et l\u2019unique joie de mon c\u0153ur.<\/p>\n\n\n\n<p class=\"has-small-font-size\">Reste avec moi, Seigneur, parce qu\u2019\u00e0 l\u2019heure de la mort, je veux rester uni \u00e0 Toi, sinon par la communion, du moins par la gr\u00e2ce et l\u2019amour.<\/p>\n\n\n\n<p class=\"has-small-font-size\">Reste avec moi, Seigneur, je ne Te demande pas de consolations divines parce que je ne les m\u00e9rite pas, mais le don de ta pr\u00e9sence, oh&nbsp;! Oui, je te le demande.<\/p>\n\n\n\n<p class=\"has-small-font-size\">Reste avec moi, Seigneur, car tu as tout ce que je cherche&nbsp;: ton amour, ta gr\u00e2ce, ta volont\u00e9, ton C\u0153ur, ton Esprit. Je t\u2019aime et et ne demande pas d\u2019autre r\u00e9compense que de t\u2019aimer davantage d\u2019un amour ferme et sinc\u00e8re. Je veux t\u2019aimer de tout mon c\u0153ur sur la terre, pour continuer \u00e0 t\u2019aimer parfaitement durant toute l\u2019\u00e9ternit\u00e9.<\/p>\n\n\n\n<p class=\"has-small-font-size\">Ainsi-soit-il.<\/p>\n\n\n\n<p class=\"has-small-font-size\">(Saint Padre Pio)<\/p>\n\n\n\n<div class=\"wp-block-buttons is-layout-flex wp-block-buttons-is-layout-flex\">\n<div class=\"wp-block-button\"><a class=\"wp-block-button__link wp-element-button\" href=\"https:\/\/aumonerie-catholique-chu.fr\/index.php\/la-bonne-priere\/\">Retour<\/a><\/div>\n<\/div>\n","protected":false},"excerpt":{"rendered":"<p>Reste avec moi, Seigneur J\u00e9sus ! Reste avec moi, Seigneur, car j\u2019ai besoin de te savoir pr\u00e9sent pour ne pas t\u2019 oublier. Tu sais avec quelle facilit\u00e9 je t\u2019abandonne. Reste avec moi, Seigneur, parce que je suis faible et j\u2019ai besoin de ta force pour ne pas tomber si souvent. Reste avec moi, Seigneur, parce [&hellip;]<\/p>\n","protected":false},"author":1,"featured_media":0,"parent":0,"menu_order":0,"comment_status":"closed","ping_status":"closed","template":"","meta":{"footnotes":""},"class_list":["post-91","page","type-page","status-publish","hentry"],"_links":{"self":[{"href":"https:\/\/aumonerie-catholique-chu.fr\/index.php\/wp-json\/wp\/v2\/pages\/91","targetHints":{"allow":["GET"]}}],"collection":[{"href":"https:\/\/aumonerie-catholique-chu.fr\/index.php\/wp-json\/wp\/v2\/pages"}],"about":[{"href":"https:\/\/aumonerie-catholique-chu.fr\/index.php\/wp-json\/wp\/v2\/types\/page"}],"author":[{"embeddable":true,"href":"https:\/\/aumonerie-catholique-chu.fr\/index.php\/wp-json\/wp\/v2\/users\/1"}],"replies":[{"embeddable":true,"href":"https:\/\/aumonerie-catholique-chu.fr\/index.php\/wp-json\/wp\/v2\/comments?post=91"}],"version-history":[{"count":8,"href":"https:\/\/aumonerie-catholique-chu.fr\/index.php\/wp-json\/wp\/v2\/pages\/91\/revisions"}],"predecessor-version":[{"id":581,"href":"https:\/\/aumonerie-catholique-chu.fr\/index.php\/wp-json\/wp\/v2\/pages\/91\/revisions\/581"}],"wp:attachment":[{"href":"https:\/\/aumonerie-catholique-chu.fr\/index.php\/wp-json\/wp\/v2\/media?parent=91"}],"curies":[{"name":"wp","href":"https:\/\/api.w.org\/{rel}","templated":true}]}}