{"id":92,"date":"2025-10-12T14:16:20","date_gmt":"2025-10-12T14:16:20","guid":{"rendered":"https:\/\/aumonerie-catholique-chu.fr\/?page_id=92"},"modified":"2025-10-23T18:24:32","modified_gmt":"2025-10-23T18:24:32","slug":"priere-de-confiance","status":"publish","type":"page","link":"https:\/\/aumonerie-catholique-chu.fr\/index.php\/priere-de-confiance\/","title":{"rendered":"Pri\u00e8re de confiance&#8230;"},"content":{"rendered":"\n<p class=\"has-large-font-size\">&#8230; de Saint Bernard :<\/p>\n\n\n\n<figure class=\"wp-block-image aligncenter size-large is-resized is-style-rounded is-style-rounded--1\"><a href=\"https:\/\/www.monastic-euro.org\/ordres\/cisterciens\"><img loading=\"lazy\" decoding=\"async\" width=\"683\" height=\"1024\" src=\"https:\/\/aumonerie-catholique-chu.fr\/wp-content\/uploads\/2025\/10\/ChatGPT-Image-21-oct.-2025-22_27_19-683x1024.jpg\" alt=\"\" class=\"wp-image-557\" style=\"box-shadow:var(--wp--preset--shadow--natural);width:190px\" srcset=\"https:\/\/aumonerie-catholique-chu.fr\/wp-content\/uploads\/2025\/10\/ChatGPT-Image-21-oct.-2025-22_27_19-683x1024.jpg 683w, https:\/\/aumonerie-catholique-chu.fr\/wp-content\/uploads\/2025\/10\/ChatGPT-Image-21-oct.-2025-22_27_19-200x300.jpg 200w, https:\/\/aumonerie-catholique-chu.fr\/wp-content\/uploads\/2025\/10\/ChatGPT-Image-21-oct.-2025-22_27_19-768x1152.jpg 768w, https:\/\/aumonerie-catholique-chu.fr\/wp-content\/uploads\/2025\/10\/ChatGPT-Image-21-oct.-2025-22_27_19.jpg 1024w\" sizes=\"auto, (max-width: 683px) 100vw, 683px\" \/><\/a><\/figure>\n\n\n\n<p class=\"has-text-align-center has-small-font-size\">Souvenez-vous, \u00f4 tr\u00e8s mis\u00e9ricordieuse Vierge Marie, qu\u2019on n\u2019a jamais entendu dire qu\u2019aucun de ceux qui avaient eu recours \u00e0 votre protection, implor\u00e9 votre assistance,<br>r\u00e9clam\u00e9 votre secours, ait \u00e9t\u00e9 abandonn\u00e9. Anim\u00e9 d\u2019une pareille confiance, \u00f4 Vierge des vierges, \u00f4 ma M\u00e8re, je cours vers vous et, g\u00e9missant sous le poids de mes p\u00e9ch\u00e9s, je me prosterne \u00e0 vos pieds. \u00d4 M\u00e8re du Verbe, ne m\u00e9prisez pas mes pri\u00e8res, mais accueillez-les favorablement et daignez les exaucer. Amen.<\/p>\n\n\n\n<div style=\"height:30px\" aria-hidden=\"true\" class=\"wp-block-spacer\"><\/div>\n\n\n\n<p class=\"has-large-font-size\">&#8230; de Saint Charles de Foucault<\/p>\n\n\n\n<figure class=\"wp-block-image aligncenter size-full is-resized is-style-rounded is-style-rounded--2\"><a href=\"https:\/\/www.charlesdefoucauld.org\/fr\/biographie.php\"><img loading=\"lazy\" decoding=\"async\" width=\"893\" height=\"993\" src=\"https:\/\/aumonerie-catholique-chu.fr\/wp-content\/uploads\/2025\/10\/St-Charles-de-Foucault.jpg\" alt=\"\" class=\"wp-image-222\" style=\"box-shadow:var(--wp--preset--shadow--natural);width:190px\" srcset=\"https:\/\/aumonerie-catholique-chu.fr\/wp-content\/uploads\/2025\/10\/St-Charles-de-Foucault.jpg 893w, https:\/\/aumonerie-catholique-chu.fr\/wp-content\/uploads\/2025\/10\/St-Charles-de-Foucault-270x300.jpg 270w, https:\/\/aumonerie-catholique-chu.fr\/wp-content\/uploads\/2025\/10\/St-Charles-de-Foucault-768x854.jpg 768w\" sizes=\"auto, (max-width: 893px) 100vw, 893px\" \/><\/a><\/figure>\n\n\n\n<p class=\"has-text-align-center has-small-font-size\">Mon P\u00e8re, je m\u2019abandonne \u00e0 toi,<br>fais de moi ce qu\u2019il te plaira.<br>Quoi que tu fasses de moi, je te remercie.<\/p>\n\n\n\n<p class=\"has-text-align-center has-small-font-size\">Je suis pr\u00eat \u00e0 tout, j\u2019accepte tout.<br>Pourvu que ta volont\u00e9 se fasse en moi,<br>en toutes tes cr\u00e9atures,<br>je ne d\u00e9sire rien d\u2019autre, mon Dieu.<\/p>\n\n\n\n<p class=\"has-text-align-center has-small-font-size\">Je remets mon \u00e2me entre tes mains.<br>Je te la donne, mon Dieu, avec tout l\u2019amour de mon c\u0153ur,<br>parce que je t\u2019aime,<br>et que ce m\u2019est un besoin d\u2019amour de me donner,<br>de me remettre entre tes mains, sans mesure,<br>avec une infinie confiance,<br>car tu es mon P\u00e8re.<\/p>\n\n\n\n<div style=\"height:30px\" aria-hidden=\"true\" class=\"wp-block-spacer\"><\/div>\n\n\n\n<p class=\"has-large-font-size\">&#8230; de Saint Claude Lacolombi\u00e8re (1641-1682)<\/p>\n\n\n\n<figure class=\"wp-block-image aligncenter size-full is-resized is-style-rounded is-style-rounded--3\"><a href=\"https:\/\/sacrecoeur-paray.org\/saint-claude-la-colombiere\/\"><img loading=\"lazy\" decoding=\"async\" width=\"967\" height=\"1024\" src=\"https:\/\/aumonerie-catholique-chu.fr\/wp-content\/uploads\/2025\/10\/ChatGPT-Image-14-oct.-2025-22_18_12.jpg\" alt=\"\" class=\"wp-image-224\" style=\"box-shadow:var(--wp--preset--shadow--natural);width:190px\" srcset=\"https:\/\/aumonerie-catholique-chu.fr\/wp-content\/uploads\/2025\/10\/ChatGPT-Image-14-oct.-2025-22_18_12.jpg 967w, https:\/\/aumonerie-catholique-chu.fr\/wp-content\/uploads\/2025\/10\/ChatGPT-Image-14-oct.-2025-22_18_12-283x300.jpg 283w, https:\/\/aumonerie-catholique-chu.fr\/wp-content\/uploads\/2025\/10\/ChatGPT-Image-14-oct.-2025-22_18_12-768x813.jpg 768w\" sizes=\"auto, (max-width: 967px) 100vw, 967px\" \/><\/a><\/figure>\n\n\n\n<p class=\"has-small-font-size\"><em>\u00ab&nbsp;Mon Dieu, je suis si persuad\u00e9 que tu veilles sur ceux qui esp\u00e8rent en toi, et qu&rsquo;on ne peut manquer de rien quand on attend de toi toutes choses, que j&rsquo;ai r\u00e9solu de vivre \u00e0 l&rsquo;avenir sans aucun souci, et de me d\u00e9charger sur toi de toutes mes inqui\u00e9tudes&nbsp;: \u00ab&nbsp;Dans la paix, moi aussi, je me couche et je dors, car tu me donnes d&rsquo;habiter, Seigneur, seul, dans la confiance&nbsp;\u00bb (Ps. 4, 9). Les hommes peuvent me d\u00e9pouiller et des biens et de l&rsquo;honneur, les maladies peuvent m&rsquo;\u00f4ter les forces et les moyens de te servir, je puis m\u00eame perdre ta gr\u00e2ce par le p\u00e9ch\u00e9; mais jamais je ne perdrai mon esp\u00e9rance, je la conserverai jusqu&rsquo;au dernier moment de ma vie, et tous les d\u00e9mons de l&rsquo;enfer feront \u00e0 ce moment de vains efforts pour me l&rsquo;arracher&nbsp;: \u00ab&nbsp;Dans la paix, moi aussi, je me couche et je dors \u00bb. Certains peuvent attendre leur bonheur de leurs richesses ou de leurs talents, d&rsquo;autres s&rsquo;appuyer sur l&rsquo;innocence de leur vie, ou sur la rigueur de leurs p\u00e9nitences, ou sur le nombre de leurs aum\u00f4nes, ou sur la ferveur de leurs pri\u00e8res. Pour moi, Seigneur, toute ma confiance, c&rsquo;est ma confiance m\u00eame&nbsp;; cette confiance ne trompa jamais personne. Je suis donc assur\u00e9 que je serai \u00e9ternellement heureux, parce que j&rsquo;esp\u00e8re fermement de l&rsquo;\u00eatre, et que c&rsquo;est de toi, \u00f4 mon Dieu, que je l&rsquo;esp\u00e8re. Amen.\u00bb<\/em>&nbsp;<\/p>\n\n\n\n<div class=\"wp-block-buttons is-layout-flex wp-block-buttons-is-layout-flex\">\n<div class=\"wp-block-button\"><a class=\"wp-block-button__link wp-element-button\" href=\"https:\/\/aumonerie-catholique-chu.fr\/index.php\/la-bonne-priere\/\">Retour<\/a><\/div>\n<\/div>\n","protected":false},"excerpt":{"rendered":"<p>&#8230; de Saint Bernard : Souvenez-vous, \u00f4 tr\u00e8s mis\u00e9ricordieuse Vierge Marie, qu\u2019on n\u2019a jamais entendu dire qu\u2019aucun de ceux qui avaient eu recours \u00e0 votre protection, implor\u00e9 votre assistance,r\u00e9clam\u00e9 votre secours, ait \u00e9t\u00e9 abandonn\u00e9. Anim\u00e9 d\u2019une pareille confiance, \u00f4 Vierge des vierges, \u00f4 ma M\u00e8re, je cours vers vous et, g\u00e9missant sous le poids de [&hellip;]<\/p>\n","protected":false},"author":1,"featured_media":0,"parent":0,"menu_order":0,"comment_status":"closed","ping_status":"closed","template":"","meta":{"footnotes":""},"class_list":["post-92","page","type-page","status-publish","hentry"],"_links":{"self":[{"href":"https:\/\/aumonerie-catholique-chu.fr\/index.php\/wp-json\/wp\/v2\/pages\/92","targetHints":{"allow":["GET"]}}],"collection":[{"href":"https:\/\/aumonerie-catholique-chu.fr\/index.php\/wp-json\/wp\/v2\/pages"}],"about":[{"href":"https:\/\/aumonerie-catholique-chu.fr\/index.php\/wp-json\/wp\/v2\/types\/page"}],"author":[{"embeddable":true,"href":"https:\/\/aumonerie-catholique-chu.fr\/index.php\/wp-json\/wp\/v2\/users\/1"}],"replies":[{"embeddable":true,"href":"https:\/\/aumonerie-catholique-chu.fr\/index.php\/wp-json\/wp\/v2\/comments?post=92"}],"version-history":[{"count":14,"href":"https:\/\/aumonerie-catholique-chu.fr\/index.php\/wp-json\/wp\/v2\/pages\/92\/revisions"}],"predecessor-version":[{"id":658,"href":"https:\/\/aumonerie-catholique-chu.fr\/index.php\/wp-json\/wp\/v2\/pages\/92\/revisions\/658"}],"wp:attachment":[{"href":"https:\/\/aumonerie-catholique-chu.fr\/index.php\/wp-json\/wp\/v2\/media?parent=92"}],"curies":[{"name":"wp","href":"https:\/\/api.w.org\/{rel}","templated":true}]}}