{"id":93,"date":"2025-10-12T14:17:04","date_gmt":"2025-10-12T14:17:04","guid":{"rendered":"https:\/\/aumonerie-catholique-chu.fr\/?page_id=93"},"modified":"2025-10-22T19:43:51","modified_gmt":"2025-10-22T19:43:51","slug":"priere-de-remerciement","status":"publish","type":"page","link":"https:\/\/aumonerie-catholique-chu.fr\/index.php\/priere-de-remerciement\/","title":{"rendered":"Pri\u00e8re de remerciement"},"content":{"rendered":"\n<p>Magnificat<\/p>\n\n\n\n<figure class=\"wp-block-image aligncenter size-full is-resized is-style-rounded is-style-rounded--1\"><img loading=\"lazy\" decoding=\"async\" width=\"1024\" height=\"1024\" src=\"https:\/\/aumonerie-catholique-chu.fr\/wp-content\/uploads\/2025\/10\/ChatGPT-Image-14-oct.-2025-22_40_25.jpg\" alt=\"\" class=\"wp-image-231\" style=\"box-shadow:var(--wp--preset--shadow--natural);width:190px\" srcset=\"https:\/\/aumonerie-catholique-chu.fr\/wp-content\/uploads\/2025\/10\/ChatGPT-Image-14-oct.-2025-22_40_25.jpg 1024w, https:\/\/aumonerie-catholique-chu.fr\/wp-content\/uploads\/2025\/10\/ChatGPT-Image-14-oct.-2025-22_40_25-300x300.jpg 300w, https:\/\/aumonerie-catholique-chu.fr\/wp-content\/uploads\/2025\/10\/ChatGPT-Image-14-oct.-2025-22_40_25-150x150.jpg 150w, https:\/\/aumonerie-catholique-chu.fr\/wp-content\/uploads\/2025\/10\/ChatGPT-Image-14-oct.-2025-22_40_25-768x768.jpg 768w\" sizes=\"auto, (max-width: 1024px) 100vw, 1024px\" \/><\/figure>\n\n\n\n<p class=\"has-small-font-size\">Mon \u00e2me exalte le Seigneur,<br>exulte mon esprit en Dieu, mon Sauveur !<\/p>\n\n\n\n<p class=\"has-small-font-size\"><br>Il s\u2019est pench\u00e9 sur son humble servante ;<br>d\u00e9sormais, tous les \u00e2ges me diront bienheureuse.<\/p>\n\n\n\n<p class=\"has-small-font-size\">Le Puissant fit pour moi des merveilles ;<br>Saint est son nom !<\/p>\n\n\n\n<p class=\"has-small-font-size\">Son amour s\u2019\u00e9tend d\u2019\u00e2ge en \u00e2ge<br>sur ceux qui le craignent.<\/p>\n\n\n\n<p class=\"has-small-font-size\">D\u00e9ployant la force de son bras, il disperse les superbes.<br>Il renverse les puissants de leurs tr\u00f4nes, il \u00e9l\u00e8ve les humbles.<\/p>\n\n\n\n<p class=\"has-small-font-size\">Il comble de biens les affam\u00e9s,<br>renvoie les riches les mains vides.<\/p>\n\n\n\n<p class=\"has-small-font-size\">Il rel\u00e8ve Isra\u00ebl son serviteur, il se souvient de son amour,<br>de la promesse faite \u00e0 nos p\u00e8res, en faveur d\u2019Abraham et de sa race, \u00e0 jamais.<\/p>\n\n\n\n<p class=\"has-small-font-size\">Gloire au P\u00e8re, et au Fils, et au Saint-Esprit,<br>pour les si\u00e8cles des si\u00e8cles.<br>Amen.<\/p>\n\n\n\n<div class=\"wp-block-buttons is-layout-flex wp-block-buttons-is-layout-flex\">\n<div class=\"wp-block-button\"><a class=\"wp-block-button__link wp-element-button\" href=\"https:\/\/aumonerie-catholique-chu.fr\/index.php\/la-bonne-priere\/\">Retour<\/a><\/div>\n<\/div>\n","protected":false},"excerpt":{"rendered":"<p>Magnificat Mon \u00e2me exalte le Seigneur,exulte mon esprit en Dieu, mon Sauveur ! Il s\u2019est pench\u00e9 sur son humble servante ;d\u00e9sormais, tous les \u00e2ges me diront bienheureuse. Le Puissant fit pour moi des merveilles ;Saint est son nom ! Son amour s\u2019\u00e9tend d\u2019\u00e2ge en \u00e2gesur ceux qui le craignent. D\u00e9ployant la force de son bras, [&hellip;]<\/p>\n","protected":false},"author":1,"featured_media":0,"parent":0,"menu_order":0,"comment_status":"closed","ping_status":"closed","template":"","meta":{"footnotes":""},"class_list":["post-93","page","type-page","status-publish","hentry"],"_links":{"self":[{"href":"https:\/\/aumonerie-catholique-chu.fr\/index.php\/wp-json\/wp\/v2\/pages\/93","targetHints":{"allow":["GET"]}}],"collection":[{"href":"https:\/\/aumonerie-catholique-chu.fr\/index.php\/wp-json\/wp\/v2\/pages"}],"about":[{"href":"https:\/\/aumonerie-catholique-chu.fr\/index.php\/wp-json\/wp\/v2\/types\/page"}],"author":[{"embeddable":true,"href":"https:\/\/aumonerie-catholique-chu.fr\/index.php\/wp-json\/wp\/v2\/users\/1"}],"replies":[{"embeddable":true,"href":"https:\/\/aumonerie-catholique-chu.fr\/index.php\/wp-json\/wp\/v2\/comments?post=93"}],"version-history":[{"count":8,"href":"https:\/\/aumonerie-catholique-chu.fr\/index.php\/wp-json\/wp\/v2\/pages\/93\/revisions"}],"predecessor-version":[{"id":584,"href":"https:\/\/aumonerie-catholique-chu.fr\/index.php\/wp-json\/wp\/v2\/pages\/93\/revisions\/584"}],"wp:attachment":[{"href":"https:\/\/aumonerie-catholique-chu.fr\/index.php\/wp-json\/wp\/v2\/media?parent=93"}],"curies":[{"name":"wp","href":"https:\/\/api.w.org\/{rel}","templated":true}]}}